{"id":10764,"date":"2020-10-20T15:47:50","date_gmt":"2020-10-20T14:47:50","guid":{"rendered":"https:\/\/www.powertechsystems.eu\/list-of-distributors\/list-of-powertech-distributors-in-the-rest-of-the-world\/"},"modified":"2026-04-02T09:14:12","modified_gmt":"2026-04-02T08:14:12","slug":"liste-des-distributeurs-powertech-reste-du-monde","status":"publish","type":"page","link":"https:\/\/www.powertechsystems.eu\/fr\/list-of-distributors\/powertech-distributors-outside-europe\/","title":{"rendered":"Distributeurs hors Europe"},"content":{"rendered":"<div class=\"nav-wrapper\"><ul class=\"nav nav-uppercase nav-horizontal nav-size-small nav-pills text-center nav-center\"><li class=\"\"><a href=\"https:\/\/www.powertechsystems.eu\/fr\/list-of-distributors\/list-of-powertech-distributors-in-france\/\">Liste des distributeurs en FRANCE<\/a><\/li><li class=\"\"><a href=\"https:\/\/www.powertechsystems.eu\/fr\/list-of-distributors\/list-of-powertech-distributors-in-europe\/\">Liste des distributeurs en EUROPE<\/a><\/li><li class=\"active\"><a href=\"https:\/\/www.powertechsystems.eu\/fr\/list-of-distributors\/powertech-distributors-outside-europe\/\">Distributeurs hors Europe<\/a><\/li><\/ul><\/div>\n<em><font style=\"color:#E8E8E8;font-size:1px;\">Distributeurs PowerTech en dehors de l'Europe<\/font><\/em>\n<div class=\"su-heading su-heading-style-modern-1-dark su-heading-align-center\" id=\"\" style=\"font-size:20px;margin-bottom:20px\"><div class=\"su-heading-inner\"><h1>Liste des distributeurs hors Europe<\/h1><\/div><\/div>\n\n<div class=\"row\"  id=\"row-211845417\">\n\n \n\t<div id=\"col-40655039\" class=\"col medium-1 small-12 large-1\"  >\n\t\t\t\t<div class=\"col-inner\"  >\n\t\t\t\n\t\t\t\n<p><img decoding=\"async\" src=\"\/wp-content\/uploads\/sites\/2\/2026\/04\/israel-48x48-1.webp\" alt=\"PowerTech distributors outside Europe : ISRAEL\" width=\"40\" height=\"40\" class=\"size-thumbnail wp-image-10948\" \/><\/p>\n \t\t<\/div>\n\t\t\t\t\t<\/div>\n\n\t\n \n\t<div id=\"col-1646761665\" class=\"col medium-11 small-12 large-11\"  >\n\t\t\t\t<div class=\"col-inner\"  >\n\t\t\t\n\t\t\t\n\n<h2>ISRAEL<\/h2>\n\n \t\t<\/div>\n\t\t\t\t\t<\/div>\n\n\t\n\n<\/div>\n<hr>\n\n\n<div class=\"row\"  id=\"row-242177396\">\n\n \n\t<div id=\"col-1582862109\" class=\"col medium-7 small-12 large-7\"  >\n\t\t\t\t<div class=\"col-inner\"  >\n\t\t\t\n\t\t\t\n\n<h3>RAM N.S Technologies Ltd.<\/h3>\n<hr>\n<div><a href=\"javascript:;\" class=\"sue-icon sue-icon-no-url\" style=\"font-size:14px;color:#333333;margin:0px 15px 15px0px\" target=\"_self\"><i class=\"sui sui-home\" style=\"font-size:14px;line-height:14px;background:#eeeeee;color:#333333;-webkit-border-radius:256px;-moz-border-radius:256px;border-radius:256px;padding:6px\"><\/i><span class=\"sue-icon-text\">1 Hamasger St., P.O. Box 4383, Zone industrielle, Raanana 4365201, Isra\u00ebl<\/span><\/a><\/div>\n<div><a href=\"javascript:;\" class=\"sue-icon sue-icon-no-url\" style=\"font-size:14px;color:#333333;margin:0px 15px 15px 0px\" target=\"_self\"><i class=\"sui sui-phone-square\" style=\"font-size:14px;line-height:14px;background:#eeeeee;color:#333333;-webkit-border-radius:256px;-moz-border-radius:256px;border-radius:256px;padding:6px\"><\/i><span class=\"sue-icon-text\">+972 77 920 8111<\/span><\/a><\/div>\n<div><a href=\"javascript:;\" class=\"sue-icon sue-icon-no-url\" style=\"font-size:14px;color:#333333;margin:0px 15px 15px0px\" target=\"_self\"><i class=\"sui sui-envelope-open\" style=\"font-size:14px;line-height:14px;background:#eeeeee;color:#333333;-webkit-border-radius:256px;-moz-border-radius:256px;border-radius:256px;padding:6px\"><\/i><span class=\"sue-icon-text\">orenbaron@ram-tech.co.il<\/span><\/a><\/div>\n \t\t<\/div>\n\t\t\t\t\t<\/div>\n\n\t\n \n\t<div id=\"col-1152106974\" class=\"col medium-5 small-12 large-5\"  >\n\t\t\t\t<div class=\"col-inner\"  >\n\t\t\t\n\t\t\t\n<div class=\"su-gmap su-u-responsive-media-yes\"><iframe width=\"600\" height=\"200\" src=\"\/\/maps.google.com\/maps?q=RAM%20N.S%20Technologies%20Ltd.%2C%201%20Hamasger%20St.%2C%20P.O.%20Box%204383%2C%20Zone%20industrielle%2C%20Raanana%204365201%2C%20Isra%C3%ABl&amp;output=embed&amp;z=10\" title=\"\"><\/iframe><\/div>\n \t\t<\/div>\n\t\t\t\t\t<\/div>\n\n\t\n<\/div>\n\n<div class=\"row\"  id=\"row-1957915404\">\n\n \n\t<div id=\"col-1959806474\" class=\"col medium-1 small-12 large-1\"  >\n\t\t\t\t<div class=\"col-inner\"  >\n\t\t\t\n\t\t\t\n<p><img decoding=\"async\" src=\"\/wp-content\/uploads\/sites\/2\/2020\/10\/united-arab-emirates-48x48.webp\" alt=\"Distributeurs PowerTech hors Europe : EAU\" width=\"40\" height=\"40\" class=\"size-thumbnail wp-image-10948\" \/><\/p>\n \t\t<\/div>\n\t\t\t\t\t<\/div>\n\n\t\n \n\t<div id=\"col-1368596294\" class=\"col medium-11 small-12 large-11\"  >\n\t\t\t\t<div class=\"col-inner\"  >\n\t\t\t\n\t\t\t\n\n<h2>\u00c9MIRATS ARABES UNIS<\/h2>\n\n \t\t<\/div>\n\t\t\t\t\t<\/div>\n\n\t\n\n<\/div>\n<hr>\n\n\n<div class=\"row\"  id=\"row-169129261\">\n\n \n\t<div id=\"col-2141499848\" class=\"col medium-7 small-12 large-7\"  >\n\t\t\t\t<div class=\"col-inner\"  >\n\t\t\t\n\t\t\t\n\n<h3>DOTWORKZ Power Devices Trading LLC<\/h3>\n<hr>\n<div><a href=\"javascript:;\" class=\"sue-icon sue-icon-no-url\" style=\"font-size:14px;color:#333333;margin:0px 15px 15px0px\" target=\"_self\"><i class=\"sui sui-home\" style=\"font-size:14px;line-height:14px;background:#eeeeee;color:#333333;-webkit-border-radius:256px;-moz-border-radius:256px;border-radius:256px;padding:6px\"><\/i><span class=\"sue-icon-text\">R40.10\/2-36, Burjuman Metro Station, Al Hamriya, Bur Dubai, Dubai<\/span><\/a><\/div>\n<div><a href=\"javascript:;\" class=\"sue-icon sue-icon-no-url\" style=\"font-size:14px;color:#333333;margin:0px 15px 15px 0px\" target=\"_self\"><i class=\"sui sui-phone-square\" style=\"font-size:14px;line-height:14px;background:#eeeeee;color:#333333;-webkit-border-radius:256px;-moz-border-radius:256px;border-radius:256px;padding:6px\"><\/i><span class=\"sue-icon-text\">+971 506 486 984<\/span><\/a><\/div>\n<div><a href=\"javascript:;\" class=\"sue-icon sue-icon-no-url\" style=\"font-size:14px;color:#333333;margin:0px 15px 15px0px\" target=\"_self\"><i class=\"sui sui-envelope-open\" style=\"font-size:14px;line-height:14px;background:#eeeeee;color:#333333;-webkit-border-radius:256px;-moz-border-radius:256px;border-radius:256px;padding:6px\"><\/i><span class=\"sue-icon-text\">dotworkz.ae@gmail.com<\/span><\/a><\/div>\n \t\t<\/div>\n\t\t\t\t\t<\/div>\n\n\t\n \n\t<div id=\"col-1698815807\" class=\"col medium-5 small-12 large-5\"  >\n\t\t\t\t<div class=\"col-inner\"  >\n\t\t\t\n\t\t\t\n<div class=\"su-gmap su-u-responsive-media-yes\"><iframe width=\"600\" height=\"200\" src=\"\/\/maps.google.com\/maps?q=DOTWORKZ%2C%20R40.10%2F2-36%2C%20Burjuman%20Metro%20Station%2C%20Al%20Hamriya%2C%20Bur%20Dubai%2C%20Dubai%2C%20UAE&amp;output=embed&amp;z=10\" title=\"\"><\/iframe><\/div>\n \t\t<\/div>\n\t\t\t\t\t<\/div>\n\n\t\n<\/div>\n\n<div class=\"row\"  id=\"row-1868272370\">\n\n \n\t<div id=\"col-836969378\" class=\"col medium-7 small-12 large-7\"  >\n\t\t\t\t<div class=\"col-inner\"  >\n\t\t\t\n\t\t\t\n\n<h3>SPITAL GROUP<\/h3>\n<hr>\n<div><a href=\"javascript:;\" class=\"sue-icon sue-icon-no-url\" style=\"font-size:14px;color:#333333;margin:0px 15px 15px0px\" target=\"_self\"><i class=\"sui sui-home\" style=\"font-size:14px;line-height:14px;background:#eeeeee;color:#333333;-webkit-border-radius:256px;-moz-border-radius:256px;border-radius:256px;padding:6px\"><\/i><span class=\"sue-icon-text\">Corniche Road, Baynounah tower 2, 4th floor, Abu Dhabi<\/span><\/a><\/div>\n<div><a href=\"javascript:;\" class=\"sue-icon sue-icon-no-url\" style=\"font-size:14px;color:#333333;margin:0px 15px 15px 0px\" target=\"_self\"><i class=\"sui sui-phone-square\" style=\"font-size:14px;line-height:14px;background:#eeeeee;color:#333333;-webkit-border-radius:256px;-moz-border-radius:256px;border-radius:256px;padding:6px\"><\/i><span class=\"sue-icon-text\">+971 26 346 345<\/span><\/a><\/div>\n<div><a href=\"javascript:;\" class=\"sue-icon sue-icon-no-url\" style=\"font-size:14px;color:#333333;margin:0px 15px 15px0px\" target=\"_self\"><i class=\"sui sui-envelope-open\" style=\"font-size:14px;line-height:14px;background:#eeeeee;color:#333333;-webkit-border-radius:256px;-moz-border-radius:256px;border-radius:256px;padding:6px\"><\/i><span class=\"sue-icon-text\">nizar@spitalgroup.com<\/span><\/a><\/div>\n<div><a href=\"javascript:;\" class=\"sue-icon sue-icon-no-url\" style=\"font-size:14px;color:#333333;margin:0px 15px 15px 0px\" target=\"_self\"><i class=\"sui sui-globe-w\" style=\"font-size:14px;line-height:14px;background:#eeeeee;color:#333333;-webkit-border-radius:256px;-moz-border-radius:256px;border-radius:256px;padding:6px\"><\/i><span class=\"sue-icon-text\"><a href=\"https:\/\/www.spitalgroup.com\/\" rel=\"noopener\" target=\"_blank\">Site web<\/a><br \/>\n<\/span><\/a><\/div>\n\n \t\t<\/div>\n\t\t\t\t\t<\/div>\n\n\t\n \n\t<div id=\"col-489633156\" class=\"col medium-5 small-12 large-5\"  >\n\t\t\t\t<div class=\"col-inner\"  >\n\t\t\t\n\t\t\t\n\n<div class=\"su-gmap su-u-responsive-media-yes\"><iframe width=\"600\" height=\"200\" src=\"\/\/maps.google.com\/maps?q=SPITAL%2C%20Corniche%20Road%2C%20Baynounah%20tower%202%2C%20Abu%20Dhabi%2C%20UAE&amp;output=embed&amp;z=10\" title=\"\"><\/iframe><\/div>\n\n \t\t<\/div>\n\t\t\t\t\t<\/div>\n\n\t\n\n<\/div>\n\n<div class=\"su-divider su-divider-style-dotted\" style=\"margin:25px 0;border-width:2px;border-color:#999999\"><\/div>\n<div class=\"row\"  id=\"row-1320317787\">\n \n\t<div id=\"col-722125556\" class=\"col medium-1 small-12 large-1\"  >\n\t\t\t\t<div class=\"col-inner\"  >\n\t\t\t\n\t\t\t\n\n<p><img decoding=\"async\" src=\"\/wp-content\/uploads\/sites\/2\/2020\/10\/japan-48x48.webp\" alt=\"Distributeurs PowerTech hors Europe : Japon\" width=\"40\" height=\"40\" class=\"size-thumbnail wp-image-10948\" \/><\/p>\n\n \t\t<\/div>\n\t\t\t\t\t<\/div>\n\n\t\n \n\t<div id=\"col-967671807\" class=\"col medium-11 small-12 large-11\"  >\n\t\t\t\t<div class=\"col-inner\"  >\n\t\t\t\n\t\t\t\n\n<h2>JAPON<\/h2>\n\n \t\t<\/div>\n\t\t\t\t\t<\/div>\n\n\t\n<\/div>\n<hr>\n<div class=\"row\"  id=\"row-2066835633\">\n\n \n\t<div id=\"col-278428792\" class=\"col medium-7 small-12 large-7\"  >\n\t\t\t\t<div class=\"col-inner\"  >\n\t\t\t\n\t\t\t\n\n<h3>Saything Co, Ltd.<\/h3>\n<hr>\n<div><a href=\"javascript:;\" class=\"sue-icon sue-icon-no-url\" style=\"font-size:14px;color:#333333;margin:0px 15px 15px0px\" target=\"_self\"><i class=\"sui sui-home\" style=\"font-size:14px;line-height:14px;background:#eeeeee;color:#333333;-webkit-border-radius:256px;-moz-border-radius:256px;border-radius:256px;padding:6px\"><\/i><span class=\"sue-icon-text\">15-3-7F Iwai-cho, Hodogaya-ku, YokohamaKanagawa pref. 240-0023 Japon<\/span><\/a><\/div>\n<div><a href=\"javascript:;\" class=\"sue-icon sue-icon-no-url\" style=\"font-size:14px;color:#333333;margin:0px 15px 15px 0px\" target=\"_self\"><i class=\"sui sui-phone-square\" style=\"font-size:14px;line-height:14px;background:#eeeeee;color:#333333;-webkit-border-radius:256px;-moz-border-radius:256px;border-radius:256px;padding:6px\"><\/i><span class=\"sue-icon-text\">+81-45-342-0515<\/span><\/a><\/div>\n<div><a href=\"javascript:;\" class=\"sue-icon sue-icon-no-url\" style=\"font-size:14px;color:#333333;margin:0px 15px 15px0px\" target=\"_self\"><i class=\"sui sui-envelope-open\" style=\"font-size:14px;line-height:14px;background:#eeeeee;color:#333333;-webkit-border-radius:256px;-moz-border-radius:256px;border-radius:256px;padding:6px\"><\/i><span class=\"sue-icon-text\">webmaster@saything.co.jp<\/span><\/a><\/div>\n<div><a href=\"javascript:;\" class=\"sue-icon sue-icon-no-url\" style=\"font-size:14px;color:#333333;margin:0px 15px 15px 0px\" target=\"_self\"><i class=\"sui sui-globe-w\" style=\"font-size:14px;line-height:14px;background:#eeeeee;color:#333333;-webkit-border-radius:256px;-moz-border-radius:256px;border-radius:256px;padding:6px\"><\/i><span class=\"sue-icon-text\"><a href=\"http:\/\/www.saything.co.jp\/\" rel=\"noopener\" target=\"_blank\">Site web<\/a><br \/>\n<\/span><\/a><\/div>\n\n \t\t<\/div>\n\t\t\t\t\t<\/div>\n\n\t\n \n\t<div id=\"col-1684576210\" class=\"col medium-5 small-12 large-5\"  >\n\t\t\t\t<div class=\"col-inner\"  >\n\t\t\t\n\t\t\t\n\n<div class=\"su-gmap su-u-responsive-media-yes\"><iframe width=\"600\" height=\"200\" src=\"\/\/maps.google.com\/maps?q=Hodogaya-ku%2C%20Yokohama%2C%20Japan&amp;output=embed&amp;z=10\" title=\"\"><\/iframe><\/div>\n\n \t\t<\/div>\n\t\t\t\t\t<\/div>\n\n\t\n\n<\/div>\n<div class=\"row\"  id=\"row-614253386\">\n\n \n\t<div id=\"col-1957216630\" class=\"col large-12\"  >\n\t\t\t\t<div class=\"col-inner\"  >\n\t\t\t\n\t\t\t\n<div class=\"nav-wrapper\"><ul class=\"nav nav-uppercase nav-horizontal nav-size-small nav-pills text-center nav-center\"><li class=\"\"><a href=\"https:\/\/www.powertechsystems.eu\/fr\/list-of-distributors\/list-of-powertech-distributors-in-france\/\">Liste des distributeurs en FRANCE<\/a><\/li><li class=\"\"><a href=\"https:\/\/www.powertechsystems.eu\/fr\/list-of-distributors\/list-of-powertech-distributors-in-europe\/\">Liste des distributeurs en EUROPE<\/a><\/li><li class=\"active\"><a href=\"https:\/\/www.powertechsystems.eu\/fr\/list-of-distributors\/powertech-distributors-outside-europe\/\">Distributeurs hors Europe<\/a><\/li><\/ul><\/div>\n<div class=\"su-divider su-divider-style-dotted\" style=\"margin:40px 0;border-width:2px;border-color:#999999\"><\/div>\n<div class=\"sue-panel\" data-url=\"\" data-target=\"self\" style=\"background-color:#ffffff;color:#656363;border-radius:5px;-moz-border-radius:5px;-webkit-border-radius:5px;box-shadow:0px 0px 25px #e9e8e8;-moz-box-shadow:0px 0px 25px #e9e8e8;-webkit-box-shadow:0px 0px 25px #e9e8e8;border:1px solid #cccccc\"><div class=\"sue-panel-content sue-content-wrap\" style=\"padding:1px;text-align:center\"><span style=\"font-size:11px;font-weight: bold;\">Cette page et son contenu sont la propri\u00e9t\u00e9 exclusive de PowerTech Systems. Reproduction interdite sans autorisation.<\/span><\/div><\/div>\r\n\n \t\t<\/div>\n\t\t\t\t\t<\/div>\n\n\t\n\n<\/div>\n\t<div id=\"gap-359497848\" class=\"gap-element clearfix\" style=\"display:block; height:auto;\">\n\t\t\n<style>\n#gap-359497848 {\n  padding-top: 30px;\n}\n<\/style>\n\t<\/div>\n\t\n<font style=\"color:#E8E8E8;font-size:1px;\"><font style=\"color:#E8E8E8;font-size:1px;\">Distributeurs PowerTech en Europe<\/font><a href=\"\/fr\/liste-des-distributeurs-powertech-systems\/liste-des-distributeurs-powertech-en-europe\/\" rel=\"noopener\" target=\"_blank\">Distributeurs PowerTech en Europe<\/a><\/font>","protected":false},"excerpt":{"rendered":"<p>Distributeurs PowerTech hors Europe Distributeurs PowerTech en EuropeDistributeurs PowerTech en Europe<\/p>","protected":false},"author":1,"featured_media":0,"parent":10718,"menu_order":2,"comment_status":"closed","ping_status":"closed","template":"","meta":{"footnotes":""},"class_list":["post-10764","page","type-page","status-publish","hentry"],"yoast_head":"<!-- This site is optimized with the Yoast SEO plugin v27.6 - https:\/\/yoast.com\/product\/yoast-seo-wordpress\/ -->\n<title>Powertech Distributors outside Europe<\/title>\n<meta name=\"description\" content=\"Find authorized Powertech Distributors outside Europe. Explore a list of global distributors for all your power system needs.\" \/>\n<meta name=\"robots\" content=\"index, follow, max-snippet:-1, max-image-preview:large, max-video-preview:-1\" \/>\n<link rel=\"canonical\" href=\"https:\/\/www.powertechsystems.eu\/fr\/liste-des-distributeurs-powertech-systems\/liste-des-distributeurs-powertech-reste-du-monde\/\" \/>\n<meta property=\"og:locale\" content=\"fr_FR\" \/>\n<meta property=\"og:type\" content=\"article\" \/>\n<meta property=\"og:title\" content=\"Powertech Distributors outside Europe\" \/>\n<meta property=\"og:description\" content=\"Find authorized Powertech Distributors outside Europe. Explore a list of global distributors for all your power system needs.\" \/>\n<meta property=\"og:url\" content=\"https:\/\/www.powertechsystems.eu\/fr\/liste-des-distributeurs-powertech-systems\/liste-des-distributeurs-powertech-reste-du-monde\/\" \/>\n<meta property=\"og:site_name\" content=\"PowerTech Systems\" \/>\n<meta property=\"article:modified_time\" content=\"2026-04-02T08:14:12+00:00\" \/>\n<meta name=\"twitter:label1\" content=\"Dur\u00e9e de lecture estim\u00e9e\" \/>\n\t<meta name=\"twitter:data1\" content=\"3 minutes\" \/>\n<script type=\"application\/ld+json\" class=\"yoast-schema-graph\">{\"@context\":\"https:\\\/\\\/schema.org\",\"@graph\":[{\"@type\":\"WebPage\",\"@id\":\"https:\\\/\\\/www.powertechsystems.eu\\\/list-of-distributors\\\/powertech-distributors-outside-europe\\\/\",\"url\":\"https:\\\/\\\/www.powertechsystems.eu\\\/list-of-distributors\\\/powertech-distributors-outside-europe\\\/\",\"name\":\"Powertech Distributors outside Europe\",\"isPartOf\":{\"@id\":\"https:\\\/\\\/www.powertechsystems.eu\\\/#website\"},\"datePublished\":\"2020-10-20T14:47:50+00:00\",\"dateModified\":\"2026-04-02T08:14:12+00:00\",\"description\":\"Find authorized Powertech Distributors outside Europe. Explore a list of global distributors for all your power system needs.\",\"breadcrumb\":{\"@id\":\"https:\\\/\\\/www.powertechsystems.eu\\\/list-of-distributors\\\/powertech-distributors-outside-europe\\\/#breadcrumb\"},\"inLanguage\":\"fr-FR\",\"potentialAction\":[{\"@type\":\"ReadAction\",\"target\":[\"https:\\\/\\\/www.powertechsystems.eu\\\/list-of-distributors\\\/powertech-distributors-outside-europe\\\/\"]}]},{\"@type\":\"BreadcrumbList\",\"@id\":\"https:\\\/\\\/www.powertechsystems.eu\\\/list-of-distributors\\\/powertech-distributors-outside-europe\\\/#breadcrumb\",\"itemListElement\":[{\"@type\":\"ListItem\",\"position\":1,\"name\":\"List of distributors\",\"item\":\"https:\\\/\\\/www.powertechsystems.eu\\\/list-of-distributors\\\/\"},{\"@type\":\"ListItem\",\"position\":2,\"name\":\"Distributors outside Europe\"}]},{\"@type\":\"WebSite\",\"@id\":\"https:\\\/\\\/www.powertechsystems.eu\\\/#website\",\"url\":\"https:\\\/\\\/www.powertechsystems.eu\\\/\",\"name\":\"PowerTech Systems\",\"description\":\"Advanced Energy Storage Systems\",\"publisher\":{\"@id\":\"https:\\\/\\\/www.powertechsystems.eu\\\/#organization\"},\"potentialAction\":[{\"@type\":\"SearchAction\",\"target\":{\"@type\":\"EntryPoint\",\"urlTemplate\":\"https:\\\/\\\/www.powertechsystems.eu\\\/?s={search_term_string}\"},\"query-input\":{\"@type\":\"PropertyValueSpecification\",\"valueRequired\":true,\"valueName\":\"search_term_string\"}}],\"inLanguage\":\"fr-FR\"},{\"@type\":\"Organization\",\"@id\":\"https:\\\/\\\/www.powertechsystems.eu\\\/#organization\",\"name\":\"PowerTech Systems\",\"alternateName\":\"PowerTech Systems\",\"url\":\"https:\\\/\\\/www.powertechsystems.eu\\\/\",\"logo\":{\"@type\":\"ImageObject\",\"inLanguage\":\"fr-FR\",\"@id\":\"https:\\\/\\\/www.powertechsystems.eu\\\/#\\\/schema\\\/logo\\\/image\\\/\",\"url\":\"https:\\\/\\\/www.powertechsystems.eu\\\/wp-content\\\/uploads\\\/sites\\\/2\\\/2016\\\/09\\\/Logo-PTS.jpg\",\"contentUrl\":\"https:\\\/\\\/www.powertechsystems.eu\\\/wp-content\\\/uploads\\\/sites\\\/2\\\/2016\\\/09\\\/Logo-PTS.jpg\",\"width\":499,\"height\":500,\"caption\":\"PowerTech Systems\"},\"image\":{\"@id\":\"https:\\\/\\\/www.powertechsystems.eu\\\/#\\\/schema\\\/logo\\\/image\\\/\"},\"sameAs\":[\"https:\\\/\\\/www.linkedin.com\\\/company\\\/powertech-systems-sas\\\/\"]}]}<\/script>\n<!-- \/ Yoast SEO plugin. -->","yoast_head_json":{"title":"Distributeurs Powertech en dehors de l'Europe","description":"Trouvez les distributeurs agr\u00e9\u00e9s de Powertech en dehors de l'Europe. Explorez une liste de distributeurs mondiaux.","robots":{"index":"index","follow":"follow","max-snippet":"max-snippet:-1","max-image-preview":"max-image-preview:large","max-video-preview":"max-video-preview:-1"},"canonical":"https:\/\/www.powertechsystems.eu\/fr\/liste-des-distributeurs-powertech-systems\/liste-des-distributeurs-powertech-reste-du-monde\/","og_locale":"fr_FR","og_type":"article","og_title":"Powertech Distributors outside Europe","og_description":"Find authorized Powertech Distributors outside Europe. Explore a list of global distributors for all your power system needs.","og_url":"https:\/\/www.powertechsystems.eu\/fr\/liste-des-distributeurs-powertech-systems\/liste-des-distributeurs-powertech-reste-du-monde\/","og_site_name":"PowerTech Systems","article_modified_time":"2026-04-02T08:14:12+00:00","twitter_misc":{"Dur\u00e9e de lecture estim\u00e9e":"3 minutes"},"schema":{"@context":"https:\/\/schema.org","@graph":[{"@type":"WebPage","@id":"https:\/\/www.powertechsystems.eu\/list-of-distributors\/powertech-distributors-outside-europe\/","url":"https:\/\/www.powertechsystems.eu\/list-of-distributors\/powertech-distributors-outside-europe\/","name":"Distributeurs Powertech en dehors de l'Europe","isPartOf":{"@id":"https:\/\/www.powertechsystems.eu\/#website"},"datePublished":"2020-10-20T14:47:50+00:00","dateModified":"2026-04-02T08:14:12+00:00","description":"Trouvez les distributeurs agr\u00e9\u00e9s de Powertech en dehors de l'Europe. Explorez une liste de distributeurs mondiaux.","breadcrumb":{"@id":"https:\/\/www.powertechsystems.eu\/list-of-distributors\/powertech-distributors-outside-europe\/#breadcrumb"},"inLanguage":"fr-FR","potentialAction":[{"@type":"ReadAction","target":["https:\/\/www.powertechsystems.eu\/list-of-distributors\/powertech-distributors-outside-europe\/"]}]},{"@type":"BreadcrumbList","@id":"https:\/\/www.powertechsystems.eu\/list-of-distributors\/powertech-distributors-outside-europe\/#breadcrumb","itemListElement":[{"@type":"ListItem","position":1,"name":"List of distributors","item":"https:\/\/www.powertechsystems.eu\/list-of-distributors\/"},{"@type":"ListItem","position":2,"name":"Distributors outside Europe"}]},{"@type":"WebSite","@id":"https:\/\/www.powertechsystems.eu\/#website","url":"https:\/\/www.powertechsystems.eu\/","name":"PowerTech Systems","description":"Syst\u00e8mes avanc\u00e9s de stockage de l'\u00e9nergie","publisher":{"@id":"https:\/\/www.powertechsystems.eu\/#organization"},"potentialAction":[{"@type":"SearchAction","target":{"@type":"EntryPoint","urlTemplate":"https:\/\/www.powertechsystems.eu\/?s={search_term_string}"},"query-input":{"@type":"PropertyValueSpecification","valueRequired":true,"valueName":"search_term_string"}}],"inLanguage":"fr-FR"},{"@type":"Organization","@id":"https:\/\/www.powertechsystems.eu\/#organization","name":"PowerTech Systems","alternateName":"PowerTech Systems","url":"https:\/\/www.powertechsystems.eu\/","logo":{"@type":"ImageObject","inLanguage":"fr-FR","@id":"https:\/\/www.powertechsystems.eu\/#\/schema\/logo\/image\/","url":"https:\/\/www.powertechsystems.eu\/wp-content\/uploads\/sites\/2\/2016\/09\/Logo-PTS.jpg","contentUrl":"https:\/\/www.powertechsystems.eu\/wp-content\/uploads\/sites\/2\/2016\/09\/Logo-PTS.jpg","width":499,"height":500,"caption":"PowerTech Systems"},"image":{"@id":"https:\/\/www.powertechsystems.eu\/#\/schema\/logo\/image\/"},"sameAs":["https:\/\/www.linkedin.com\/company\/powertech-systems-sas\/"]}]}},"_links":{"self":[{"href":"https:\/\/www.powertechsystems.eu\/fr\/wp-json\/wp\/v2\/pages\/10764","targetHints":{"allow":["GET"]}}],"collection":[{"href":"https:\/\/www.powertechsystems.eu\/fr\/wp-json\/wp\/v2\/pages"}],"about":[{"href":"https:\/\/www.powertechsystems.eu\/fr\/wp-json\/wp\/v2\/types\/page"}],"author":[{"embeddable":true,"href":"https:\/\/www.powertechsystems.eu\/fr\/wp-json\/wp\/v2\/users\/1"}],"replies":[{"embeddable":true,"href":"https:\/\/www.powertechsystems.eu\/fr\/wp-json\/wp\/v2\/comments?post=10764"}],"version-history":[{"count":0,"href":"https:\/\/www.powertechsystems.eu\/fr\/wp-json\/wp\/v2\/pages\/10764\/revisions"}],"up":[{"embeddable":true,"href":"https:\/\/www.powertechsystems.eu\/fr\/wp-json\/wp\/v2\/pages\/10718"}],"wp:attachment":[{"href":"https:\/\/www.powertechsystems.eu\/fr\/wp-json\/wp\/v2\/media?parent=10764"}],"curies":[{"name":"wp","href":"https:\/\/api.w.org\/{rel}","templated":true}]}}