{"id":215,"date":"2015-08-16T18:33:56","date_gmt":"2015-08-16T17:33:56","guid":{"rendered":"https:\/\/www.powertechsystems.eu\/contact\/"},"modified":"2026-03-24T16:32:04","modified_gmt":"2026-03-24T15:32:04","slug":"contact","status":"publish","type":"page","link":"https:\/\/www.powertechsystems.eu\/fr\/contact\/","title":{"rendered":"CONTACT"},"content":{"rendered":"","protected":false},"excerpt":{"rendered":"","protected":false},"author":1,"featured_media":0,"parent":0,"menu_order":0,"comment_status":"closed","ping_status":"closed","template":"","meta":{"footnotes":""},"class_list":["post-215","page","type-page","status-publish","hentry"],"yoast_head":"<!-- This site is optimized with the Yoast SEO plugin v27.4 - https:\/\/yoast.com\/product\/yoast-seo-wordpress\/ -->\n<title>Contact - PowerTech Systems<\/title>\n<meta name=\"description\" content=\"Contact\" \/>\n<meta name=\"robots\" content=\"index, nofollow, max-snippet:-1, max-image-preview:large, max-video-preview:-1\" \/>\n<link rel=\"canonical\" href=\"https:\/\/www.powertechsystems.eu\/fr\/contact\/\" \/>\n<meta property=\"og:locale\" content=\"fr_FR\" \/>\n<meta property=\"og:type\" content=\"article\" \/>\n<meta property=\"og:title\" content=\"Contact - PowerTech Systems\" \/>\n<meta property=\"og:description\" content=\"Contact\" \/>\n<meta property=\"og:url\" content=\"https:\/\/www.powertechsystems.eu\/fr\/contact\/\" \/>\n<meta property=\"og:site_name\" content=\"PowerTech Systems\" \/>\n<meta property=\"article:modified_time\" content=\"2026-03-24T15:32:04+00:00\" \/>\n<script type=\"application\/ld+json\" class=\"yoast-schema-graph\">{\"@context\":\"https:\\\/\\\/schema.org\",\"@graph\":[{\"@type\":\"WebPage\",\"@id\":\"https:\\\/\\\/www.powertechsystems.eu\\\/contact\\\/\",\"url\":\"https:\\\/\\\/www.powertechsystems.eu\\\/contact\\\/\",\"name\":\"Contact - PowerTech Systems\",\"isPartOf\":{\"@id\":\"https:\\\/\\\/www.powertechsystems.eu\\\/#website\"},\"datePublished\":\"2015-08-16T17:33:56+00:00\",\"dateModified\":\"2026-03-24T15:32:04+00:00\",\"description\":\"Contact\",\"inLanguage\":\"fr-FR\",\"potentialAction\":[{\"@type\":\"ReadAction\",\"target\":[\"https:\\\/\\\/www.powertechsystems.eu\\\/contact\\\/\"]}]},{\"@type\":\"WebSite\",\"@id\":\"https:\\\/\\\/www.powertechsystems.eu\\\/#website\",\"url\":\"https:\\\/\\\/www.powertechsystems.eu\\\/\",\"name\":\"PowerTech Systems\",\"description\":\"Advanced Energy Storage Systems\",\"publisher\":{\"@id\":\"https:\\\/\\\/www.powertechsystems.eu\\\/#organization\"},\"potentialAction\":[{\"@type\":\"SearchAction\",\"target\":{\"@type\":\"EntryPoint\",\"urlTemplate\":\"https:\\\/\\\/www.powertechsystems.eu\\\/?s={search_term_string}\"},\"query-input\":{\"@type\":\"PropertyValueSpecification\",\"valueRequired\":true,\"valueName\":\"search_term_string\"}}],\"inLanguage\":\"fr-FR\"},{\"@type\":\"Organization\",\"@id\":\"https:\\\/\\\/www.powertechsystems.eu\\\/#organization\",\"name\":\"PowerTech Systems\",\"alternateName\":\"PowerTech Systems\",\"url\":\"https:\\\/\\\/www.powertechsystems.eu\\\/\",\"logo\":{\"@type\":\"ImageObject\",\"inLanguage\":\"fr-FR\",\"@id\":\"https:\\\/\\\/www.powertechsystems.eu\\\/#\\\/schema\\\/logo\\\/image\\\/\",\"url\":null,\"contentUrl\":null,\"width\":null,\"height\":null,\"caption\":\"PowerTech Systems\"},\"image\":{\"@id\":\"https:\\\/\\\/www.powertechsystems.eu\\\/#\\\/schema\\\/logo\\\/image\\\/\"},\"sameAs\":[\"https:\\\/\\\/www.linkedin.com\\\/company\\\/powertech-systems-sas\\\/\"]}]}<\/script>\n<!-- \/ Yoast SEO plugin. -->","yoast_head_json":{"title":"Contact - PowerTech Systems","description":"CONTACT","robots":{"index":"index","follow":"nofollow","max-snippet":"max-snippet:-1","max-image-preview":"max-image-preview:large","max-video-preview":"max-video-preview:-1"},"canonical":"https:\/\/www.powertechsystems.eu\/fr\/contact\/","og_locale":"fr_FR","og_type":"article","og_title":"Contact - PowerTech Systems","og_description":"Contact","og_url":"https:\/\/www.powertechsystems.eu\/fr\/contact\/","og_site_name":"PowerTech Systems","article_modified_time":"2026-03-24T15:32:04+00:00","schema":{"@context":"https:\/\/schema.org","@graph":[{"@type":"WebPage","@id":"https:\/\/www.powertechsystems.eu\/contact\/","url":"https:\/\/www.powertechsystems.eu\/contact\/","name":"Contact - PowerTech Systems","isPartOf":{"@id":"https:\/\/www.powertechsystems.eu\/#website"},"datePublished":"2015-08-16T17:33:56+00:00","dateModified":"2026-03-24T15:32:04+00:00","description":"CONTACT","inLanguage":"fr-FR","potentialAction":[{"@type":"ReadAction","target":["https:\/\/www.powertechsystems.eu\/contact\/"]}]},{"@type":"WebSite","@id":"https:\/\/www.powertechsystems.eu\/#website","url":"https:\/\/www.powertechsystems.eu\/","name":"PowerTech Systems","description":"Syst\u00e8mes avanc\u00e9s de stockage de l'\u00e9nergie","publisher":{"@id":"https:\/\/www.powertechsystems.eu\/#organization"},"potentialAction":[{"@type":"SearchAction","target":{"@type":"EntryPoint","urlTemplate":"https:\/\/www.powertechsystems.eu\/?s={search_term_string}"},"query-input":{"@type":"PropertyValueSpecification","valueRequired":true,"valueName":"search_term_string"}}],"inLanguage":"fr-FR"},{"@type":"Organization","@id":"https:\/\/www.powertechsystems.eu\/#organization","name":"PowerTech Systems","alternateName":"PowerTech Systems","url":"https:\/\/www.powertechsystems.eu\/","logo":{"@type":"ImageObject","inLanguage":"fr-FR","@id":"https:\/\/www.powertechsystems.eu\/#\/schema\/logo\/image\/","url":null,"contentUrl":null,"width":null,"height":null,"caption":"PowerTech Systems"},"image":{"@id":"https:\/\/www.powertechsystems.eu\/#\/schema\/logo\/image\/"},"sameAs":["https:\/\/www.linkedin.com\/company\/powertech-systems-sas\/"]}]}},"_links":{"self":[{"href":"https:\/\/www.powertechsystems.eu\/fr\/wp-json\/wp\/v2\/pages\/215","targetHints":{"allow":["GET"]}}],"collection":[{"href":"https:\/\/www.powertechsystems.eu\/fr\/wp-json\/wp\/v2\/pages"}],"about":[{"href":"https:\/\/www.powertechsystems.eu\/fr\/wp-json\/wp\/v2\/types\/page"}],"author":[{"embeddable":true,"href":"https:\/\/www.powertechsystems.eu\/fr\/wp-json\/wp\/v2\/users\/1"}],"replies":[{"embeddable":true,"href":"https:\/\/www.powertechsystems.eu\/fr\/wp-json\/wp\/v2\/comments?post=215"}],"version-history":[{"count":0,"href":"https:\/\/www.powertechsystems.eu\/fr\/wp-json\/wp\/v2\/pages\/215\/revisions"}],"wp:attachment":[{"href":"https:\/\/www.powertechsystems.eu\/fr\/wp-json\/wp\/v2\/media?parent=215"}],"curies":[{"name":"wp","href":"https:\/\/api.w.org\/{rel}","templated":true}]}}