{"id":2158,"date":"2016-05-19T18:23:34","date_gmt":"2016-05-19T17:23:34","guid":{"rendered":"\/?page_id=2158"},"modified":"2026-04-02T13:42:10","modified_gmt":"2026-04-02T12:42:10","slug":"12v-lithium-ion-starter-battery","status":"publish","type":"page","link":"https:\/\/www.powertechsystems.eu\/fr\/products\/12v-lithium-ion-starter-battery\/","title":{"rendered":"12V Lithium-Ion Starter Battery"},"content":{"rendered":"<h1>12V Lithium-Ion Start battery &#8211; PowerStart<\/h1>\n<div class=\"su-row\">\n<div class=\"su-column su-column-size-2-3\"><div class=\"su-column-inner su-u-clearfix su-u-trim\">\n<img decoding=\"async\" src=\"\/wp-content\/uploads\/sites\/2\/2016\/05\/PowerStart-V.png\" alt=\"PowerStart-V\" width=\"200\" class=\"aligncenter size-full wp-image-2256\" srcset=\"https:\/\/www.powertechsystems.eu\/wp-content\/uploads\/sites\/2\/2016\/05\/PowerStart-V.png 300w, https:\/\/www.powertechsystems.eu\/wp-content\/uploads\/sites\/2\/2016\/05\/PowerStart-V-18x12.png 18w\" sizes=\"(max-width: 300px) 100vw, 300px\" \/><\/p>\n<div class=\"su-box su-box-style-default my-su-box\" id=\"\" style=\"border-color:#112d51;border-radius:3px;max-width:none\"><div class=\"su-box-title\" style=\"background-color:#446084;color:#FFFFFF;border-top-left-radius:1px;border-top-right-radius:1px\">Faits marquants<\/div><div class=\"su-box-content su-u-clearfix su-u-trim\" style=\"border-bottom-left-radius:1px;border-bottom-right-radius:1px\">\n<ul>\n<li>12V starter battery &#8211; Lithium Iron Phosphate (LFP) cells<\/li>\n<li>Taille maximale du moteur : <strong>up to 6500cm3 \/ 400 cubic inches<\/strong><\/li>\n<li><strong>CCA (Cold Cranking Amp)<\/strong> : <strong>up 600A<\/strong><\/li>\n<li>3 LEDs State of Charge display<\/li>\n<li>Dur\u00e9e de vie \u00e9lev\u00e9e : des milliers de cycles (voir graphique)<\/li>\n<li><strong>Tr\u00e8s faible chute de tension<\/strong><\/li>\n<div class=\"su-custom-gallery su-custom-gallery-align-left su-custom-gallery-title-hover su-lightbox-gallery\"><div class=\"su-custom-gallery-slide\" style=\"width:200px;height:153px\"><a href=\"https:\/\/www.powertechsystems.eu\/wp-content\/uploads\/sites\/2\/2016\/05\/PowerStart-Graph.png\" title=\"PowerStart lithium-ion vs batterie de d\u00e9marrage conventionnelle\"><img decoding=\"async\" src=\"https:\/\/www.powertechsystems.eu\/wp-content\/uploads\/sites\/2\/2016\/05\/PowerStart-Graph-200x153.png\" alt=\"PowerStart lithium-ion vs batterie de d\u00e9marrage conventionnelle\" width=\"200\" height=\"153\" \/><span class=\"su-custom-gallery-title\">PowerStart lithium-ion vs batterie de d\u00e9marrage conventionnelle<\/span><\/a><\/div><div class=\"su-clear\"><\/div><\/div>\n<li>Chimie lithium-fer-phosphate ultra-s\u00fbre (pas d'emballement thermique, pas de risque d'incendie ou d'explosion)<\/li>\n<li>Jusqu'\u00e0 80 % plus l\u00e9g\u00e8re et 70% plus petite qu'une batterie plomb-acide classique.<\/li>\n<li>S\u00e9curit\u00e9 maximale avec <strong>Syst\u00e8me avanc\u00e9 de gestion de la batterie int\u00e9gr\u00e9<\/strong><\/li>\n<li>Surveillance de la temp\u00e9rature de la cellule et de la carte de circuit imprim\u00e9, du courant, de la tension, du SOC<\/li>\n<li>Pas de plomb, pas de m\u00e9tal lourd, pas d'\u00e9l\u00e9ment toxique.<\/li>\n<li>Dur\u00e9e de vie du calendrier &gt; 10 ans.<\/li>\n<li>Conception robuste dans un bo\u00eetier scell\u00e9 et \u00e9tanche (IP66)<\/li>\n<li>Temp\u00e9rature de fonctionnement en charge : 0\u00b0C \u00e0 +60\u00b0C<\/li>\n<li>Temp\u00e9rature de fonctionnement en d\u00e9charge : -15\u00b0C \u00e0 +60\u00b0C<\/li>\n<li>100% Sans entretien<\/li>\n<li>2 ans de garantie commerciale<\/li>\n<\/ul>\n<\/div><\/div>\n<p>La batterie de d\u00e9marrage PowerStart Lithium-Ion 12V est une batterie de d\u00e9marrage Lithium-Ion l\u00e9g\u00e8re. Elle offre un niveau de puissance tr\u00e8s \u00e9lev\u00e9 pour un d\u00e9marrage facile du moteur \u00e0 combustion interne.<br \/>\nLa batterie PowerStart int\u00e8gre des cellules lithium-phosphate de fer haute performance con\u00e7ues pour fournir un courant de d\u00e9charge extr\u00eame. <\/p>\n<p><strong>La batterie lithium-ion PowerStart a \u00e9t\u00e9 con\u00e7ue pour d\u00e9marrer des moteurs d'une cylindr\u00e9e allant jusqu'\u00e0 6500cm3 \/ 400 pouces cubes.<\/strong>. This cover a very large spectrum of applications (from light motorbike, Quads, Snowmobiles, Jet-ski, up to aeronautical power plants).<\/p>\n<p>Cette batterie est dot\u00e9e d'un syst\u00e8me de gestion de la batterie (BMS) int\u00e9gr\u00e9 pour un fonctionnement s\u00fbr et durable. <strong>Contrairement \u00e0 d'autres produits, ce circuit de protection n'est pas une simple carte d'\u00e9quilibrage<\/strong> Le syst\u00e8me de gestion de la batterie (BMS) permet un contr\u00f4le total de la batterie : <strong>surveillance de la haute et de la basse tension, \u00e9quilibrage, surintensit\u00e9, surchauffe<\/strong>, etc. <\/p>\n<p>PowerStart product line is designed to replace 12V lead-acid starter batteries for competition vehicles or high power applications. The battery is enclosed in a sealed ABS case, resistant to moisture and dust (IP66). <\/p>\n<p>Les syst\u00e8mes de batteries PowerStart sont des solutions l\u00e9g\u00e8res, fiables et respectueuses de l'environnement. Ces batteries peuvent remplacer directement les anciennes batteries au plomb-acide peu performantes (VRLA, AGM, etc.).\n<\/p>\n<\/div><\/div>\n<div class=\"su-column su-column-size-1-3\"><div class=\"su-column-inner su-u-clearfix su-u-trim\">\n<div class=\"su-box su-box-style-default my-su-box\" id=\"\" style=\"border-color:#112d51;border-radius:3px;max-width:none\"><div class=\"su-box-title\" style=\"background-color:#446084;color:#FFFFFF;border-top-left-radius:1px;border-top-right-radius:1px\">T\u00e9l\u00e9charger les sp\u00e9cifications du produit<\/div><div class=\"su-box-content su-u-clearfix su-u-trim\" style=\"border-bottom-left-radius:1px;border-bottom-right-radius:1px\">\n<h3>Download PowerStart Specs.<\/h3>\n<figure style=\"width: 200px\" class=\"wp-caption aligncenter\"><img decoding=\"async\" src=\"\/wp-content\/uploads\/sites\/2\/2016\/05\/PowerStart-Front.png\" alt=\"T\u00e9l\u00e9charger les sp\u00e9cifications du produit PowerStart\" width=\"200\" height=\"142\" class=\"\" \/><figcaption class=\"wp-caption-text\">T\u00e9l\u00e9charger les sp\u00e9cifications du produit PowerStart<\/figcaption><\/figure>\n<\/div><\/div>\n<\/div><\/div>\n<\/div>","protected":false},"excerpt":{"rendered":"<p>12V Lithium-Ion Start battery &#8211; PowerStart<\/p>","protected":false},"author":1,"featured_media":0,"parent":495,"menu_order":0,"comment_status":"closed","ping_status":"closed","template":"","meta":{"footnotes":""},"class_list":["post-2158","page","type-page","status-publish","hentry"],"yoast_head":"<!-- This site is optimized with the Yoast SEO plugin v27.4 - https:\/\/yoast.com\/product\/yoast-seo-wordpress\/ -->\n<title>PowerStart 12V Lithium-Ion Starter Battery<\/title>\n<meta name=\"description\" content=\"PowerStart 12V Lithium-Ion Starter Battery- high performance and lightweight Lithium Iron Phosphate battery with built-in BMS\" \/>\n<meta name=\"robots\" content=\"noindex, follow\" \/>\n<meta property=\"og:locale\" content=\"fr_FR\" \/>\n<meta property=\"og:type\" content=\"article\" \/>\n<meta property=\"og:title\" content=\"PowerStart 12V Lithium-Ion Starter Battery\" \/>\n<meta property=\"og:description\" content=\"PowerStart 12V Lithium-Ion Starter Battery- high performance and lightweight Lithium Iron Phosphate battery with built-in BMS\" \/>\n<meta property=\"og:url\" content=\"https:\/\/www.powertechsystems.eu\/fr\/produits\/12v-lithium-ion-starter-battery\/\" \/>\n<meta property=\"og:site_name\" content=\"PowerTech Systems\" \/>\n<meta property=\"article:modified_time\" content=\"2026-04-02T12:42:10+00:00\" \/>\n<meta name=\"twitter:label1\" content=\"Dur\u00e9e de lecture estim\u00e9e\" \/>\n\t<meta name=\"twitter:data1\" content=\"3 minutes\" \/>\n<script type=\"application\/ld+json\" class=\"yoast-schema-graph\">{\"@context\":\"https:\\\/\\\/schema.org\",\"@graph\":[{\"@type\":\"WebPage\",\"@id\":\"https:\\\/\\\/www.powertechsystems.eu\\\/products\\\/12v-lithium-ion-starter-battery\\\/\",\"url\":\"https:\\\/\\\/www.powertechsystems.eu\\\/products\\\/12v-lithium-ion-starter-battery\\\/\",\"name\":\"PowerStart 12V Lithium-Ion Starter Battery\",\"isPartOf\":{\"@id\":\"https:\\\/\\\/www.powertechsystems.eu\\\/#website\"},\"datePublished\":\"2016-05-19T17:23:34+00:00\",\"dateModified\":\"2026-04-02T12:42:10+00:00\",\"description\":\"PowerStart 12V Lithium-Ion Starter Battery- high performance and lightweight Lithium Iron Phosphate battery with built-in BMS\",\"breadcrumb\":{\"@id\":\"https:\\\/\\\/www.powertechsystems.eu\\\/products\\\/12v-lithium-ion-starter-battery\\\/#breadcrumb\"},\"inLanguage\":\"fr-FR\",\"potentialAction\":[{\"@type\":\"ReadAction\",\"target\":[\"https:\\\/\\\/www.powertechsystems.eu\\\/products\\\/12v-lithium-ion-starter-battery\\\/\"]}]},{\"@type\":\"BreadcrumbList\",\"@id\":\"https:\\\/\\\/www.powertechsystems.eu\\\/products\\\/12v-lithium-ion-starter-battery\\\/#breadcrumb\",\"itemListElement\":[{\"@type\":\"ListItem\",\"position\":1,\"name\":\"Products\",\"item\":\"https:\\\/\\\/www.powertechsystems.eu\\\/products\\\/\"},{\"@type\":\"ListItem\",\"position\":2,\"name\":\"12V Lithium-Ion Starter Battery\"}]},{\"@type\":\"WebSite\",\"@id\":\"https:\\\/\\\/www.powertechsystems.eu\\\/#website\",\"url\":\"https:\\\/\\\/www.powertechsystems.eu\\\/\",\"name\":\"PowerTech Systems\",\"description\":\"Advanced Energy Storage Systems\",\"publisher\":{\"@id\":\"https:\\\/\\\/www.powertechsystems.eu\\\/#organization\"},\"potentialAction\":[{\"@type\":\"SearchAction\",\"target\":{\"@type\":\"EntryPoint\",\"urlTemplate\":\"https:\\\/\\\/www.powertechsystems.eu\\\/?s={search_term_string}\"},\"query-input\":{\"@type\":\"PropertyValueSpecification\",\"valueRequired\":true,\"valueName\":\"search_term_string\"}}],\"inLanguage\":\"fr-FR\"},{\"@type\":\"Organization\",\"@id\":\"https:\\\/\\\/www.powertechsystems.eu\\\/#organization\",\"name\":\"PowerTech Systems\",\"alternateName\":\"PowerTech Systems\",\"url\":\"https:\\\/\\\/www.powertechsystems.eu\\\/\",\"logo\":{\"@type\":\"ImageObject\",\"inLanguage\":\"fr-FR\",\"@id\":\"https:\\\/\\\/www.powertechsystems.eu\\\/#\\\/schema\\\/logo\\\/image\\\/\",\"url\":null,\"contentUrl\":null,\"width\":null,\"height\":null,\"caption\":\"PowerTech Systems\"},\"image\":{\"@id\":\"https:\\\/\\\/www.powertechsystems.eu\\\/#\\\/schema\\\/logo\\\/image\\\/\"},\"sameAs\":[\"https:\\\/\\\/www.linkedin.com\\\/company\\\/powertech-systems-sas\\\/\"]}]}<\/script>\n<!-- \/ Yoast SEO plugin. -->","yoast_head_json":{"title":"PowerStart 12V Lithium-Ion Starter Battery","description":"PowerStart 12V Lithium-Ion Starter Battery- high performance and lightweight Lithium Iron Phosphate battery with built-in BMS","robots":{"index":"noindex","follow":"follow"},"og_locale":"fr_FR","og_type":"article","og_title":"PowerStart 12V Lithium-Ion Starter Battery","og_description":"PowerStart 12V Lithium-Ion Starter Battery- high performance and lightweight Lithium Iron Phosphate battery with built-in BMS","og_url":"https:\/\/www.powertechsystems.eu\/fr\/produits\/12v-lithium-ion-starter-battery\/","og_site_name":"PowerTech Systems","article_modified_time":"2026-04-02T12:42:10+00:00","twitter_misc":{"Dur\u00e9e de lecture estim\u00e9e":"3 minutes"},"schema":{"@context":"https:\/\/schema.org","@graph":[{"@type":"WebPage","@id":"https:\/\/www.powertechsystems.eu\/products\/12v-lithium-ion-starter-battery\/","url":"https:\/\/www.powertechsystems.eu\/products\/12v-lithium-ion-starter-battery\/","name":"PowerStart 12V Lithium-Ion Starter Battery","isPartOf":{"@id":"https:\/\/www.powertechsystems.eu\/#website"},"datePublished":"2016-05-19T17:23:34+00:00","dateModified":"2026-04-02T12:42:10+00:00","description":"PowerStart 12V Lithium-Ion Starter Battery- high performance and lightweight Lithium Iron Phosphate battery with built-in BMS","breadcrumb":{"@id":"https:\/\/www.powertechsystems.eu\/products\/12v-lithium-ion-starter-battery\/#breadcrumb"},"inLanguage":"fr-FR","potentialAction":[{"@type":"ReadAction","target":["https:\/\/www.powertechsystems.eu\/products\/12v-lithium-ion-starter-battery\/"]}]},{"@type":"BreadcrumbList","@id":"https:\/\/www.powertechsystems.eu\/products\/12v-lithium-ion-starter-battery\/#breadcrumb","itemListElement":[{"@type":"ListItem","position":1,"name":"Products","item":"https:\/\/www.powertechsystems.eu\/products\/"},{"@type":"ListItem","position":2,"name":"12V Lithium-Ion Starter Battery"}]},{"@type":"WebSite","@id":"https:\/\/www.powertechsystems.eu\/#website","url":"https:\/\/www.powertechsystems.eu\/","name":"PowerTech Systems","description":"Syst\u00e8mes avanc\u00e9s de stockage de l'\u00e9nergie","publisher":{"@id":"https:\/\/www.powertechsystems.eu\/#organization"},"potentialAction":[{"@type":"SearchAction","target":{"@type":"EntryPoint","urlTemplate":"https:\/\/www.powertechsystems.eu\/?s={search_term_string}"},"query-input":{"@type":"PropertyValueSpecification","valueRequired":true,"valueName":"search_term_string"}}],"inLanguage":"fr-FR"},{"@type":"Organization","@id":"https:\/\/www.powertechsystems.eu\/#organization","name":"PowerTech Systems","alternateName":"PowerTech Systems","url":"https:\/\/www.powertechsystems.eu\/","logo":{"@type":"ImageObject","inLanguage":"fr-FR","@id":"https:\/\/www.powertechsystems.eu\/#\/schema\/logo\/image\/","url":null,"contentUrl":null,"width":null,"height":null,"caption":"PowerTech Systems"},"image":{"@id":"https:\/\/www.powertechsystems.eu\/#\/schema\/logo\/image\/"},"sameAs":["https:\/\/www.linkedin.com\/company\/powertech-systems-sas\/"]}]}},"_links":{"self":[{"href":"https:\/\/www.powertechsystems.eu\/fr\/wp-json\/wp\/v2\/pages\/2158","targetHints":{"allow":["GET"]}}],"collection":[{"href":"https:\/\/www.powertechsystems.eu\/fr\/wp-json\/wp\/v2\/pages"}],"about":[{"href":"https:\/\/www.powertechsystems.eu\/fr\/wp-json\/wp\/v2\/types\/page"}],"author":[{"embeddable":true,"href":"https:\/\/www.powertechsystems.eu\/fr\/wp-json\/wp\/v2\/users\/1"}],"replies":[{"embeddable":true,"href":"https:\/\/www.powertechsystems.eu\/fr\/wp-json\/wp\/v2\/comments?post=2158"}],"version-history":[{"count":0,"href":"https:\/\/www.powertechsystems.eu\/fr\/wp-json\/wp\/v2\/pages\/2158\/revisions"}],"up":[{"embeddable":true,"href":"https:\/\/www.powertechsystems.eu\/fr\/wp-json\/wp\/v2\/pages\/495"}],"wp:attachment":[{"href":"https:\/\/www.powertechsystems.eu\/fr\/wp-json\/wp\/v2\/media?parent=2158"}],"curies":[{"name":"wp","href":"https:\/\/api.w.org\/{rel}","templated":true}]}}