{"id":264,"date":"2015-08-16T20:40:07","date_gmt":"2015-08-16T19:40:07","guid":{"rendered":"https:\/\/www.powertechsystems.eu\/tech-corner\/"},"modified":"2026-03-24T16:32:04","modified_gmt":"2026-03-24T15:32:04","slug":"technique","status":"publish","type":"page","link":"https:\/\/www.powertechsystems.eu\/fr\/tech-corner\/","title":{"rendered":"Technique"},"content":{"rendered":"[lightbox_image size=&#8221;full-half&#8221; image_path=&#8221;\/wp-content\/uploads\/sites\/2\/2013\/06\/CycleLife.jpg&#8221; lightbox_content=&#8221;\/wp-content\/uploads\/sites\/2\/2013\/06\/CycleLife.jpg&#8221; group=&#8221;&#8221; description=&#8221;&#8221;]\n[lightbox_image size=&#8221;full-third&#8221; image_path=&#8221;\/wp-content\/uploads\/sites\/2\/2013\/06\/CycleLife.jpg&#8221; lightbox_content=&#8221;\/wp-content\/uploads\/sites\/2\/2013\/06\/CycleLife.jpg&#8221; group=&#8221;&#8221; description=&#8221;&#8221;]\n<p>&nbsp;<\/p>\n<p>&nbsp;<\/p>\n","protected":false},"excerpt":{"rendered":"[lightbox_image size=&#8221;full-half&#8221; image_path=&#8221;\/wp-content\/uploads\/sites\/2\/2013\/06\/CycleLife.jpg&#8221; lightbox_content=&#8221;\/wp-content\/uploads\/sites\/2\/2013\/06\/CycleLife.jpg&#8221; group=&#8221;&#8221; description=&#8221;&#8221;] [lightbox_image size=&#8221;full-third&#8221; image_path=&#8221;\/wp-content\/uploads\/sites\/2\/2013\/06\/CycleLife.jpg&#8221; lightbox_content=&#8221;\/wp-content\/uploads\/sites\/2\/2013\/06\/CycleLife.jpg&#8221; group=&#8221;&#8221; description=&#8221;&#8221;] &nbsp; &nbsp;<\/p>\n","protected":false},"author":1,"featured_media":0,"parent":0,"menu_order":0,"comment_status":"closed","ping_status":"closed","template":"","meta":{"footnotes":""},"class_list":["post-264","page","type-page","status-publish","hentry"],"yoast_head":"<!-- This site is optimized with the Yoast SEO plugin v27.3 - https:\/\/yoast.com\/product\/yoast-seo-wordpress\/ -->\n<title>Tech Corner - PowerTech Systems<\/title>\n<meta name=\"description\" content=\"Tech Corner - PowerTech Systems\" \/>\n<meta name=\"robots\" content=\"noindex, follow\" \/>\n<meta property=\"og:locale\" content=\"fr_FR\" \/>\n<meta property=\"og:type\" content=\"article\" \/>\n<meta property=\"og:title\" content=\"Tech Corner - PowerTech Systems\" \/>\n<meta property=\"og:description\" content=\"Tech Corner - PowerTech Systems\" \/>\n<meta property=\"og:url\" content=\"https:\/\/www.powertechsystems.eu\/fr\/technique\/\" \/>\n<meta property=\"og:site_name\" content=\"PowerTech Systems\" \/>\n<meta property=\"article:modified_time\" content=\"2026-03-24T15:32:04+00:00\" \/>\n<meta name=\"twitter:label1\" content=\"Dur\u00e9e de lecture estim\u00e9e\" \/>\n\t<meta name=\"twitter:data1\" content=\"1 minute\" \/>\n<script type=\"application\/ld+json\" class=\"yoast-schema-graph\">{\"@context\":\"https:\\\/\\\/schema.org\",\"@graph\":[{\"@type\":\"WebPage\",\"@id\":\"https:\\\/\\\/www.powertechsystems.eu\\\/tech-corner\\\/\",\"url\":\"https:\\\/\\\/www.powertechsystems.eu\\\/tech-corner\\\/\",\"name\":\"Tech Corner - PowerTech Systems\",\"isPartOf\":{\"@id\":\"https:\\\/\\\/www.powertechsystems.eu\\\/#website\"},\"datePublished\":\"2015-08-16T19:40:07+00:00\",\"dateModified\":\"2026-03-24T15:32:04+00:00\",\"description\":\"Tech Corner - PowerTech Systems\",\"inLanguage\":\"fr-FR\",\"potentialAction\":[{\"@type\":\"ReadAction\",\"target\":[\"https:\\\/\\\/www.powertechsystems.eu\\\/tech-corner\\\/\"]}]},{\"@type\":\"WebSite\",\"@id\":\"https:\\\/\\\/www.powertechsystems.eu\\\/#website\",\"url\":\"https:\\\/\\\/www.powertechsystems.eu\\\/\",\"name\":\"PowerTech Systems\",\"description\":\"Advanced Energy Storage Systems\",\"publisher\":{\"@id\":\"https:\\\/\\\/www.powertechsystems.eu\\\/#organization\"},\"potentialAction\":[{\"@type\":\"SearchAction\",\"target\":{\"@type\":\"EntryPoint\",\"urlTemplate\":\"https:\\\/\\\/www.powertechsystems.eu\\\/?s={search_term_string}\"},\"query-input\":{\"@type\":\"PropertyValueSpecification\",\"valueRequired\":true,\"valueName\":\"search_term_string\"}}],\"inLanguage\":\"fr-FR\"},{\"@type\":\"Organization\",\"@id\":\"https:\\\/\\\/www.powertechsystems.eu\\\/#organization\",\"name\":\"PowerTech Systems\",\"alternateName\":\"PowerTech Systems\",\"url\":\"https:\\\/\\\/www.powertechsystems.eu\\\/\",\"logo\":{\"@type\":\"ImageObject\",\"inLanguage\":\"fr-FR\",\"@id\":\"https:\\\/\\\/www.powertechsystems.eu\\\/#\\\/schema\\\/logo\\\/image\\\/\",\"url\":\"https:\\\/\\\/www.powertechsystems.eu\\\/wp-content\\\/uploads\\\/sites\\\/2\\\/2019\\\/03\\\/PowerTech-V.png\",\"contentUrl\":\"https:\\\/\\\/www.powertechsystems.eu\\\/wp-content\\\/uploads\\\/sites\\\/2\\\/2019\\\/03\\\/PowerTech-V.png\",\"width\":300,\"height\":298,\"caption\":\"PowerTech Systems\"},\"image\":{\"@id\":\"https:\\\/\\\/www.powertechsystems.eu\\\/#\\\/schema\\\/logo\\\/image\\\/\"},\"sameAs\":[\"https:\\\/\\\/www.linkedin.com\\\/company\\\/powertech-systems-sas\\\/\"]}]}<\/script>\n<!-- \/ Yoast SEO plugin. -->","yoast_head_json":{"title":"Le coin des techniciens - PowerTech Systems","description":"Le coin des techniciens - PowerTech Systems","robots":{"index":"noindex","follow":"follow"},"og_locale":"fr_FR","og_type":"article","og_title":"Tech Corner - PowerTech Systems","og_description":"Tech Corner - PowerTech Systems","og_url":"https:\/\/www.powertechsystems.eu\/fr\/technique\/","og_site_name":"PowerTech Systems","article_modified_time":"2026-03-24T15:32:04+00:00","twitter_misc":{"Dur\u00e9e de lecture estim\u00e9e":"1 minute"},"schema":{"@context":"https:\/\/schema.org","@graph":[{"@type":"WebPage","@id":"https:\/\/www.powertechsystems.eu\/tech-corner\/","url":"https:\/\/www.powertechsystems.eu\/tech-corner\/","name":"Le coin des techniciens - PowerTech Systems","isPartOf":{"@id":"https:\/\/www.powertechsystems.eu\/#website"},"datePublished":"2015-08-16T19:40:07+00:00","dateModified":"2026-03-24T15:32:04+00:00","description":"Le coin des techniciens - PowerTech Systems","inLanguage":"fr-FR","potentialAction":[{"@type":"ReadAction","target":["https:\/\/www.powertechsystems.eu\/tech-corner\/"]}]},{"@type":"WebSite","@id":"https:\/\/www.powertechsystems.eu\/#website","url":"https:\/\/www.powertechsystems.eu\/","name":"PowerTech Systems","description":"Syst\u00e8mes avanc\u00e9s de stockage de l'\u00e9nergie","publisher":{"@id":"https:\/\/www.powertechsystems.eu\/#organization"},"potentialAction":[{"@type":"SearchAction","target":{"@type":"EntryPoint","urlTemplate":"https:\/\/www.powertechsystems.eu\/?s={search_term_string}"},"query-input":{"@type":"PropertyValueSpecification","valueRequired":true,"valueName":"search_term_string"}}],"inLanguage":"fr-FR"},{"@type":"Organization","@id":"https:\/\/www.powertechsystems.eu\/#organization","name":"PowerTech Systems","alternateName":"PowerTech Systems","url":"https:\/\/www.powertechsystems.eu\/","logo":{"@type":"ImageObject","inLanguage":"fr-FR","@id":"https:\/\/www.powertechsystems.eu\/#\/schema\/logo\/image\/","url":"https:\/\/www.powertechsystems.eu\/wp-content\/uploads\/sites\/2\/2019\/03\/PowerTech-V.png","contentUrl":"https:\/\/www.powertechsystems.eu\/wp-content\/uploads\/sites\/2\/2019\/03\/PowerTech-V.png","width":300,"height":298,"caption":"PowerTech Systems"},"image":{"@id":"https:\/\/www.powertechsystems.eu\/#\/schema\/logo\/image\/"},"sameAs":["https:\/\/www.linkedin.com\/company\/powertech-systems-sas\/"]}]}},"_links":{"self":[{"href":"https:\/\/www.powertechsystems.eu\/fr\/wp-json\/wp\/v2\/pages\/264","targetHints":{"allow":["GET"]}}],"collection":[{"href":"https:\/\/www.powertechsystems.eu\/fr\/wp-json\/wp\/v2\/pages"}],"about":[{"href":"https:\/\/www.powertechsystems.eu\/fr\/wp-json\/wp\/v2\/types\/page"}],"author":[{"embeddable":true,"href":"https:\/\/www.powertechsystems.eu\/fr\/wp-json\/wp\/v2\/users\/1"}],"replies":[{"embeddable":true,"href":"https:\/\/www.powertechsystems.eu\/fr\/wp-json\/wp\/v2\/comments?post=264"}],"version-history":[{"count":0,"href":"https:\/\/www.powertechsystems.eu\/fr\/wp-json\/wp\/v2\/pages\/264\/revisions"}],"wp:attachment":[{"href":"https:\/\/www.powertechsystems.eu\/fr\/wp-json\/wp\/v2\/media?parent=264"}],"curies":[{"name":"wp","href":"https:\/\/api.w.org\/{rel}","templated":true}]}}