{"id":32,"date":"2015-08-15T13:59:50","date_gmt":"2015-08-15T12:59:50","guid":{"rendered":"https:\/\/www.powertechsystems.eu\/about-us\/"},"modified":"2026-03-29T14:56:10","modified_gmt":"2026-03-29T13:56:10","slug":"qui-sommes-nous","status":"publish","type":"page","link":"https:\/\/www.powertechsystems.eu\/fr\/about-us\/","title":{"rendered":"La Soci\u00e9t\u00e9"},"content":{"rendered":"<link rel=\"preload\" href=\"https:\/\/www.powertechsystems.eu\/wp-content\/uploads\/sites\/2\/2024\/05\/PTS-Saint-Cyr.webp\" as=\"image\">\n<h1>La soci\u00e9t\u00e9 PowerTech Systems<\/h1>\n<div class=\"su-row\">\n<div class=\"su-column su-column-size-1-2\"><div class=\"su-column-inner su-u-clearfix su-u-trim\">\n<p>PowerTech Systems est une soci\u00e9t\u00e9 fran\u00e7aise fond\u00e9e en 2013 et <a href=\"\/fr\/un-nouveau-batiment-pour-accompagner-la-croissance-de-powertech\/\" target=\"_blank\">situ\u00e9 \u00e0 Saint Cyr L'Ecole, France<\/a>. <\/p>\n<p>Nous sommes sp\u00e9cialis\u00e9s dans la conception, la fabrication et la commercialisation de batteries au lithium de haute performance (&gt; 1KW) couvrant un large spectre d'applications (<a href=\"\/fr\/applications-des-batteries-lithium-ion\/traction-et-emobilite\/batteries-lithium-pour-traction-marine\/\">traction de v\u00e9hicules<\/a>, <a href=\"\/fr\/applications-des-batteries-lithium-ion\/stockage-energie\/batteries-stationnaires\/\">stockage stationnaire<\/a>, <a href=\"\/fr\/applications-des-batteries-lithium-ion\/stockage-energie\/batterie-lithium-ion-pour-applications-solaires\/\">\u00e9nergie hors r\u00e9seau<\/a>, etc.). <\/p>\n\n<p>Depuis plus de 15 ans, PowerTech Systems con\u00e7oit et fabrique des batteries au lithium pour la traction \u00e9lectrique au sens large (v\u00e9hicules tout-terrain, robotique, AGV, marine \u00e9lectrique, v\u00e9hicules industriels, etc.) Nous sommes \u00e9galement pr\u00e9sents dans le stockage stationnaire et, plus g\u00e9n\u00e9ralement, dans les <strong>applications professionnelles<\/strong>.\n<\/p>\n<p>Sp\u00e9cialis\u00e9s dans la technologie <strong>LiFePO4 <\/strong>(Lithium Fer Phosphate), nous proposons des solutions efficaces et respectueuses de l\u2019environnement (con\u00e7ues pour le recyclage, pas d\u2019utilisation de ressources rares comme le cobalt, le nickel ou le mangan\u00e8se).<\/p>\n\n\n<\/div><\/div>\n<div class=\"su-column su-column-size-1-2\"><div class=\"su-column-inner su-u-clearfix su-u-trim\">\n<img decoding=\"async\" src=\"\/wp-content\/uploads\/sites\/2\/2024\/05\/PTS-Saint-Cyr.webp\" alt=\"\" width=\"500\" height=\"333\" class=\"aligncenter size-full wp-image-12282\" \/>\n<\/div><\/div>\n<\/div>\n<p class=\"translation-block\">Nos produits sont con\u00e7us pour \u00eatre <strong>modulaires<\/strong>, afin de r\u00e9pondre \u00e0 un maximum de besoins des clients. Notre technologie brevet\u00e9e <strong>BMS Matrix<\/strong>, permet de g\u00e9rer plusieurs centaines de modules de batteries afin d\u2019assembler les solutions les plus ambitieuses.<\/p>\n<p class=\"translation-block\">Gr\u00e2ce \u00e0 notre vaste r\u00e9seau de fournisseurs, PowerTech b\u00e9n\u00e9ficie des derni\u00e8res avanc\u00e9es technologiques dans le monde des batteries pour apporter les solutions les plus avanc\u00e9es du march\u00e9. La majeure partie de la fabrication est r\u00e9alis\u00e9e en <strong>France<\/strong>.<\/p>\n\n<h2>Notre mission :<\/h2>\n<ul>\n\t<li>D\u00e9velopper notre entreprise dans une <strong>d\u00e9marche RSE<\/strong> respectueuse de <b>nos \u00e9quipes<\/b> et de notre <strong>impact sur l'environnement<\/strong>.<\/li>\n\t<li><strong>Innover constamment<\/strong> pour offrir le maximum de valeur \u00e0 nos clients.<\/li>\n\t<li>Concevoir des syst\u00e8mes de batteries lithium-ion qui r\u00e9pondent aux <strong>normes les plus \u00e9lev\u00e9es en mati\u00e8re de s\u00e9curit\u00e9 et de fiabilit\u00e9<\/strong>.<\/li>\n\t<li>Proposer des solutions <strong>\u00e9volutives, flexibles et modulaires<\/strong> afin de r\u00e9duire les co\u00fbts et de cr\u00e9er de la valeur pour nos clients.<\/li>\n\t<li>Positionner <strong>les besoins de nos clients<\/strong> au centre de <strong>notre d\u00e9marche d'innovation<\/strong>.<\/li>\n\t<li><strong>Positionner la qualit\u00e9 comme fil conducteur de notre croissance<\/strong> (d\u00e9marche ISO 9001)<\/li>\n<\/ul>\n\n<h2>Personnes cl\u00e9s :<\/h2>\n\n<div class=\"su-row\">\n\n<div class=\"su-column su-column-size-1-4\"><div class=\"su-column-inner su-u-clearfix su-u-trim\">\n<div class=\"sue-member\" data-url=\"\" style=\"background-color:#ffffff;color:#333333;border-radius:0px;-moz-border-radius:0px;-webkit-border-radius:0px;box-shadow:0 1px 2px #eeeeee;-moz-box-shadow:0 1px 2px #eeeeee;-webkit-box-shadow:0 1px 2px #eeeeee;border:1px solid #cccccc\"><div class=\"sue-member-photo\"><img decoding=\"async\" src=\"\/wp-content\/uploads\/sites\/2\/2019\/11\/Cyril-Bergeaud.webp\" alt=\"\" style=\"-webkit-border-top-left-radius:0px;-webkit-border-top-right-radius:0px;-moz-border-radius-topleft:0px;-moz-border-radius-topright:0px;border-top-left-radius:0px;border-top-right-radius:0px;\" \/><\/div><div class=\"sue-member-info\" style=\"text-align:center\"><span class=\"sue-member-name\">Cyril Bergeaud<\/span><span class=\"sue-member-role\">Pr\u00e9sident Fondateur<\/span><div class=\"sue-member-desc sue-content-wrap\">\n<p>Cyril a d\u00e9but\u00e9 sa carri\u00e8re dans l\u2019informatique et les infrastructures Cloud \u00e0 haute disponibilit\u00e9. Apr\u00e8s avoir dirig\u00e9 plusieurs services techniques, il cr\u00e9e en 2003 Axiome technologies, entreprise d\u00e9di\u00e9e aux packs de batteries Lithium-ion pour l\u2019E-Mobilit\u00e9. <\/p>\n<p>Un brevet d\u2019invention est d\u00e9pos\u00e9 en 2003 concernant une m\u00e9thode d\u2019assemblage de cellules prismatiques sans connectique filaire. <br \/><br \/>Apr\u00e8s 10 ans d\u2019exp\u00e9rience dans les batteries Lithium, il fonde PowerTech Systems.<\/p>\n<p>Cyril est titulaire d'un dipl\u00f4me d'ing\u00e9nieur ESIEE Paris et d'un MBA \u00e0 HEC Paris.<\/p>\n<\/div><\/div><div class=\"sue-member-icons\" style=\"text-align:center;border-top:1px solid #cccccc\"><a href=\"https:\/\/www.linkedin.com\/in\/cyril-bergeaud\/\" title=\"\" class=\"sue-memeber-icon\" target=\"_blank\"><i class=\"sui sui-linkedin\" style=\"color:#1DA1F2\"><\/i><\/a><\/div><\/div>\n<\/div><\/div>\n\n<div class=\"su-column su-column-size-1-4\"><div class=\"su-column-inner su-u-clearfix su-u-trim\">\n<div class=\"sue-member\" data-url=\"\" style=\"background-color:#ffffff;color:#333333;border-radius:0px;-moz-border-radius:0px;-webkit-border-radius:0px;box-shadow:0 1px 2px #eeeeee;-moz-box-shadow:0 1px 2px #eeeeee;-webkit-box-shadow:0 1px 2px #eeeeee;border:1px solid #cccccc\"><div class=\"sue-member-photo\"><img decoding=\"async\" src=\"\/wp-content\/uploads\/sites\/2\/2026\/03\/Jean-Christophe-300.avif\" alt=\"\" style=\"-webkit-border-top-left-radius:0px;-webkit-border-top-right-radius:0px;-moz-border-radius-topleft:0px;-moz-border-radius-topright:0px;border-top-left-radius:0px;border-top-right-radius:0px;\" \/><\/div><div class=\"sue-member-info\" style=\"text-align:center\"><span class=\"sue-member-name\">Jean Christophe Bertolo<\/span><span class=\"sue-member-role\">Directeur G\u00e9n\u00e9ral<\/span><div class=\"sue-member-desc sue-content-wrap\">\n<p>Ing\u00e9nieur dipl\u00f4m\u00e9 de l\u2019ESPCI Paris, Jean-Christophe a men\u00e9 sa carri\u00e8re \u00e0 la fois dans l\u2019industrie et dans l\u2019entrepreneuriat. En 2004, il cofonde AEDS, soci\u00e9t\u00e9 sp\u00e9cialis\u00e9e dans les composants a\u00e9rospatiaux complexes.<\/p>\n<p>Apr\u00e8s la cession de l\u2019entreprise au groupe ARESIA en 2019, et fort de sa solide exp\u00e9rience dans le domaine du M&amp;A et de l\u2019industrie, il se tourne vers le conseil aux entreprises.<\/p>\n<p>Jean Christophe rejoint PowerTech Systems en ao\u00fbt 2025 en tant que Directeur G\u00e9n\u00e9ral.<\/p>\n<\/div><\/div><div class=\"sue-member-icons\" style=\"text-align:center;border-top:1px solid #cccccc\"><a href=\"https:\/\/www.linkedin.com\/in\/jeanchristophebertolo\" title=\"\" class=\"sue-memeber-icon\" target=\"_blank\"><i class=\"sui sui-linkedin\" style=\"color:#1DA1F2\"><\/i><\/a><\/div><\/div>\n<\/div><\/div>\n\n<div class=\"su-column su-column-size-1-4\"><div class=\"su-column-inner su-u-clearfix su-u-trim\">\n<div class=\"sue-member\" data-url=\"\" style=\"background-color:#ffffff;color:#333333;border-radius:0px;-moz-border-radius:0px;-webkit-border-radius:0px;box-shadow:0 1px 2px #eeeeee;-moz-box-shadow:0 1px 2px #eeeeee;-webkit-box-shadow:0 1px 2px #eeeeee;border:1px solid #cccccc\"><div class=\"sue-member-photo\"><img decoding=\"async\" src=\"\/wp-content\/uploads\/sites\/2\/2022\/04\/PaulG.webp\" alt=\"\" style=\"-webkit-border-top-left-radius:0px;-webkit-border-top-right-radius:0px;-moz-border-radius-topleft:0px;-moz-border-radius-topright:0px;border-top-left-radius:0px;border-top-right-radius:0px;\" \/><\/div><div class=\"sue-member-info\" style=\"text-align:center\"><span class=\"sue-member-name\">Paul Gagneux<\/span><span class=\"sue-member-role\">Responsable R&amp;D<\/span><div class=\"sue-member-desc sue-content-wrap\">\n<p>Paul a une formation d'ing\u00e9nieur de l'ICAM et de l'ISMEA. <\/p>\n<p>Il a fait carri\u00e8re dans les grands groupes d\u2019\u00e9lectronique (EADS, Matra, Archos, etc.), en concevant des cartes \u00e9lectroniques avanc\u00e9es.<\/p>\n<p>Avant de rejoindre PowerTech, Paul a travaill\u00e9 de nombreuses ann\u00e9es chez diff\u00e9rents fabricants de batteries au Lithium, en tant que r\u00e9f\u00e9rent technique et architecte BMS.<\/p>\n<\/div><\/div><\/div>\n<\/div><\/div>\n\n\n\n<div class=\"su-column su-column-size-1-4\"><div class=\"su-column-inner su-u-clearfix su-u-trim\">\n<div class=\"sue-member\" data-url=\"\" style=\"background-color:#ffffff;color:#333333;border-radius:0px;-moz-border-radius:0px;-webkit-border-radius:0px;box-shadow:0 1px 2px #eeeeee;-moz-box-shadow:0 1px 2px #eeeeee;-webkit-box-shadow:0 1px 2px #eeeeee;border:1px solid #cccccc\"><div class=\"sue-member-photo\"><img decoding=\"async\" src=\"\/wp-content\/uploads\/sites\/2\/2022\/01\/faten.webp\" alt=\"\" style=\"-webkit-border-top-left-radius:0px;-webkit-border-top-right-radius:0px;-moz-border-radius-topleft:0px;-moz-border-radius-topright:0px;border-top-left-radius:0px;border-top-right-radius:0px;\" \/><\/div><div class=\"sue-member-info\" style=\"text-align:center\"><span class=\"sue-member-name\">Faten Moutou<\/span><span class=\"sue-member-role\">Directrice Administrative et Financi\u00e8re<\/span><div class=\"sue-member-desc sue-content-wrap\">\n<p>Faten a d\u00e9but\u00e9 sa carri\u00e8re dans la comptabilit\u00e9 et la gestion d\u2019entreprise.<\/p>\n<p>Elle a progress\u00e9 constamment dans ses fonctions pour devenir RAF puis Directrice Administrative et Financi\u00e8re.<\/p>\n<p>Faten est experte en gestion et finance de petites et moyennes entreprise, et a acquis une forte exp\u00e9rience en Corporate Finance et M&amp;A.<\/p>\n<\/div><\/div><div class=\"sue-member-icons\" style=\"text-align:center;border-top:1px solid #cccccc\"><a href=\"https:\/\/www.linkedin.com\/in\/faten-m-539821215\/\" title=\"\" class=\"sue-memeber-icon\" target=\"_blank\"><i class=\"sui sui-linkedin\" style=\"color:#1DA1F2\"><\/i><\/a><\/div><\/div>\n<\/div><\/div>\n<\/div>\n\n<div class=\"su-row\">\n<div class=\"su-column su-column-size-1-4\"><div class=\"su-column-inner su-u-clearfix su-u-trim\">\n<div class=\"sue-member\" data-url=\"\" style=\"background-color:#ffffff;color:#333333;border-radius:0px;-moz-border-radius:0px;-webkit-border-radius:0px;box-shadow:0 1px 2px #eeeeee;-moz-box-shadow:0 1px 2px #eeeeee;-webkit-box-shadow:0 1px 2px #eeeeee;border:1px solid #cccccc\"><div class=\"sue-member-photo\"><img decoding=\"async\" src=\"\/wp-content\/uploads\/sites\/2\/2023\/12\/Camille-Chassaing.webp\" alt=\"\" style=\"-webkit-border-top-left-radius:0px;-webkit-border-top-right-radius:0px;-moz-border-radius-topleft:0px;-moz-border-radius-topright:0px;border-top-left-radius:0px;border-top-right-radius:0px;\" \/><\/div><div class=\"sue-member-info\" style=\"text-align:center\"><span class=\"sue-member-name\">Camille Chassaing<\/span><span class=\"sue-member-role\">Directeur Commercial<\/span><div class=\"sue-member-desc sue-content-wrap\">\n<p>Camille a d\u00e9but\u00e9 sa carri\u00e8re chez le leader mondial des roulements \u00e0 billes industriels, en tant que chef de produit pour le march\u00e9 europ\u00e9en.\nCamille a rejoint PowerTech en 2019 pour mettre en place et d\u00e9velopper le r\u00e9seau de distribution pour le continent europ\u00e9en et au-del\u00e0. Camille a ensuite pris la direction du d\u00e9partement commercial, avec pour objectif d'accompagner et de structurer la croissance en lien avec les enjeux de la d\u00e9carbonisation.\nCamille est titulaire d'une double formation en commerce et en finance de l'ESG Paris.<\/p>\n<\/div><\/div><div class=\"sue-member-icons\" style=\"text-align:center;border-top:1px solid #cccccc\"><a href=\"https:\/\/www.linkedin.com\/in\/camille-chassaing\/\" title=\"\" class=\"sue-memeber-icon\" target=\"_blank\"><i class=\"sui sui-linkedin\" style=\"color:#1DA1F2\"><\/i><\/a><\/div><\/div>\n<\/div><\/div>\n\n<div class=\"su-column su-column-size-1-4\"><div class=\"su-column-inner su-u-clearfix su-u-trim\">\n<div class=\"sue-member\" data-url=\"\" style=\"background-color:#ffffff;color:#333333;border-radius:0px;-moz-border-radius:0px;-webkit-border-radius:0px;box-shadow:0 1px 2px #eeeeee;-moz-box-shadow:0 1px 2px #eeeeee;-webkit-box-shadow:0 1px 2px #eeeeee;border:1px solid #cccccc\"><div class=\"sue-member-photo\"><img decoding=\"async\" src=\"\/wp-content\/uploads\/sites\/2\/2024\/10\/Mickael-png.avif\" alt=\"\" style=\"-webkit-border-top-left-radius:0px;-webkit-border-top-right-radius:0px;-moz-border-radius-topleft:0px;-moz-border-radius-topright:0px;border-top-left-radius:0px;border-top-right-radius:0px;\" \/><\/div><div class=\"sue-member-info\" style=\"text-align:center\"><span class=\"sue-member-name\">Mickael Bigor<\/span><span class=\"sue-member-role\">Ing\u00e9nieur commercial<\/span><div class=\"sue-member-desc sue-content-wrap\">\n<p>Mickael est ing\u00e9nieur de formation et a occup\u00e9 diff\u00e9rents postes \u00e0 responsabilit\u00e9 dans les domaines de la vente B2B et du Business Development.<\/p>\n<p>Mickael rejoint PowerTech Systems en 2024 en tant qu\u2019Ing\u00e9nieur Technico-Commercial, en charge des dossiers technico-commerciaux complexes et du d\u00e9veloppement de notre portefeuille de clients grands comptes.<\/p>\n<\/div><\/div><div class=\"sue-member-icons\" style=\"text-align:center;border-top:1px solid #cccccc\"><a href=\"https:\/\/www.linkedin.com\/in\/mbi91\/\" title=\"\" class=\"sue-memeber-icon\" target=\"_blank\"><i class=\"sui sui-linkedin\" style=\"color:#1DA1F2\"><\/i><\/a><\/div><\/div>\n<\/div><\/div>\n\n<div class=\"su-column su-column-size-1-4\"><div class=\"su-column-inner su-u-clearfix su-u-trim\">\n<div class=\"sue-member\" data-url=\"\" style=\"background-color:#ffffff;color:#333333;border-radius:0px;-moz-border-radius:0px;-webkit-border-radius:0px;box-shadow:0 1px 2px #eeeeee;-moz-box-shadow:0 1px 2px #eeeeee;-webkit-box-shadow:0 1px 2px #eeeeee;border:1px solid #cccccc\"><div class=\"sue-member-photo\"><img decoding=\"async\" src=\"\/wp-content\/uploads\/sites\/2\/2023\/12\/Guillaume-Gauthier.webp\" alt=\"\" style=\"-webkit-border-top-left-radius:0px;-webkit-border-top-right-radius:0px;-moz-border-radius-topleft:0px;-moz-border-radius-topright:0px;border-top-left-radius:0px;border-top-right-radius:0px;\" \/><\/div><div class=\"sue-member-info\" style=\"text-align:center\"><span class=\"sue-member-name\">Guillaume Gauthier<\/span><span class=\"sue-member-role\">Responsable de production<\/span><div class=\"sue-member-desc sue-content-wrap\">\n<p>Guillaume a d\u00e9but\u00e9 sa carri\u00e8re dans le support informatique pour de grandes entreprises avant de se sp\u00e9cialiser dans l\u2019int\u00e9gration audiovisuelle au sein du leader mondial de ce secteur (Salles de r\u00e9union, amphith\u00e9\u00e2tres, \u00e9v\u00e8nementiel etc\u2026).<\/p>\n<p>Guillaume a rejoint Powertech Systems en 2020 en tant que Responsable d\u2019Atelier et occupe d\u00e9sormais le poste de Responsable Production.<\/p>\n<\/div><\/div><div class=\"sue-member-icons\" style=\"text-align:center;border-top:1px solid #cccccc\"><a href=\"https:\/\/www.linkedin.com\/in\/guillaume-gauthier-97b297207\/\" title=\"\" class=\"sue-memeber-icon\" target=\"_blank\"><i class=\"sui sui-linkedin\" style=\"color:#1DA1F2\"><\/i><\/a><\/div><\/div>\n<\/div><\/div>\n\n<div class=\"su-column su-column-size-1-4\"><div class=\"su-column-inner su-u-clearfix su-u-trim\">\n<div class=\"sue-member\" data-url=\"\" style=\"background-color:#ffffff;color:#333333;border-radius:0px;-moz-border-radius:0px;-webkit-border-radius:0px;box-shadow:0 1px 2px #eeeeee;-moz-box-shadow:0 1px 2px #eeeeee;-webkit-box-shadow:0 1px 2px #eeeeee;border:1px solid #cccccc\"><div class=\"sue-member-photo\"><img decoding=\"async\" src=\"\/wp-content\/uploads\/sites\/2\/2023\/12\/Julien-Fleury.webp\" alt=\"\" style=\"-webkit-border-top-left-radius:0px;-webkit-border-top-right-radius:0px;-moz-border-radius-topleft:0px;-moz-border-radius-topright:0px;border-top-left-radius:0px;border-top-right-radius:0px;\" \/><\/div><div class=\"sue-member-info\" style=\"text-align:center\"><span class=\"sue-member-name\">Julien Fleury<\/span><span class=\"sue-member-role\">Responsable du service apr\u00e8s-vente<\/span><div class=\"sue-member-desc sue-content-wrap\">\n<p>Julien est un fan et un joueur de football hors pair. Apr\u00e8s avoir d\u00e9but\u00e9 sa carri\u00e8re chez les g\u00e9ants de la distribution, il nous a rejoint en 2022 en tant que responsable du service apr\u00e8s-vente.\nJulien g\u00e8re sa mission comme un entra\u00eeneur de football : analyse des probl\u00e8mes et des axes d'am\u00e9lioration, s\u00e9lection des solutions techniques \u00e0 mettre en \u0153uvre, am\u00e9lioration continue, meilleures tactiques pour r\u00e9soudre les pannes. Un excellent entra\u00eeneur !<\/p>\n<\/div><\/div><div class=\"sue-member-icons\" style=\"text-align:center;border-top:1px solid #cccccc\"><a href=\"https:\/\/www.linkedin.com\/in\/julien-fleury-951559164\/\" title=\"\" class=\"sue-memeber-icon\" target=\"_blank\"><i class=\"sui sui-linkedin\" style=\"color:#1DA1F2\"><\/i><\/a><\/div><\/div>\n<\/div><\/div>\n<\/div>\n\n<div class=\"su-row\">\n<div class=\"su-column su-column-size-1-4\"><div class=\"su-column-inner su-u-clearfix su-u-trim\">\n<div class=\"sue-member\" data-url=\"\" style=\"background-color:#ffffff;color:#333333;border-radius:0px;-moz-border-radius:0px;-webkit-border-radius:0px;box-shadow:0 1px 2px #eeeeee;-moz-box-shadow:0 1px 2px #eeeeee;-webkit-box-shadow:0 1px 2px #eeeeee;border:1px solid #cccccc\"><div class=\"sue-member-photo\"><img decoding=\"async\" src=\"\/wp-content\/uploads\/sites\/2\/2022\/04\/Sniper.webp\" alt=\"\" style=\"-webkit-border-top-left-radius:0px;-webkit-border-top-right-radius:0px;-moz-border-radius-topleft:0px;-moz-border-radius-topright:0px;border-top-left-radius:0px;border-top-right-radius:0px;\" \/><\/div><div class=\"sue-member-info\" style=\"text-align:center\"><span class=\"sue-member-name\">Sniper<\/span><span class=\"sue-member-role\">Responsable de la s\u00e9curit\u00e9<\/span><div class=\"sue-member-desc sue-content-wrap\"><\/div><\/div><\/div>\n<\/div><\/div>\n<\/div>\n\n\n\n<h2>L'\u00e9quipe en 2023 (dixi\u00e8me anniversaire de PowerTech Systems) : <\/h2>\n<img decoding=\"async\" src=\"\/wp-content\/uploads\/sites\/2\/2025\/09\/Team2023-1024x508.avif\" alt=\"\" width=\"1020\" height=\"506\" class=\"aligncenter size-large wp-image-18191\" \/>","protected":false},"excerpt":{"rendered":"<p>The PowerTech Systems Company Our products are designed to be modular, to meet a maximum number of customer needs. Our patented BMS Matrix technology enables us to manage several hundred battery modules to assemble the most ambitious solutions. Thanks to our extensive network of suppliers, PowerTech benefits from the latest technological advances in the battery [&#8230;]\n","protected":false},"author":1,"featured_media":0,"parent":0,"menu_order":0,"comment_status":"closed","ping_status":"closed","template":"","meta":{"footnotes":""},"class_list":["post-32","page","type-page","status-publish","hentry"],"yoast_head":"<!-- This site is optimized with the Yoast SEO plugin v27.6 - https:\/\/yoast.com\/product\/yoast-seo-wordpress\/ -->\n<title>PowerTech Systems<\/title>\n<meta name=\"description\" content=\"Discover PowerTech Systems, a leading French company specialized in high-performance Lithium-Ion batteries for various applications.\" \/>\n<meta name=\"robots\" content=\"index, follow, max-snippet:-1, max-image-preview:large, max-video-preview:-1\" \/>\n<link rel=\"canonical\" href=\"https:\/\/www.powertechsystems.eu\/fr\/qui-sommes-nous\/\" \/>\n<meta property=\"og:locale\" content=\"fr_FR\" \/>\n<meta property=\"og:type\" content=\"article\" \/>\n<meta property=\"og:title\" content=\"PowerTech Systems\" \/>\n<meta property=\"og:description\" content=\"Discover PowerTech Systems, a leading French company specialized in high-performance Lithium-Ion batteries for various applications.\" \/>\n<meta property=\"og:url\" content=\"https:\/\/www.powertechsystems.eu\/fr\/qui-sommes-nous\/\" \/>\n<meta property=\"og:site_name\" content=\"PowerTech Systems\" \/>\n<meta property=\"article:modified_time\" content=\"2026-03-29T13:56:10+00:00\" \/>\n<meta name=\"twitter:label1\" content=\"Dur\u00e9e de lecture estim\u00e9e\" \/>\n\t<meta name=\"twitter:data1\" content=\"5 minutes\" \/>\n<script type=\"application\/ld+json\" class=\"yoast-schema-graph\">{\"@context\":\"https:\\\/\\\/schema.org\",\"@graph\":[{\"@type\":\"WebPage\",\"@id\":\"https:\\\/\\\/www.powertechsystems.eu\\\/about-us\\\/\",\"url\":\"https:\\\/\\\/www.powertechsystems.eu\\\/about-us\\\/\",\"name\":\"PowerTech Systems\",\"isPartOf\":{\"@id\":\"https:\\\/\\\/www.powertechsystems.eu\\\/#website\"},\"datePublished\":\"2015-08-15T12:59:50+00:00\",\"dateModified\":\"2026-03-29T13:56:10+00:00\",\"description\":\"Discover PowerTech Systems, a leading French company specialized in high-performance Lithium-Ion batteries for various applications.\",\"inLanguage\":\"fr-FR\",\"potentialAction\":[{\"@type\":\"ReadAction\",\"target\":[\"https:\\\/\\\/www.powertechsystems.eu\\\/about-us\\\/\"]}]},{\"@type\":\"WebSite\",\"@id\":\"https:\\\/\\\/www.powertechsystems.eu\\\/#website\",\"url\":\"https:\\\/\\\/www.powertechsystems.eu\\\/\",\"name\":\"PowerTech Systems\",\"description\":\"Advanced Energy Storage Systems\",\"publisher\":{\"@id\":\"https:\\\/\\\/www.powertechsystems.eu\\\/#organization\"},\"potentialAction\":[{\"@type\":\"SearchAction\",\"target\":{\"@type\":\"EntryPoint\",\"urlTemplate\":\"https:\\\/\\\/www.powertechsystems.eu\\\/?s={search_term_string}\"},\"query-input\":{\"@type\":\"PropertyValueSpecification\",\"valueRequired\":true,\"valueName\":\"search_term_string\"}}],\"inLanguage\":\"fr-FR\"},{\"@type\":\"Organization\",\"@id\":\"https:\\\/\\\/www.powertechsystems.eu\\\/#organization\",\"name\":\"PowerTech Systems\",\"alternateName\":\"PowerTech Systems\",\"url\":\"https:\\\/\\\/www.powertechsystems.eu\\\/\",\"logo\":{\"@type\":\"ImageObject\",\"inLanguage\":\"fr-FR\",\"@id\":\"https:\\\/\\\/www.powertechsystems.eu\\\/#\\\/schema\\\/logo\\\/image\\\/\",\"url\":\"https:\\\/\\\/www.powertechsystems.eu\\\/wp-content\\\/uploads\\\/sites\\\/2\\\/2016\\\/09\\\/Logo-PTS.jpg\",\"contentUrl\":\"https:\\\/\\\/www.powertechsystems.eu\\\/wp-content\\\/uploads\\\/sites\\\/2\\\/2016\\\/09\\\/Logo-PTS.jpg\",\"width\":499,\"height\":500,\"caption\":\"PowerTech Systems\"},\"image\":{\"@id\":\"https:\\\/\\\/www.powertechsystems.eu\\\/#\\\/schema\\\/logo\\\/image\\\/\"},\"sameAs\":[\"https:\\\/\\\/www.linkedin.com\\\/company\\\/powertech-systems-sas\\\/\"]}]}<\/script>\n<!-- \/ Yoast SEO plugin. -->","yoast_head_json":{"title":"PowerTech Systems","description":"D\u00e9couvrez les syst\u00e8mes avanc\u00e9s de stockage d'\u00e9nergie de PowerTech Systems. Des batteries de puissance innovantes pour r\u00e9pondre aux d\u00e9fis \u00e9nerg\u00e9tiques","robots":{"index":"index","follow":"follow","max-snippet":"max-snippet:-1","max-image-preview":"max-image-preview:large","max-video-preview":"max-video-preview:-1"},"canonical":"https:\/\/www.powertechsystems.eu\/fr\/qui-sommes-nous\/","og_locale":"fr_FR","og_type":"article","og_title":"PowerTech Systems","og_description":"Discover PowerTech Systems, a leading French company specialized in high-performance Lithium-Ion batteries for various applications.","og_url":"https:\/\/www.powertechsystems.eu\/fr\/qui-sommes-nous\/","og_site_name":"PowerTech Systems","article_modified_time":"2026-03-29T13:56:10+00:00","twitter_misc":{"Dur\u00e9e de lecture estim\u00e9e":"5 minutes"},"schema":{"@context":"https:\/\/schema.org","@graph":[{"@type":"WebPage","@id":"https:\/\/www.powertechsystems.eu\/about-us\/","url":"https:\/\/www.powertechsystems.eu\/about-us\/","name":"PowerTech Systems","isPartOf":{"@id":"https:\/\/www.powertechsystems.eu\/#website"},"datePublished":"2015-08-15T12:59:50+00:00","dateModified":"2026-03-29T13:56:10+00:00","description":"D\u00e9couvrez les syst\u00e8mes avanc\u00e9s de stockage d'\u00e9nergie de PowerTech Systems. Des batteries de puissance innovantes pour r\u00e9pondre aux d\u00e9fis \u00e9nerg\u00e9tiques","inLanguage":"fr-FR","potentialAction":[{"@type":"ReadAction","target":["https:\/\/www.powertechsystems.eu\/about-us\/"]}]},{"@type":"WebSite","@id":"https:\/\/www.powertechsystems.eu\/#website","url":"https:\/\/www.powertechsystems.eu\/","name":"PowerTech Systems","description":"Syst\u00e8mes avanc\u00e9s de stockage de l'\u00e9nergie","publisher":{"@id":"https:\/\/www.powertechsystems.eu\/#organization"},"potentialAction":[{"@type":"SearchAction","target":{"@type":"EntryPoint","urlTemplate":"https:\/\/www.powertechsystems.eu\/?s={search_term_string}"},"query-input":{"@type":"PropertyValueSpecification","valueRequired":true,"valueName":"search_term_string"}}],"inLanguage":"fr-FR"},{"@type":"Organization","@id":"https:\/\/www.powertechsystems.eu\/#organization","name":"PowerTech Systems","alternateName":"PowerTech Systems","url":"https:\/\/www.powertechsystems.eu\/","logo":{"@type":"ImageObject","inLanguage":"fr-FR","@id":"https:\/\/www.powertechsystems.eu\/#\/schema\/logo\/image\/","url":"https:\/\/www.powertechsystems.eu\/wp-content\/uploads\/sites\/2\/2016\/09\/Logo-PTS.jpg","contentUrl":"https:\/\/www.powertechsystems.eu\/wp-content\/uploads\/sites\/2\/2016\/09\/Logo-PTS.jpg","width":499,"height":500,"caption":"PowerTech Systems"},"image":{"@id":"https:\/\/www.powertechsystems.eu\/#\/schema\/logo\/image\/"},"sameAs":["https:\/\/www.linkedin.com\/company\/powertech-systems-sas\/"]}]}},"_links":{"self":[{"href":"https:\/\/www.powertechsystems.eu\/fr\/wp-json\/wp\/v2\/pages\/32","targetHints":{"allow":["GET"]}}],"collection":[{"href":"https:\/\/www.powertechsystems.eu\/fr\/wp-json\/wp\/v2\/pages"}],"about":[{"href":"https:\/\/www.powertechsystems.eu\/fr\/wp-json\/wp\/v2\/types\/page"}],"author":[{"embeddable":true,"href":"https:\/\/www.powertechsystems.eu\/fr\/wp-json\/wp\/v2\/users\/1"}],"replies":[{"embeddable":true,"href":"https:\/\/www.powertechsystems.eu\/fr\/wp-json\/wp\/v2\/comments?post=32"}],"version-history":[{"count":0,"href":"https:\/\/www.powertechsystems.eu\/fr\/wp-json\/wp\/v2\/pages\/32\/revisions"}],"wp:attachment":[{"href":"https:\/\/www.powertechsystems.eu\/fr\/wp-json\/wp\/v2\/media?parent=32"}],"curies":[{"name":"wp","href":"https:\/\/api.w.org\/{rel}","templated":true}]}}