{"id":347,"date":"2015-08-17T01:19:03","date_gmt":"2015-08-17T00:19:03","guid":{"rendered":"https:\/\/www.powertechsystems.eu\/tech-corner\/lithium-ion-vs-lead-acid-battery\/"},"modified":"2024-10-11T10:39:38","modified_gmt":"2024-10-11T09:39:38","slug":"avantages-de-la-technologie-lithium-ferro-phosphate","status":"publish","type":"page","link":"https:\/\/www.powertechsystems.eu\/fr\/tech-corner\/lithium-ion-vs-lead-acid-battery\/","title":{"rendered":"Comparatif technique batteries Lithium-ion vs Plomb"},"content":{"rendered":"<link rel=\"preload\" href=\"https:\/\/www.powertechsystems.eu\/wp-content\/uploads\/specs\/T-1275AGM.webp\" as=\"image\">\r\n<link rel=\"preload\" href=\"https:\/\/www.powertechsystems.eu\/wp-content\/uploads\/specs\/PB_Images\/PB12V-100Ah\/PowerBrick+12V-100Ah-Pro2-1-300.webp\" as=\"image\">\r\n\n<div class=\"row\"  id=\"row-1608231819\">\n\n\t<div id=\"col-1677098629\" class=\"col medium-9 small-12 large-9\"  >\n\t\t\t\t<div class=\"col-inner\"  >\n\t\t\t\n\t\t\t\n<div class=\"nav-wrapper\"><ul class=\"nav nav-uppercase nav-horizontal nav-size-small nav-pills text-center nav-center\"><li class=\"\"><a href=\"https:\/\/www.powertechsystems.eu\/fr\/tech-corner\/lead-acid-battery-downsides\/\">Limitations des batteries au Plomb<\/a><\/li><li class=\"\"><a href=\"https:\/\/www.powertechsystems.eu\/fr\/tech-corner\/lithium-ion-battery-advantages\/\">La r\u00e9volution des batteries Lithium-Ion<\/a><\/li><li class=\"active\"><a href=\"https:\/\/www.powertechsystems.eu\/fr\/tech-corner\/lithium-ion-vs-lead-acid-battery\/\">Comparatif technique batteries Lithium-ion vs Plomb<\/a><\/li><li class=\"\"><a href=\"https:\/\/www.powertechsystems.eu\/fr\/tech-corner\/lithium-ion-vs-lead-acid-cost-analysis\/\">Etude de cout du Lithium-Ion vs batteries au Plomb<\/a><\/li><li class=\"\"><a href=\"https:\/\/www.powertechsystems.eu\/fr\/tech-corner\/safety-of-lithium-ion-batteries\/\">La s\u00e9curit\u00e9 des batteries Lithium-ion<\/a><\/li><li class=\"\"><a href=\"https:\/\/www.powertechsystems.eu\/fr\/tech-corner\/lithium-iron-phosphate-lifepo4\/\">La technologie Lithium Fer Phosphate (LiFePO4 ou LFP)<\/a><\/li><li class=\"\"><a href=\"https:\/\/www.powertechsystems.eu\/fr\/tech-corner\/the-solid-state-lithium-battery-revolution\/\">Les batteries Solides ou Solid-State<\/a><\/li><li class=\"\"><a href=\"https:\/\/www.powertechsystems.eu\/fr\/tech-corner\/lithium-ion-state-of-charge-soc-measurement\/\">Mesurer l'\u00e9tat de charge (SOC) d'une batterie Lithium-Ion<\/a><\/li><\/ul><\/div>\n<div class=\"su-divider su-divider-style-dotted\" style=\"margin:25px 0;border-width:2px;border-color:#999999\"><\/div>\n<h1>Comparatif technique batteries Lithium-ion vs Plomb<\/h1>\n<p>Pour effectuer la comparaison, nous prendrons une batterie 12V au plomb et une PowerBrick 12V100Ah avec la technologie Lithium-Iron-Phosphate. <\/p>\n<div class=\"su-list\" style=\"margin-left:0px\">\n<ul>\n<li><i class=\"sui sui-circle-o\" style=\"color:#333\"><\/i> <strong>Batterie au plomb 12V de Trojan<\/strong>, Deep-Cycle Reliant\u2122 AGM : <a href=\"https:\/\/web.archive.org\/web\/20170607011315\/http:\/\/www.trojanbattery.com\/product\/reliant-t1275-agm\/\" target=\"_blank\" rel=\"noopener noreferrer\">Trojan 1275-AGM<\/a>.<\/li>\n<li><i class=\"sui sui-circle-o\" style=\"color:#333\"><\/i> <strong>12V LiFePO4 <\/strong> : <a href=\"\/fr\/produits\/pack-batterie-12v-lithium-powerbrick\/100ah-batterie-lithium-ion-12v-powerbrick\/\">PowerBrick+ 100Ah<\/a> de PowerTech Systems<\/li>\n<\/ul>\n<\/div>\n<div class=\"su-box su-box-style-default my-su-box\" id=\"\" style=\"border-color:#112d51;border-radius:3px;max-width:none\"><div class=\"su-box-title\" style=\"background-color:#446084;color:#FFFFFF;border-top-left-radius:1px;border-top-right-radius:1px\">Batterie AGM Trojan contre batterie au lithium POWERBRICK\u00ae.<\/div><div class=\"su-box-content su-u-clearfix su-u-trim\" style=\"border-bottom-left-radius:1px;border-bottom-right-radius:1px\">\n<div class=\"su-table su-table-alternate\">\n<table>\n<tbody>\n<tr>\n<td style=\"font-size: 14px;text-align: center\" width=\"35%\">TROJAN T1275-AGM<\/td>\n<td style=\"font-size: 14px;text-align: center\" colspan=\"2\" width=\"65%\"><strong>POWERBRICK+ 100<\/strong><\/td>\n<\/tr>\n<tr>\n<td>\n<figure style=\"width: 150px\" class=\"wp-caption aligncenter\"><a href=\"https:\/\/web.archive.org\/web\/20170607011315\/http:\/\/www.trojanbattery.com\/product\/reliant-t1275-agm\/\" target=\"_blank\" rel=\"noopener noreferrer\"><img decoding=\"async\" src=\"\/wp-content\/uploads\/specs\/T-1275AGM.webp\" alt=\"T-1275AGM\" width=\"150px\" height=\"150px\" \/><\/a><figcaption class=\"wp-caption-text\">TROJAN 1275 AGM Cycle profond<\/figcaption><\/figure><\/td>\n<td colspan=\"2\">\n<figure style=\"width: 150px\" class=\"wp-caption aligncenter\"><a href=\"\/fr\/produits\/pack-batterie-12v-lithium-powerbrick\/100ah-batterie-lithium-ion-12v-powerbrick\/\"><img decoding=\"async\" src=\"\/wp-content\/uploads\/specs\/PB_Images\/PB12V-100Ah\/PowerBrick+12V-100Ah-Pro2-1-300.webp\" alt=\"PowerBrick+ 12V - 100Ah - Lithium Ion\" width=\"150px\" height=\"150px\" \/><\/a><figcaption class=\"wp-caption-text\">PowerBrick 12V - 100Ah - LFP<\/figcaption><\/figure><\/td>\n<\/tr>\n<tr>\n<td style=\"text-align: center;vertical-align: middle\">\nLongueur : 329 mm<br \/>\nLargeur : 179 mm<br \/>\nHauteur : 278 mm<\/td>\n<td style=\"text-align: center;vertical-align: middle\" width=\"30%\">Longueur : <strong>260mm<\/strong><br \/>\nLargeur : <strong>168mm<\/strong><br \/>\nHauteur : <strong>212mm<\/strong><\/td>\n<td style=\"text-align: center;vertical-align: middle\" width=\"30%\">\n<div style=\"font-size: 16px;color: #13bf9c\">\n<strong>1.8x<\/strong> plus petit\n<\/div>\n<\/td>\n<\/tr>\n<tr>\n<td style=\"text-align: center;vertical-align: middle\">Poids : 40kg<\/td>\n<td style=\"text-align: center;vertical-align: middle\">Poids : <strong>13,6 kg<\/strong><\/td>\n<td style=\"text-align: center;vertical-align: middle\">\n<div style=\"font-size: 16px;color: #13bf9c\">\n<strong>3x<\/strong> plus l\u00e9ger\n<\/div>\n<\/td>\n<\/tr>\n<tr>\n<td style=\"text-align: center;vertical-align: middle\">Capacity\u00a0@\u00a0C0.5\u00a0:\u00a080Ah<br \/>\nCapacit\u00e9 @ C1 : 100Ah<br \/>\nCapacit\u00e9 @ C5 : 119Ah<\/td>\n<td style=\"text-align: center;vertical-align: middle\">Capacity\u00a0@\u00a0C0.5\u00a0:\u00a0<strong>100Ah<\/strong><br \/>\nCapacit\u00e9 @ C1 : <strong>100Ah<\/strong><br \/>\nCapacit\u00e9 @ C5 : <strong>100Ah<\/strong><\/td>\n<td style=\"text-align: center;vertical-align: middle\">\n<div style=\"font-size: 16px;color: #13bf9c\">\n<strong>Puissance constante<\/strong><br \/>\net <strong>de puissance<\/strong>\n<\/div>\n<\/td>\n<\/tr>\n<tr>\n<td style=\"text-align: center;vertical-align: middle\">500 cycles @ 80% DoD<br \/>\n800 cycles \u00e0 55% DoD<\/td>\n<td style=\"text-align: center;vertical-align: middle\"><strong>4500 cycles<\/strong> @ 80% DoD<br \/>\n<strong>10000 cycles<\/strong> @ 55% DoD<\/td>\n<td style=\"text-align: center;vertical-align: middle\">\n<div style=\"font-size: 16px;color: #13bf9c\">\nDur\u00e9e de vie<br \/>\n<strong>environ 10 fois plus \u00e9lev\u00e9<\/strong>\n<\/div>\n<\/td>\n<\/tr>\n<\/tbody>\n<\/table>\n<\/div>\n<\/div><\/div>\n<div class=\"su-divider su-divider-style-dotted\" style=\"margin:25px 0;border-width:2px;border-color:#999999\"><\/div>\n<div class=\"nav-wrapper\"><ul class=\"nav nav-uppercase nav-vertical nav-pills text-center nav-center\"><li class=\"\"><a href=\"https:\/\/www.powertechsystems.eu\/fr\/tech-corner\/lead-acid-battery-downsides\/\">Limitations des batteries au Plomb<\/a><\/li><li class=\"\"><a href=\"https:\/\/www.powertechsystems.eu\/fr\/tech-corner\/lithium-ion-battery-advantages\/\">La r\u00e9volution des batteries Lithium-Ion<\/a><\/li><li class=\"active\"><a href=\"https:\/\/www.powertechsystems.eu\/fr\/tech-corner\/lithium-ion-vs-lead-acid-battery\/\">Comparatif technique batteries Lithium-ion vs Plomb<\/a><\/li><li class=\"\"><a href=\"https:\/\/www.powertechsystems.eu\/fr\/tech-corner\/lithium-ion-vs-lead-acid-cost-analysis\/\">Etude de cout du Lithium-Ion vs batteries au Plomb<\/a><\/li><li class=\"\"><a href=\"https:\/\/www.powertechsystems.eu\/fr\/tech-corner\/safety-of-lithium-ion-batteries\/\">La s\u00e9curit\u00e9 des batteries Lithium-ion<\/a><\/li><li class=\"\"><a href=\"https:\/\/www.powertechsystems.eu\/fr\/tech-corner\/lithium-iron-phosphate-lifepo4\/\">La technologie Lithium Fer Phosphate (LiFePO4 ou LFP)<\/a><\/li><li class=\"\"><a href=\"https:\/\/www.powertechsystems.eu\/fr\/tech-corner\/the-solid-state-lithium-battery-revolution\/\">Les batteries Solides ou Solid-State<\/a><\/li><li class=\"\"><a href=\"https:\/\/www.powertechsystems.eu\/fr\/tech-corner\/lithium-ion-state-of-charge-soc-measurement\/\">Mesurer l'\u00e9tat de charge (SOC) d'une batterie Lithium-Ion<\/a><\/li><\/ul><\/div>\n<div class=\"su-divider su-divider-style-dotted\" style=\"margin:25px 0;border-width:2px;border-color:#999999\"><\/div>\n<div class=\"sue-panel\" data-url=\"\" data-target=\"self\" style=\"background-color:#ffffff;color:#656363;border-radius:5px;-moz-border-radius:5px;-webkit-border-radius:5px;box-shadow:0px 0px 25px #e9e8e8;-moz-box-shadow:0px 0px 25px #e9e8e8;-webkit-box-shadow:0px 0px 25px #e9e8e8;border:1px solid #cccccc\"><div class=\"sue-panel-content sue-content-wrap\" style=\"padding:1px;text-align:center\"><span style=\"font-size:11px;font-weight: bold;\">Cette page et son contenu sont la propri\u00e9t\u00e9 exclusive de PowerTech Systems. Reproduction interdite sans autorisation.<\/span><\/div><\/div>\r\n\n\t\t<\/div>\n\t\t\t\t\t<\/div>\n\n\t\n\n\t<div id=\"col-1904012534\" class=\"col medium-3 small-12 large-3\"  >\n\t\t\t\t<div class=\"col-inner\"  >\n\t\t\t\n\t\t\t\n\r\n\r\n\n  <div class=\"banner has-hover bg-glow\" id=\"banner-485227465\">\n          <div class=\"banner-inner fill\">\n        <div class=\"banner-bg fill\" >\n            <img decoding=\"async\" width=\"330\" height=\"519\" src=\"https:\/\/www.powertechsystems.eu\/wp-content\/uploads\/sites\/2\/2025\/06\/Home-FR.avif\" class=\"bg attachment-original size-original\" alt=\"\" \/>                                    \n\t<div class=\"is-border hover-fade-out\"\n\t\tstyle=\"border-color:rgba(0, 0, 0, 0.35);border-width:1px 1px 1px 1;\">\n\t<\/div>\n                    <\/div>\n\t\t\n        <div class=\"banner-layers container\">\n            <a class=\"fill\" href=\"\/fr\/produits\/systeme-modulaire-powermodule-48v-lithium\/\"><div class=\"fill banner-link\"><\/div><\/a>                    <\/div>\n      <\/div>\n\n            \n<style>\n#banner-485227465 {\n  padding-top: 152%;\n}\n<\/style>\n  <\/div>\n\n\r\n\r\n\r\n<br>\r\n\r\n<div class=\"su-box su-box-style-default my-su-box\" id=\"\" style=\"border-color:#000000;border-radius:3px;max-width:none\"><div class=\"su-box-title\" style=\"background-color:#333333;color:#FFFFFF;border-top-left-radius:1px;border-top-right-radius:1px\">Batteries LFP Haute Puissance : <br>Gamme PowerBrick\u00ae<\/div><div class=\"su-box-content su-u-clearfix su-u-trim\" style=\"border-bottom-left-radius:1px;border-bottom-right-radius:1px\">\r\n<center><a href=\"\/fr\/produits\/pack-batterie-12v-lithium-powerbrick\/\">\r\n<img decoding=\"async\" class=\"aligncenter size-medium wp-image-2531\" src=\"\/wp-content\/uploads\/sites\/2\/2016\/05\/PowerBrick-V-300-300x182.webp\" alt=\"Batterie 12V Lithium-Ion - PowerBrick+ (en anglais)\" width=\"300\" height=\"182\" \/><br \/>\t \t \r\n<img decoding=\"async\" class=\"size-medium wp-image-1688\" src=\"\/wp-content\/uploads\/sites\/2\/2016\/01\/PBrick-300x193.webp\" alt=\"Batterie 12V Lithium-Ion - PowerBrick+ (en anglais)\" width=\"300\" height=\"193\" \/><\/a>\r\n<\/center>\r\n<\/div><\/div>\r\n\r\n<div class=\"su-box su-box-style-default my-su-box\" id=\"\" style=\"border-color:#000000;border-radius:3px;max-width:none\"><div class=\"su-box-title\" style=\"background-color:#333333;color:#FFFFFF;border-top-left-radius:1px;border-top-right-radius:1px\">Batteries Lithium Modulaires :<br>Gamme PowerModule\u00ae<\/div><div class=\"su-box-content su-u-clearfix su-u-trim\" style=\"border-bottom-left-radius:1px;border-bottom-right-radius:1px\">\r\n<center><a href=\"\/fr\/produits\/systeme-modulaire-powermodule-48v-lithium\/\"><img decoding=\"async\" class=\"aligncenter size-medium wp-image-2534\" src=\"\/wp-content\/uploads\/sites\/2\/2016\/05\/PowerModule-V-300-300x150.webp\" alt=\"PowerModule Batterie modulaire au lithium - PowerModule\" width=\"200\" height=\"100\" \/><br \/>\t \t \r\n<img decoding=\"async\" class=\"aligncenter size-medium wp-image-825\" src=\"\/wp-content\/uploads\/sites\/2\/2019\/10\/PowerModule-v2-300x200.webp\" alt=\"PowerModule - Batterie modulaire au lithium pour la traction\" width=\"300\" height=\"200\" \/>\r\n<img decoding=\"async\" src=\"\/wp-content\/uploads\/sites\/2\/2022\/04\/MIF_V_EN-275x400.webp\" alt=\"PowerTech fabrique en en France\" width=\"138\" height=\"200\" class=\"aligncenter size-medium wp-image-11736\" \/>\r\n<\/a><\/center>\r\n<\/div><\/div>\r\n\r\n<div class=\"su-divider su-divider-style-dotted\" style=\"margin:40px 0;border-width:2px;border-color:#999999\"><\/div>\r\n<div style=\"text-align:center;\"><img decoding=\"async\" src=\"\/wp-content\/uploads\/sites\/2\/2019\/12\/Logo-AFAQ-9001-150x150.webp\" alt=\"PowerTech est certifi\u00e9e ISO-9001\" width=\"150\" height=\"150\" class=\"aligncenter size-thumbnail\" \/><br\/>PowerTech est<br><b>Certifi\u00e9 ISO-9001<\/b>\r\n<\/div>\r\n<div class=\"su-divider su-divider-style-dotted\" style=\"margin:40px 0;border-width:2px;border-color:#999999\"><\/div>\r\n<div style=\"text-align:center;\"><a href=\"\/fr\/powertech-systems-fait-desormais-parti-de-la-french-tech\/\"><img decoding=\"async\" src=\"\/wp-content\/uploads\/sites\/2\/2018\/11\/FrenchTech.png\" alt=\"PowerTech fait partie de FrenchTech depuis 2018\" width=\"150\" height=\"150\" class=\"aligncenter size-thumbnail\" \/>\r\n<br>&nbsp;<br><img decoding=\"async\" src=\"\/wp-content\/uploads\/sites\/2\/2025\/06\/French-Fab.avif\" alt=\"PowerTech fait partie de FrenchFab depuis 2018\" width=\"150\" height=\"90\" class=\"aligncenter size-thumbnail\" \/>\r\n<br>PowerTech est membre de <br><b>FrenchTech<\/b> et <b>FrenchFab<\/b><br>depuis 2018<\/a>\r\n<\/div>\r\n<div class=\"su-divider su-divider-style-dotted\" style=\"margin:40px 0;border-width:2px;border-color:#999999\"><\/div>\n\t\t<\/div>\n\t\t\t\t\t<\/div>\n\n\t\n<\/div>\n\t<div id=\"gap-2034679274\" class=\"gap-element clearfix\" style=\"display:block; height:auto;\">\n\t\t\n<style>\n#gap-2034679274 {\n  padding-top: 30px;\n}\n<\/style>\n\t<\/div>","protected":false},"excerpt":{"rendered":"","protected":false},"author":1,"featured_media":13671,"parent":264,"menu_order":2,"comment_status":"closed","ping_status":"closed","template":"","meta":{"footnotes":""},"class_list":["post-347","page","type-page","status-publish","has-post-thumbnail","hentry"],"yoast_head":"<!-- This site is optimized with the Yoast SEO plugin v27.6 - https:\/\/yoast.com\/product\/yoast-seo-wordpress\/ -->\n<title>Lithium-Ion vs Lead-Acid Battery: A Comprehensive Comparison<\/title>\n<meta name=\"description\" content=\"Comparison of Lithium-Ion vs Lead-Acid battery : Discover the differences in size, weight, and capacity for a Trojan AGM and PowerBrick.\" \/>\n<meta name=\"robots\" content=\"index, follow, max-snippet:-1, max-image-preview:large, max-video-preview:-1\" \/>\n<link rel=\"canonical\" href=\"https:\/\/www.powertechsystems.eu\/fr\/technique\/avantages-de-la-technologie-lithium-ferro-phosphate\/\" \/>\n<meta property=\"og:locale\" content=\"fr_FR\" \/>\n<meta property=\"og:type\" content=\"article\" \/>\n<meta property=\"og:title\" content=\"Lithium-Ion vs Lead-Acid Battery: A Comprehensive Comparison\" \/>\n<meta property=\"og:description\" content=\"Comparison of Lithium-Ion vs Lead-Acid battery : Discover the differences in size, weight, and capacity for a Trojan AGM and PowerBrick.\" \/>\n<meta property=\"og:url\" content=\"https:\/\/www.powertechsystems.eu\/fr\/technique\/avantages-de-la-technologie-lithium-ferro-phosphate\/\" \/>\n<meta property=\"og:site_name\" content=\"PowerTech Systems\" \/>\n<meta property=\"article:modified_time\" content=\"2024-10-11T09:39:38+00:00\" \/>\n<meta property=\"og:image\" content=\"https:\/\/www.powertechsystems.eu\/wp-content\/uploads\/sites\/2\/2024\/09\/PowerBrick_Video.webp\" \/>\n\t<meta property=\"og:image:width\" content=\"320\" \/>\n\t<meta property=\"og:image:height\" content=\"240\" \/>\n\t<meta property=\"og:image:type\" content=\"image\/webp\" \/>\n<meta name=\"twitter:label1\" content=\"Dur\u00e9e de lecture estim\u00e9e\" \/>\n\t<meta name=\"twitter:data1\" content=\"2 minutes\" \/>\n<script type=\"application\/ld+json\" class=\"yoast-schema-graph\">{\"@context\":\"https:\\\/\\\/schema.org\",\"@graph\":[{\"@type\":\"WebPage\",\"@id\":\"https:\\\/\\\/www.powertechsystems.eu\\\/tech-corner\\\/lithium-ion-vs-lead-acid-battery\\\/\",\"url\":\"https:\\\/\\\/www.powertechsystems.eu\\\/tech-corner\\\/lithium-ion-vs-lead-acid-battery\\\/\",\"name\":\"Lithium-Ion vs Lead-Acid Battery: A Comprehensive Comparison\",\"isPartOf\":{\"@id\":\"https:\\\/\\\/www.powertechsystems.eu\\\/#website\"},\"primaryImageOfPage\":{\"@id\":\"https:\\\/\\\/www.powertechsystems.eu\\\/tech-corner\\\/lithium-ion-vs-lead-acid-battery\\\/#primaryimage\"},\"image\":{\"@id\":\"https:\\\/\\\/www.powertechsystems.eu\\\/tech-corner\\\/lithium-ion-vs-lead-acid-battery\\\/#primaryimage\"},\"thumbnailUrl\":\"https:\\\/\\\/www.powertechsystems.eu\\\/wp-content\\\/uploads\\\/sites\\\/2\\\/2024\\\/09\\\/PowerBrick_Video.webp\",\"datePublished\":\"2015-08-17T00:19:03+00:00\",\"dateModified\":\"2024-10-11T09:39:38+00:00\",\"description\":\"Comparison of Lithium-Ion vs Lead-Acid battery : Discover the differences in size, weight, and capacity for a Trojan AGM and PowerBrick.\",\"breadcrumb\":{\"@id\":\"https:\\\/\\\/www.powertechsystems.eu\\\/tech-corner\\\/lithium-ion-vs-lead-acid-battery\\\/#breadcrumb\"},\"inLanguage\":\"fr-FR\",\"potentialAction\":[{\"@type\":\"ReadAction\",\"target\":[\"https:\\\/\\\/www.powertechsystems.eu\\\/tech-corner\\\/lithium-ion-vs-lead-acid-battery\\\/\"]}]},{\"@type\":\"ImageObject\",\"inLanguage\":\"fr-FR\",\"@id\":\"https:\\\/\\\/www.powertechsystems.eu\\\/tech-corner\\\/lithium-ion-vs-lead-acid-battery\\\/#primaryimage\",\"url\":\"https:\\\/\\\/www.powertechsystems.eu\\\/wp-content\\\/uploads\\\/sites\\\/2\\\/2024\\\/09\\\/PowerBrick_Video.webp\",\"contentUrl\":\"https:\\\/\\\/www.powertechsystems.eu\\\/wp-content\\\/uploads\\\/sites\\\/2\\\/2024\\\/09\\\/PowerBrick_Video.webp\",\"width\":320,\"height\":240},{\"@type\":\"BreadcrumbList\",\"@id\":\"https:\\\/\\\/www.powertechsystems.eu\\\/tech-corner\\\/lithium-ion-vs-lead-acid-battery\\\/#breadcrumb\",\"itemListElement\":[{\"@type\":\"ListItem\",\"position\":1,\"name\":\"Tech Corner\",\"item\":\"https:\\\/\\\/www.powertechsystems.eu\\\/tech-corner\\\/\"},{\"@type\":\"ListItem\",\"position\":2,\"name\":\"Lithium-Ion vs Lead-Acid battery\"}]},{\"@type\":\"WebSite\",\"@id\":\"https:\\\/\\\/www.powertechsystems.eu\\\/#website\",\"url\":\"https:\\\/\\\/www.powertechsystems.eu\\\/\",\"name\":\"PowerTech Systems\",\"description\":\"Advanced Energy Storage Systems\",\"publisher\":{\"@id\":\"https:\\\/\\\/www.powertechsystems.eu\\\/#organization\"},\"potentialAction\":[{\"@type\":\"SearchAction\",\"target\":{\"@type\":\"EntryPoint\",\"urlTemplate\":\"https:\\\/\\\/www.powertechsystems.eu\\\/?s={search_term_string}\"},\"query-input\":{\"@type\":\"PropertyValueSpecification\",\"valueRequired\":true,\"valueName\":\"search_term_string\"}}],\"inLanguage\":\"fr-FR\"},{\"@type\":\"Organization\",\"@id\":\"https:\\\/\\\/www.powertechsystems.eu\\\/#organization\",\"name\":\"PowerTech Systems\",\"alternateName\":\"PowerTech Systems\",\"url\":\"https:\\\/\\\/www.powertechsystems.eu\\\/\",\"logo\":{\"@type\":\"ImageObject\",\"inLanguage\":\"fr-FR\",\"@id\":\"https:\\\/\\\/www.powertechsystems.eu\\\/#\\\/schema\\\/logo\\\/image\\\/\",\"url\":\"https:\\\/\\\/www.powertechsystems.eu\\\/wp-content\\\/uploads\\\/sites\\\/2\\\/2016\\\/09\\\/Logo-PTS.jpg\",\"contentUrl\":\"https:\\\/\\\/www.powertechsystems.eu\\\/wp-content\\\/uploads\\\/sites\\\/2\\\/2016\\\/09\\\/Logo-PTS.jpg\",\"width\":499,\"height\":500,\"caption\":\"PowerTech Systems\"},\"image\":{\"@id\":\"https:\\\/\\\/www.powertechsystems.eu\\\/#\\\/schema\\\/logo\\\/image\\\/\"},\"sameAs\":[\"https:\\\/\\\/www.linkedin.com\\\/company\\\/powertech-systems-sas\\\/\"]}]}<\/script>\n<!-- \/ Yoast SEO plugin. -->","yoast_head_json":{"title":"Avantages de la technologie Lithium Ferro Phosphate (LFP - LiFePo4). Estimation du nombre de cycles du Lithium Fer Phosphate","description":"Comparaison des batteries lithium-ion et plomb-acide : D\u00e9couvrez les diff\u00e9rences de taille, de poids et de capacit\u00e9 entre les batteries AGM et PowerBrick de Trojan.","robots":{"index":"index","follow":"follow","max-snippet":"max-snippet:-1","max-image-preview":"max-image-preview:large","max-video-preview":"max-video-preview:-1"},"canonical":"https:\/\/www.powertechsystems.eu\/fr\/technique\/avantages-de-la-technologie-lithium-ferro-phosphate\/","og_locale":"fr_FR","og_type":"article","og_title":"Lithium-Ion vs Lead-Acid Battery: A Comprehensive Comparison","og_description":"Comparison of Lithium-Ion vs Lead-Acid battery : Discover the differences in size, weight, and capacity for a Trojan AGM and PowerBrick.","og_url":"https:\/\/www.powertechsystems.eu\/fr\/technique\/avantages-de-la-technologie-lithium-ferro-phosphate\/","og_site_name":"PowerTech Systems","article_modified_time":"2024-10-11T09:39:38+00:00","og_image":[{"width":320,"height":240,"url":"https:\/\/www.powertechsystems.eu\/wp-content\/uploads\/sites\/2\/2024\/09\/PowerBrick_Video.webp","type":"image\/webp"}],"twitter_misc":{"Dur\u00e9e de lecture estim\u00e9e":"2 minutes"},"schema":{"@context":"https:\/\/schema.org","@graph":[{"@type":"WebPage","@id":"https:\/\/www.powertechsystems.eu\/tech-corner\/lithium-ion-vs-lead-acid-battery\/","url":"https:\/\/www.powertechsystems.eu\/tech-corner\/lithium-ion-vs-lead-acid-battery\/","name":"Avantages de la technologie Lithium Ferro Phosphate (LFP - LiFePo4). Estimation du nombre de cycles du Lithium Fer Phosphate","isPartOf":{"@id":"https:\/\/www.powertechsystems.eu\/#website"},"primaryImageOfPage":{"@id":"https:\/\/www.powertechsystems.eu\/tech-corner\/lithium-ion-vs-lead-acid-battery\/#primaryimage"},"image":{"@id":"https:\/\/www.powertechsystems.eu\/tech-corner\/lithium-ion-vs-lead-acid-battery\/#primaryimage"},"thumbnailUrl":"https:\/\/www.powertechsystems.eu\/wp-content\/uploads\/sites\/2\/2024\/09\/PowerBrick_Video.webp","datePublished":"2015-08-17T00:19:03+00:00","dateModified":"2024-10-11T09:39:38+00:00","description":"Comparaison des batteries lithium-ion et plomb-acide : D\u00e9couvrez les diff\u00e9rences de taille, de poids et de capacit\u00e9 entre les batteries AGM et PowerBrick de Trojan.","breadcrumb":{"@id":"https:\/\/www.powertechsystems.eu\/tech-corner\/lithium-ion-vs-lead-acid-battery\/#breadcrumb"},"inLanguage":"fr-FR","potentialAction":[{"@type":"ReadAction","target":["https:\/\/www.powertechsystems.eu\/tech-corner\/lithium-ion-vs-lead-acid-battery\/"]}]},{"@type":"ImageObject","inLanguage":"fr-FR","@id":"https:\/\/www.powertechsystems.eu\/tech-corner\/lithium-ion-vs-lead-acid-battery\/#primaryimage","url":"https:\/\/www.powertechsystems.eu\/wp-content\/uploads\/sites\/2\/2024\/09\/PowerBrick_Video.webp","contentUrl":"https:\/\/www.powertechsystems.eu\/wp-content\/uploads\/sites\/2\/2024\/09\/PowerBrick_Video.webp","width":320,"height":240},{"@type":"BreadcrumbList","@id":"https:\/\/www.powertechsystems.eu\/tech-corner\/lithium-ion-vs-lead-acid-battery\/#breadcrumb","itemListElement":[{"@type":"ListItem","position":1,"name":"Tech Corner","item":"https:\/\/www.powertechsystems.eu\/tech-corner\/"},{"@type":"ListItem","position":2,"name":"Lithium-Ion vs Lead-Acid battery"}]},{"@type":"WebSite","@id":"https:\/\/www.powertechsystems.eu\/#website","url":"https:\/\/www.powertechsystems.eu\/","name":"PowerTech Systems","description":"Syst\u00e8mes avanc\u00e9s de stockage de l'\u00e9nergie","publisher":{"@id":"https:\/\/www.powertechsystems.eu\/#organization"},"potentialAction":[{"@type":"SearchAction","target":{"@type":"EntryPoint","urlTemplate":"https:\/\/www.powertechsystems.eu\/?s={search_term_string}"},"query-input":{"@type":"PropertyValueSpecification","valueRequired":true,"valueName":"search_term_string"}}],"inLanguage":"fr-FR"},{"@type":"Organization","@id":"https:\/\/www.powertechsystems.eu\/#organization","name":"PowerTech Systems","alternateName":"PowerTech Systems","url":"https:\/\/www.powertechsystems.eu\/","logo":{"@type":"ImageObject","inLanguage":"fr-FR","@id":"https:\/\/www.powertechsystems.eu\/#\/schema\/logo\/image\/","url":"https:\/\/www.powertechsystems.eu\/wp-content\/uploads\/sites\/2\/2016\/09\/Logo-PTS.jpg","contentUrl":"https:\/\/www.powertechsystems.eu\/wp-content\/uploads\/sites\/2\/2016\/09\/Logo-PTS.jpg","width":499,"height":500,"caption":"PowerTech Systems"},"image":{"@id":"https:\/\/www.powertechsystems.eu\/#\/schema\/logo\/image\/"},"sameAs":["https:\/\/www.linkedin.com\/company\/powertech-systems-sas\/"]}]}},"_links":{"self":[{"href":"https:\/\/www.powertechsystems.eu\/fr\/wp-json\/wp\/v2\/pages\/347","targetHints":{"allow":["GET"]}}],"collection":[{"href":"https:\/\/www.powertechsystems.eu\/fr\/wp-json\/wp\/v2\/pages"}],"about":[{"href":"https:\/\/www.powertechsystems.eu\/fr\/wp-json\/wp\/v2\/types\/page"}],"author":[{"embeddable":true,"href":"https:\/\/www.powertechsystems.eu\/fr\/wp-json\/wp\/v2\/users\/1"}],"replies":[{"embeddable":true,"href":"https:\/\/www.powertechsystems.eu\/fr\/wp-json\/wp\/v2\/comments?post=347"}],"version-history":[{"count":0,"href":"https:\/\/www.powertechsystems.eu\/fr\/wp-json\/wp\/v2\/pages\/347\/revisions"}],"up":[{"embeddable":true,"href":"https:\/\/www.powertechsystems.eu\/fr\/wp-json\/wp\/v2\/pages\/264"}],"wp:featuredmedia":[{"embeddable":true,"href":"https:\/\/www.powertechsystems.eu\/fr\/wp-json\/wp\/v2\/media\/13671"}],"wp:attachment":[{"href":"https:\/\/www.powertechsystems.eu\/fr\/wp-json\/wp\/v2\/media?parent=347"}],"curies":[{"name":"wp","href":"https:\/\/api.w.org\/{rel}","templated":true}]}}