{"id":44,"date":"2015-08-15T14:30:32","date_gmt":"2015-08-15T13:30:32","guid":{"rendered":"https:\/\/www.powertechsystems.eu\/applications\/"},"modified":"2026-03-24T16:32:04","modified_gmt":"2026-03-24T15:32:04","slug":"applications-des-batteries-lithium-ion","status":"publish","type":"page","link":"https:\/\/www.powertechsystems.eu\/fr\/applications\/","title":{"rendered":"Applications du lithium-ion"},"content":{"rendered":"<h1>Applications du lithium-ion<\/h1>\n<center><a href=\"\/fr\/applications-des-batteries-lithium-ion\/traction-et-emobilite\/batteries-lithium-pour-traction-marine\/\" class=\"button primary is-small\" style=\"border-radius:99px;\">\n\t\t<span>Traction et E-mobilit\u00e9<\/span>\n\t<\/a>\n\r\n<a href=\"\/fr\/applications-des-batteries-lithium-ion\/stockage-energie\/batteries-stationnaires\/\" class=\"button primary is-outline is-small\" style=\"border-radius:99px;\">\n\t\t<span>Stockage de l'\u00e9nergie<\/span>\n\t<\/a>\n\r\n<a href=\"\/fr\/applications-des-batteries-lithium-ion\/portable-energy\/systeme-denergie-portable\/\" class=\"button primary is-outline is-small\" style=\"border-radius:99px;\">\n\t\t<span>\u00c9nergie mobile<\/span>\n\t<\/a>\n\r\n<\/center>\r\n\t<div id=\"gap-1984563530\" class=\"gap-element clearfix\" style=\"display:block; height:auto;\">\n\t\t\n<style>\n#gap-1984563530 {\n  padding-top: 20px;\n}\n<\/style>\n\t<\/div>","protected":false},"excerpt":{"rendered":"<p>Applications du lithium-ion<\/p>","protected":false},"author":1,"featured_media":0,"parent":0,"menu_order":0,"comment_status":"closed","ping_status":"closed","template":"","meta":{"footnotes":""},"class_list":["post-44","page","type-page","status-publish","hentry"],"yoast_head":"<!-- This site is optimized with the Yoast SEO plugin v27.6 - https:\/\/yoast.com\/product\/yoast-seo-wordpress\/ -->\n<title>Lithium-ion Battery Applications | Lithium Rechargeable Batteries<\/title>\n<meta name=\"description\" content=\"Lithium-ion batteries is power of your cell phone and your laptop. Lithium-ion applications, including important features such as safety and reliability.\" \/>\n<meta name=\"robots\" content=\"index, follow, max-snippet:-1, max-image-preview:large, max-video-preview:-1\" \/>\n<link rel=\"canonical\" href=\"https:\/\/www.powertechsystems.eu\/fr\/applications-des-batteries-lithium-ion\/\" \/>\n<meta property=\"og:locale\" content=\"fr_FR\" \/>\n<meta property=\"og:type\" content=\"article\" \/>\n<meta property=\"og:title\" content=\"Lithium-ion Battery Applications | Lithium Rechargeable Batteries\" \/>\n<meta property=\"og:description\" content=\"Lithium-ion batteries is power of your cell phone and your laptop. Lithium-ion applications, including important features such as safety and reliability.\" \/>\n<meta property=\"og:url\" content=\"https:\/\/www.powertechsystems.eu\/fr\/applications-des-batteries-lithium-ion\/\" \/>\n<meta property=\"og:site_name\" content=\"PowerTech Systems\" \/>\n<meta property=\"article:modified_time\" content=\"2026-03-24T15:32:04+00:00\" \/>\n<meta name=\"twitter:label1\" content=\"Dur\u00e9e de lecture estim\u00e9e\" \/>\n\t<meta name=\"twitter:data1\" content=\"1 minute\" \/>\n<script type=\"application\/ld+json\" class=\"yoast-schema-graph\">{\"@context\":\"https:\\\/\\\/schema.org\",\"@graph\":[{\"@type\":\"WebPage\",\"@id\":\"https:\\\/\\\/www.powertechsystems.eu\\\/applications\\\/\",\"url\":\"https:\\\/\\\/www.powertechsystems.eu\\\/applications\\\/\",\"name\":\"Lithium-ion Battery Applications | Lithium Rechargeable Batteries\",\"isPartOf\":{\"@id\":\"https:\\\/\\\/www.powertechsystems.eu\\\/#website\"},\"datePublished\":\"2015-08-15T13:30:32+00:00\",\"dateModified\":\"2026-03-24T15:32:04+00:00\",\"description\":\"Lithium-ion batteries is power of your cell phone and your laptop. Lithium-ion applications, including important features such as safety and reliability.\",\"inLanguage\":\"fr-FR\",\"potentialAction\":[{\"@type\":\"ReadAction\",\"target\":[\"https:\\\/\\\/www.powertechsystems.eu\\\/applications\\\/\"]}]},{\"@type\":\"WebSite\",\"@id\":\"https:\\\/\\\/www.powertechsystems.eu\\\/#website\",\"url\":\"https:\\\/\\\/www.powertechsystems.eu\\\/\",\"name\":\"PowerTech Systems\",\"description\":\"Advanced Energy Storage Systems\",\"publisher\":{\"@id\":\"https:\\\/\\\/www.powertechsystems.eu\\\/#organization\"},\"potentialAction\":[{\"@type\":\"SearchAction\",\"target\":{\"@type\":\"EntryPoint\",\"urlTemplate\":\"https:\\\/\\\/www.powertechsystems.eu\\\/?s={search_term_string}\"},\"query-input\":{\"@type\":\"PropertyValueSpecification\",\"valueRequired\":true,\"valueName\":\"search_term_string\"}}],\"inLanguage\":\"fr-FR\"},{\"@type\":\"Organization\",\"@id\":\"https:\\\/\\\/www.powertechsystems.eu\\\/#organization\",\"name\":\"PowerTech Systems\",\"alternateName\":\"PowerTech Systems\",\"url\":\"https:\\\/\\\/www.powertechsystems.eu\\\/\",\"logo\":{\"@type\":\"ImageObject\",\"inLanguage\":\"fr-FR\",\"@id\":\"https:\\\/\\\/www.powertechsystems.eu\\\/#\\\/schema\\\/logo\\\/image\\\/\",\"url\":\"https:\\\/\\\/www.powertechsystems.eu\\\/wp-content\\\/uploads\\\/sites\\\/2\\\/2016\\\/09\\\/Logo-PTS.jpg\",\"contentUrl\":\"https:\\\/\\\/www.powertechsystems.eu\\\/wp-content\\\/uploads\\\/sites\\\/2\\\/2016\\\/09\\\/Logo-PTS.jpg\",\"width\":499,\"height\":500,\"caption\":\"PowerTech Systems\"},\"image\":{\"@id\":\"https:\\\/\\\/www.powertechsystems.eu\\\/#\\\/schema\\\/logo\\\/image\\\/\"},\"sameAs\":[\"https:\\\/\\\/www.linkedin.com\\\/company\\\/powertech-systems-sas\\\/\"]}]}<\/script>\n<!-- \/ Yoast SEO plugin. -->","yoast_head_json":{"title":"Applications des batteries au lithium-ion | Batteries rechargeables au lithium","description":"Les batteries au lithium-ion sont la source d'\u00e9nergie de votre t\u00e9l\u00e9phone cellulaire et de votre ordinateur portable. Les applications lithium-ion, y compris les caract\u00e9ristiques importantes telles que la s\u00e9curit\u00e9 et la fiabilit\u00e9.","robots":{"index":"index","follow":"follow","max-snippet":"max-snippet:-1","max-image-preview":"max-image-preview:large","max-video-preview":"max-video-preview:-1"},"canonical":"https:\/\/www.powertechsystems.eu\/fr\/applications-des-batteries-lithium-ion\/","og_locale":"fr_FR","og_type":"article","og_title":"Lithium-ion Battery Applications | Lithium Rechargeable Batteries","og_description":"Lithium-ion batteries is power of your cell phone and your laptop. Lithium-ion applications, including important features such as safety and reliability.","og_url":"https:\/\/www.powertechsystems.eu\/fr\/applications-des-batteries-lithium-ion\/","og_site_name":"PowerTech Systems","article_modified_time":"2026-03-24T15:32:04+00:00","twitter_misc":{"Dur\u00e9e de lecture estim\u00e9e":"1 minute"},"schema":{"@context":"https:\/\/schema.org","@graph":[{"@type":"WebPage","@id":"https:\/\/www.powertechsystems.eu\/applications\/","url":"https:\/\/www.powertechsystems.eu\/applications\/","name":"Applications des batteries au lithium-ion | Batteries rechargeables au lithium","isPartOf":{"@id":"https:\/\/www.powertechsystems.eu\/#website"},"datePublished":"2015-08-15T13:30:32+00:00","dateModified":"2026-03-24T15:32:04+00:00","description":"Les batteries au lithium-ion sont la source d'\u00e9nergie de votre t\u00e9l\u00e9phone cellulaire et de votre ordinateur portable. Les applications lithium-ion, y compris les caract\u00e9ristiques importantes telles que la s\u00e9curit\u00e9 et la fiabilit\u00e9.","inLanguage":"fr-FR","potentialAction":[{"@type":"ReadAction","target":["https:\/\/www.powertechsystems.eu\/applications\/"]}]},{"@type":"WebSite","@id":"https:\/\/www.powertechsystems.eu\/#website","url":"https:\/\/www.powertechsystems.eu\/","name":"PowerTech Systems","description":"Syst\u00e8mes avanc\u00e9s de stockage de l'\u00e9nergie","publisher":{"@id":"https:\/\/www.powertechsystems.eu\/#organization"},"potentialAction":[{"@type":"SearchAction","target":{"@type":"EntryPoint","urlTemplate":"https:\/\/www.powertechsystems.eu\/?s={search_term_string}"},"query-input":{"@type":"PropertyValueSpecification","valueRequired":true,"valueName":"search_term_string"}}],"inLanguage":"fr-FR"},{"@type":"Organization","@id":"https:\/\/www.powertechsystems.eu\/#organization","name":"PowerTech Systems","alternateName":"PowerTech Systems","url":"https:\/\/www.powertechsystems.eu\/","logo":{"@type":"ImageObject","inLanguage":"fr-FR","@id":"https:\/\/www.powertechsystems.eu\/#\/schema\/logo\/image\/","url":"https:\/\/www.powertechsystems.eu\/wp-content\/uploads\/sites\/2\/2016\/09\/Logo-PTS.jpg","contentUrl":"https:\/\/www.powertechsystems.eu\/wp-content\/uploads\/sites\/2\/2016\/09\/Logo-PTS.jpg","width":499,"height":500,"caption":"PowerTech Systems"},"image":{"@id":"https:\/\/www.powertechsystems.eu\/#\/schema\/logo\/image\/"},"sameAs":["https:\/\/www.linkedin.com\/company\/powertech-systems-sas\/"]}]}},"_links":{"self":[{"href":"https:\/\/www.powertechsystems.eu\/fr\/wp-json\/wp\/v2\/pages\/44","targetHints":{"allow":["GET"]}}],"collection":[{"href":"https:\/\/www.powertechsystems.eu\/fr\/wp-json\/wp\/v2\/pages"}],"about":[{"href":"https:\/\/www.powertechsystems.eu\/fr\/wp-json\/wp\/v2\/types\/page"}],"author":[{"embeddable":true,"href":"https:\/\/www.powertechsystems.eu\/fr\/wp-json\/wp\/v2\/users\/1"}],"replies":[{"embeddable":true,"href":"https:\/\/www.powertechsystems.eu\/fr\/wp-json\/wp\/v2\/comments?post=44"}],"version-history":[{"count":0,"href":"https:\/\/www.powertechsystems.eu\/fr\/wp-json\/wp\/v2\/pages\/44\/revisions"}],"wp:attachment":[{"href":"https:\/\/www.powertechsystems.eu\/fr\/wp-json\/wp\/v2\/media?parent=44"}],"curies":[{"name":"wp","href":"https:\/\/api.w.org\/{rel}","templated":true}]}}