{"id":53,"date":"2015-08-15T14:41:30","date_gmt":"2015-08-15T13:41:30","guid":{"rendered":"https:\/\/www.powertechsystems.eu\/products\/others\/custom-lithium-ion-batteries\/"},"modified":"2024-12-08T21:05:01","modified_gmt":"2024-12-08T20:05:01","slug":"batteries-lithium-ion-sur-mesure","status":"publish","type":"page","link":"https:\/\/www.powertechsystems.eu\/fr\/products\/others\/custom-lithium-ion-batteries\/","title":{"rendered":"Batteries lithium-ion Sur Mesure"},"content":{"rendered":"<div class=\"nav-wrapper\"><ul class=\"nav nav-uppercase nav-horizontal nav-size-small nav-pills text-center nav-center\"><li class=><a href=\"https:\/\/www.powertechsystems.eu\/fr\/products\/others\/battery-management-system-bms\/\">Battery Management System (BMS)<\/a><\/li><li class=><a href=\"https:\/\/www.powertechsystems.eu\/fr\/products\/others\/soc-measurement-coulomb-counters\/\">SoC Measurement &amp; Coulomb Counters<\/a><\/li><li class=active><a href=\"https:\/\/www.powertechsystems.eu\/fr\/products\/others\/custom-lithium-ion-batteries\/\">Custom Lithium-Ion batteries<\/a><\/li><\/ul><\/div>\n\t<div id=\"gap-459405718\" class=\"gap-element clearfix\" style=\"display:block; height:auto;\">\n\t\t\n<style>\n#gap-459405718 {\n  padding-top: 15px;\n}\n<\/style>\n\t<\/div>\n\t\n<h1>Custom Lithium-Ion batteries<\/h1>\n<div class=\"alignright\">\n<figure id=\"attachment_9215\" aria-describedby=\"caption-attachment-9215\" style=\"width: 400px\" class=\"wp-caption aligncenter\"><img decoding=\"async\" src=\"https:\/\/www.powertechsystems.eu\/wp-content\/uploads\/sites\/2\/2019\/11\/Custom-Battery-400x267.jpg\" alt=\"Custom lithium battery design\" width=\"400\" height=\"267\" class=\"aligncenter size-medium wp-image-10099\" srcset=\"https:\/\/www.powertechsystems.eu\/wp-content\/uploads\/sites\/2\/2019\/11\/Custom-Battery-400x267.jpg 400w, https:\/\/www.powertechsystems.eu\/wp-content\/uploads\/sites\/2\/2019\/11\/Custom-Battery-18x12.jpg 18w, https:\/\/www.powertechsystems.eu\/wp-content\/uploads\/sites\/2\/2019\/11\/Custom-Battery.jpg 700w\" sizes=\"(max-width: 400px) 100vw, 400px\" \/><figcaption id=\"caption-attachment-9215\" class=\"wp-caption-text\">Custom battery design<\/figcaption><\/figure>\n<\/div>\n<p>PowerTech Systems specializes in the custom design of Lithium-Ion power batteries. Our expertise allows us to design and implement solutions that meet the specific demands of our clients.<\/p>\n<p>The most common integration needs are tailored to a specific environment (operating temperature constraints, shape or size packs, resistance to vibration and sealing, etc.).<\/p>\n<p><a href=\"https:\/\/www.powertechsystems.eu\/lithium-ion-battery-estaca-salt-ready\/\" target=\"_blank\">See an example of design and assembly of custom battery <\/a><\/p>\n<p>Our approach addresses a structured methodology:<\/p>\n<ul>\n<li>Select cells that meet the constraints expressed (size, power, energy density, etc.)<\/li>\n<li>Design any external systems (cooling, heating, ventilation, charger, etc)<\/li>\n<li>Design of the outer casing (housing, protection, insulation)<\/li>\n<li><a href=\"https:\/\/www.powertechsystems.eu\/products\/others\/battery-management-system-bms\/\" target=\"_blank\" rel=\"noopener noreferrer\">Battery Management System<\/a> integration<\/li>\n<li>Prototyping and tests in our workshops<\/li>\n<li>Certification and Production<\/li>\n<\/ul>\n<p>In order to provide the best product, we use only selected battery elements from reputable global suppliers. Battery cells, BMS and peripheral systems are trained and tested in-house before being released for production.<br \/>\nWe guarantee a very high level of safety of our products. The drastic selection of elements allows for high performance batteries, with a very high lifetime.<\/p>\n<div class=\"su-button-center\"><a href=\"\/contact\/commercial-contact-inquiry\/?your-subject=Commercial\/Technical%20inquiry%20:%20Custom%20Battery%20-%20Commercial%20Inquiry%20-%20Technical%20Question#contact\" class=\"su-button su-button-style-default\" style=\"color:#FFFFFF;background-color:#0b5fff;border-color:#094ccc;border-radius:6px\" target=\"_blank\" rel=\"noopener noreferrer\"><span style=\"color:#FFFFFF;padding:6px 18px;font-size:14px;line-height:21px;border-color:#558fff;border-radius:6px;text-shadow:0px 0px 0px #ada8a8\"><img decoding=\"async\" src=\"\/wp-content\/uploads\/sites\/2\/2025\/09\/sendMail.avif\" alt=\"Commercial Inquiry \/ Technical Question\" style=\"width:21px;height:21px\" \/> Commercial Inquiry \/ Technical Question<\/span><\/a><\/div><br\/>\n<div class=\"su-divider su-divider-style-dotted\" style=\"margin:40px 0;border-width:2px;border-color:#999999\"><\/div>\n[su_fr_copyright]\n","protected":false},"excerpt":{"rendered":"<p>Custom Lithium-Ion batteries PowerTech Systems specializes in the custom design of Lithium-Ion power batteries. Our expertise allows us to design and implement solutions that meet the specific demands of our clients. The most common integration needs are tailored to a specific environment (operating temperature constraints, shape or size packs, resistance to vibration and sealing, etc.). [&#8230;]\n","protected":false},"author":1,"featured_media":0,"parent":8359,"menu_order":2,"comment_status":"closed","ping_status":"closed","template":"","meta":{"footnotes":""},"class_list":["post-53","page","type-page","status-publish","hentry"],"yoast_head":"<!-- This site is optimized with the Yoast SEO plugin v27.6 - https:\/\/yoast.com\/product\/yoast-seo-wordpress\/ -->\n<title>Custom Lithium-ion Batteries \u2013 PowerTech Systems<\/title>\n<meta name=\"description\" content=\"PowerTech Systems is professional and advanced Custom Lithium-Ion batteries design and development. Get more information browse our website.\" \/>\n<meta name=\"robots\" content=\"index, follow, max-snippet:-1, max-image-preview:large, max-video-preview:-1\" \/>\n<link rel=\"canonical\" href=\"https:\/\/www.powertechsystems.eu\/fr\/produits\/autres\/batteries-lithium-ion-sur-mesure\/\" \/>\n<meta property=\"og:locale\" content=\"fr_FR\" \/>\n<meta property=\"og:type\" content=\"article\" \/>\n<meta property=\"og:title\" content=\"Custom Lithium-ion Batteries \u2013 PowerTech Systems\" \/>\n<meta property=\"og:description\" content=\"PowerTech Systems is professional and advanced Custom Lithium-Ion batteries design and development. Get more information browse our website.\" \/>\n<meta property=\"og:url\" content=\"https:\/\/www.powertechsystems.eu\/fr\/produits\/autres\/batteries-lithium-ion-sur-mesure\/\" \/>\n<meta property=\"og:site_name\" content=\"PowerTech Systems\" \/>\n<meta property=\"article:modified_time\" content=\"2024-12-08T20:05:01+00:00\" \/>\n<meta property=\"og:image\" content=\"https:\/\/www.powertechsystems.eu\/wp-content\/uploads\/sites\/2\/2019\/11\/Custom-Battery-400x267.jpg\" \/>\n<meta name=\"twitter:label1\" content=\"Dur\u00e9e de lecture estim\u00e9e\" \/>\n\t<meta name=\"twitter:data1\" content=\"2 minutes\" \/>\n<script type=\"application\/ld+json\" class=\"yoast-schema-graph\">{\"@context\":\"https:\\\/\\\/schema.org\",\"@graph\":[{\"@type\":\"WebPage\",\"@id\":\"https:\\\/\\\/www.powertechsystems.eu\\\/products\\\/others\\\/custom-lithium-ion-batteries\\\/\",\"url\":\"https:\\\/\\\/www.powertechsystems.eu\\\/products\\\/others\\\/custom-lithium-ion-batteries\\\/\",\"name\":\"Custom Lithium-ion Batteries \u2013 PowerTech Systems\",\"isPartOf\":{\"@id\":\"https:\\\/\\\/www.powertechsystems.eu\\\/#website\"},\"primaryImageOfPage\":{\"@id\":\"https:\\\/\\\/www.powertechsystems.eu\\\/products\\\/others\\\/custom-lithium-ion-batteries\\\/#primaryimage\"},\"image\":{\"@id\":\"https:\\\/\\\/www.powertechsystems.eu\\\/products\\\/others\\\/custom-lithium-ion-batteries\\\/#primaryimage\"},\"thumbnailUrl\":\"https:\\\/\\\/www.powertechsystems.eu\\\/wp-content\\\/uploads\\\/sites\\\/2\\\/2019\\\/11\\\/Custom-Battery-400x267.jpg\",\"datePublished\":\"2015-08-15T13:41:30+00:00\",\"dateModified\":\"2024-12-08T20:05:01+00:00\",\"description\":\"PowerTech Systems is professional and advanced Custom Lithium-Ion batteries design and development. Get more information browse our website.\",\"breadcrumb\":{\"@id\":\"https:\\\/\\\/www.powertechsystems.eu\\\/products\\\/others\\\/custom-lithium-ion-batteries\\\/#breadcrumb\"},\"inLanguage\":\"fr-FR\",\"potentialAction\":[{\"@type\":\"ReadAction\",\"target\":[\"https:\\\/\\\/www.powertechsystems.eu\\\/products\\\/others\\\/custom-lithium-ion-batteries\\\/\"]}]},{\"@type\":\"ImageObject\",\"inLanguage\":\"fr-FR\",\"@id\":\"https:\\\/\\\/www.powertechsystems.eu\\\/products\\\/others\\\/custom-lithium-ion-batteries\\\/#primaryimage\",\"url\":\"https:\\\/\\\/www.powertechsystems.eu\\\/wp-content\\\/uploads\\\/sites\\\/2\\\/2019\\\/11\\\/Custom-Battery-400x267.jpg\",\"contentUrl\":\"https:\\\/\\\/www.powertechsystems.eu\\\/wp-content\\\/uploads\\\/sites\\\/2\\\/2019\\\/11\\\/Custom-Battery-400x267.jpg\"},{\"@type\":\"BreadcrumbList\",\"@id\":\"https:\\\/\\\/www.powertechsystems.eu\\\/products\\\/others\\\/custom-lithium-ion-batteries\\\/#breadcrumb\",\"itemListElement\":[{\"@type\":\"ListItem\",\"position\":1,\"name\":\"Products\",\"item\":\"https:\\\/\\\/www.powertechsystems.eu\\\/products\\\/\"},{\"@type\":\"ListItem\",\"position\":2,\"name\":\"Others\",\"item\":\"https:\\\/\\\/www.powertechsystems.eu\\\/products\\\/others\\\/\"},{\"@type\":\"ListItem\",\"position\":3,\"name\":\"Custom Lithium-Ion batteries\"}]},{\"@type\":\"WebSite\",\"@id\":\"https:\\\/\\\/www.powertechsystems.eu\\\/#website\",\"url\":\"https:\\\/\\\/www.powertechsystems.eu\\\/\",\"name\":\"PowerTech Systems\",\"description\":\"Advanced Energy Storage Systems\",\"publisher\":{\"@id\":\"https:\\\/\\\/www.powertechsystems.eu\\\/#organization\"},\"potentialAction\":[{\"@type\":\"SearchAction\",\"target\":{\"@type\":\"EntryPoint\",\"urlTemplate\":\"https:\\\/\\\/www.powertechsystems.eu\\\/?s={search_term_string}\"},\"query-input\":{\"@type\":\"PropertyValueSpecification\",\"valueRequired\":true,\"valueName\":\"search_term_string\"}}],\"inLanguage\":\"fr-FR\"},{\"@type\":\"Organization\",\"@id\":\"https:\\\/\\\/www.powertechsystems.eu\\\/#organization\",\"name\":\"PowerTech Systems\",\"alternateName\":\"PowerTech Systems\",\"url\":\"https:\\\/\\\/www.powertechsystems.eu\\\/\",\"logo\":{\"@type\":\"ImageObject\",\"inLanguage\":\"fr-FR\",\"@id\":\"https:\\\/\\\/www.powertechsystems.eu\\\/#\\\/schema\\\/logo\\\/image\\\/\",\"url\":\"https:\\\/\\\/www.powertechsystems.eu\\\/wp-content\\\/uploads\\\/sites\\\/2\\\/2016\\\/09\\\/Logo-PTS.jpg\",\"contentUrl\":\"https:\\\/\\\/www.powertechsystems.eu\\\/wp-content\\\/uploads\\\/sites\\\/2\\\/2016\\\/09\\\/Logo-PTS.jpg\",\"width\":499,\"height\":500,\"caption\":\"PowerTech Systems\"},\"image\":{\"@id\":\"https:\\\/\\\/www.powertechsystems.eu\\\/#\\\/schema\\\/logo\\\/image\\\/\"},\"sameAs\":[\"https:\\\/\\\/www.linkedin.com\\\/company\\\/powertech-systems-sas\\\/\"]}]}<\/script>\n<!-- \/ Yoast SEO plugin. -->","yoast_head_json":{"title":"Batteries lithium-ion sur mesure - PowerTech Systems","description":"PowerTech est sp\u00e9cialis\u00e9e dans la conception et r\u00e9alisation de batteries sur mesure \u00e0 base de cellules lithium-ion hautes performances et de solutions de BMS d\u00e9di\u00e9s","robots":{"index":"index","follow":"follow","max-snippet":"max-snippet:-1","max-image-preview":"max-image-preview:large","max-video-preview":"max-video-preview:-1"},"canonical":"https:\/\/www.powertechsystems.eu\/fr\/produits\/autres\/batteries-lithium-ion-sur-mesure\/","og_locale":"fr_FR","og_type":"article","og_title":"Custom Lithium-ion Batteries \u2013 PowerTech Systems","og_description":"PowerTech Systems is professional and advanced Custom Lithium-Ion batteries design and development. Get more information browse our website.","og_url":"https:\/\/www.powertechsystems.eu\/fr\/produits\/autres\/batteries-lithium-ion-sur-mesure\/","og_site_name":"PowerTech Systems","article_modified_time":"2024-12-08T20:05:01+00:00","og_image":[{"url":"https:\/\/www.powertechsystems.eu\/wp-content\/uploads\/sites\/2\/2019\/11\/Custom-Battery-400x267.jpg","type":"","width":"","height":""}],"twitter_misc":{"Dur\u00e9e de lecture estim\u00e9e":"2 minutes"},"schema":{"@context":"https:\/\/schema.org","@graph":[{"@type":"WebPage","@id":"https:\/\/www.powertechsystems.eu\/products\/others\/custom-lithium-ion-batteries\/","url":"https:\/\/www.powertechsystems.eu\/products\/others\/custom-lithium-ion-batteries\/","name":"Batteries lithium-ion sur mesure - PowerTech Systems","isPartOf":{"@id":"https:\/\/www.powertechsystems.eu\/#website"},"primaryImageOfPage":{"@id":"https:\/\/www.powertechsystems.eu\/products\/others\/custom-lithium-ion-batteries\/#primaryimage"},"image":{"@id":"https:\/\/www.powertechsystems.eu\/products\/others\/custom-lithium-ion-batteries\/#primaryimage"},"thumbnailUrl":"https:\/\/www.powertechsystems.eu\/wp-content\/uploads\/sites\/2\/2019\/11\/Custom-Battery-400x267.jpg","datePublished":"2015-08-15T13:41:30+00:00","dateModified":"2024-12-08T20:05:01+00:00","description":"PowerTech est sp\u00e9cialis\u00e9e dans la conception et r\u00e9alisation de batteries sur mesure \u00e0 base de cellules lithium-ion hautes performances et de solutions de BMS d\u00e9di\u00e9s","breadcrumb":{"@id":"https:\/\/www.powertechsystems.eu\/products\/others\/custom-lithium-ion-batteries\/#breadcrumb"},"inLanguage":"fr-FR","potentialAction":[{"@type":"ReadAction","target":["https:\/\/www.powertechsystems.eu\/products\/others\/custom-lithium-ion-batteries\/"]}]},{"@type":"ImageObject","inLanguage":"fr-FR","@id":"https:\/\/www.powertechsystems.eu\/products\/others\/custom-lithium-ion-batteries\/#primaryimage","url":"https:\/\/www.powertechsystems.eu\/wp-content\/uploads\/sites\/2\/2019\/11\/Custom-Battery-400x267.jpg","contentUrl":"https:\/\/www.powertechsystems.eu\/wp-content\/uploads\/sites\/2\/2019\/11\/Custom-Battery-400x267.jpg"},{"@type":"BreadcrumbList","@id":"https:\/\/www.powertechsystems.eu\/products\/others\/custom-lithium-ion-batteries\/#breadcrumb","itemListElement":[{"@type":"ListItem","position":1,"name":"Products","item":"https:\/\/www.powertechsystems.eu\/products\/"},{"@type":"ListItem","position":2,"name":"Others","item":"https:\/\/www.powertechsystems.eu\/products\/others\/"},{"@type":"ListItem","position":3,"name":"Custom Lithium-Ion batteries"}]},{"@type":"WebSite","@id":"https:\/\/www.powertechsystems.eu\/#website","url":"https:\/\/www.powertechsystems.eu\/","name":"PowerTech Systems","description":"Syst\u00e8mes avanc\u00e9s de stockage de l'\u00e9nergie","publisher":{"@id":"https:\/\/www.powertechsystems.eu\/#organization"},"potentialAction":[{"@type":"SearchAction","target":{"@type":"EntryPoint","urlTemplate":"https:\/\/www.powertechsystems.eu\/?s={search_term_string}"},"query-input":{"@type":"PropertyValueSpecification","valueRequired":true,"valueName":"search_term_string"}}],"inLanguage":"fr-FR"},{"@type":"Organization","@id":"https:\/\/www.powertechsystems.eu\/#organization","name":"PowerTech Systems","alternateName":"PowerTech Systems","url":"https:\/\/www.powertechsystems.eu\/","logo":{"@type":"ImageObject","inLanguage":"fr-FR","@id":"https:\/\/www.powertechsystems.eu\/#\/schema\/logo\/image\/","url":"https:\/\/www.powertechsystems.eu\/wp-content\/uploads\/sites\/2\/2016\/09\/Logo-PTS.jpg","contentUrl":"https:\/\/www.powertechsystems.eu\/wp-content\/uploads\/sites\/2\/2016\/09\/Logo-PTS.jpg","width":499,"height":500,"caption":"PowerTech Systems"},"image":{"@id":"https:\/\/www.powertechsystems.eu\/#\/schema\/logo\/image\/"},"sameAs":["https:\/\/www.linkedin.com\/company\/powertech-systems-sas\/"]}]}},"_links":{"self":[{"href":"https:\/\/www.powertechsystems.eu\/fr\/wp-json\/wp\/v2\/pages\/53","targetHints":{"allow":["GET"]}}],"collection":[{"href":"https:\/\/www.powertechsystems.eu\/fr\/wp-json\/wp\/v2\/pages"}],"about":[{"href":"https:\/\/www.powertechsystems.eu\/fr\/wp-json\/wp\/v2\/types\/page"}],"author":[{"embeddable":true,"href":"https:\/\/www.powertechsystems.eu\/fr\/wp-json\/wp\/v2\/users\/1"}],"replies":[{"embeddable":true,"href":"https:\/\/www.powertechsystems.eu\/fr\/wp-json\/wp\/v2\/comments?post=53"}],"version-history":[{"count":0,"href":"https:\/\/www.powertechsystems.eu\/fr\/wp-json\/wp\/v2\/pages\/53\/revisions"}],"up":[{"embeddable":true,"href":"https:\/\/www.powertechsystems.eu\/fr\/wp-json\/wp\/v2\/pages\/8359"}],"wp:attachment":[{"href":"https:\/\/www.powertechsystems.eu\/fr\/wp-json\/wp\/v2\/media?parent=53"}],"curies":[{"name":"wp","href":"https:\/\/api.w.org\/{rel}","templated":true}]}}