{"id":645,"date":"2015-08-19T01:26:20","date_gmt":"2015-08-19T00:26:20","guid":{"rendered":"https:\/\/www.powertechsystems.eu\/products\/others\/battery-management-system-bms\/"},"modified":"2025-10-09T21:46:32","modified_gmt":"2025-10-09T20:46:32","slug":"battery-management-system-bms","status":"publish","type":"page","link":"https:\/\/www.powertechsystems.eu\/fr\/products\/others\/battery-management-system-bms\/","title":{"rendered":"Syst\u00e8me de gestion de la batterie (BMS)"},"content":{"rendered":"<link rel=\"preload\" href=\"https:\/\/www.powertechsystems.eu\/wp-content\/uploads\/sites\/2\/2025\/09\/Solid-State-Cell.avif\" as=\"image\">\r\n<link rel=\"preload\" href=\"https:\/\/www.powertechsystems.eu\/wp-content\/uploads\/sites\/2\/2025\/09\/PowerBrick-SolidState-200-4-3.avif\" as=\"image\">\r\n<link rel=\"preload\" href=\"https:\/\/www.powertechsystems.eu\/wp-content\/uploads\/sites\/2\/2025\/09\/PowerModule-SolidState-200-4-3.avif\" as=\"image\">\r\n<link rel=\"preload\" href=\"https:\/\/www.powertechsystems.eu\/wp-content\/uploads\/sites\/2\/2024\/11\/PowerModule-SS-5P-Detoure-png.avif\" as=\"image\">\r\n\n<div class=\"nav-wrapper\"><ul class=\"nav nav-uppercase nav-horizontal nav-size-small nav-pills text-center nav-center\"><li class=\"active\"><a href=\"https:\/\/www.powertechsystems.eu\/fr\/products\/others\/battery-management-system-bms\/\">Syst\u00e8me de gestion de la batterie (BMS)<\/a><\/li><li class=\"\"><a href=\"https:\/\/www.powertechsystems.eu\/fr\/products\/others\/soc-measurement-coulomb-counters\/\">Mesure SoC et compteurs de coulomb<\/a><\/li><li class=\"\"><a href=\"https:\/\/www.powertechsystems.eu\/fr\/products\/others\/custom-lithium-ion-batteries\/\">Batteries lithium-ion Sur Mesure<\/a><\/li><\/ul><\/div>\n\t<div id=\"gap-211037391\" class=\"gap-element clearfix\" style=\"display:block; height:auto;\">\n\t\t\n<style>\n#gap-211037391 {\n  padding-top: 15px;\n}\n<\/style>\n\t<\/div>\n\t\n<h1>Syst\u00e8me de gestion de la batterie (BMS) et <strong>BMS-Matrix<\/strong> Technologie<\/h1>\n<div class=\"su-row\">\n<div class=\"su-column su-column-size-1-2\"><div class=\"su-column-inner su-u-clearfix su-u-trim\">\n<figure id=\"attachment_3790\" aria-describedby=\"caption-attachment-3790\" style=\"width: 300px\" class=\"wp-caption aligncenter\"><img decoding=\"async\" src=\"\/wp-content\/uploads\/sites\/2\/2024\/11\/BMS-Lithium-png.avif\" alt=\"Syst\u00e8me de gestion de la batterie-Lithium-Ion\" width=\"400\" height=\"300\" class=\"size-full wp-image-3790\" \/><figcaption id=\"caption-attachment-3790\" class=\"wp-caption-text\">Syst\u00e8me de gestion de la batterie-Lithium-Ion<\/figcaption><\/figure>\n<p>Un syst\u00e8me de gestion de la batterie (BMS) est essentiel dans un syst\u00e8me de batterie lithium-ion. Ce dispositif g\u00e8re le contr\u00f4le en temps r\u00e9el de chaque cellule de la batterie, communique avec des dispositifs externes, g\u00e8re le calcul du SOC, mesure la temp\u00e9rature et la tension, etc. Le choix du BMS d\u00e9termine la qualit\u00e9 et la dur\u00e9e de vie de la batterie finale.<\/p>\n<p><img decoding=\"async\" src=\"\/wp-content\/uploads\/sites\/2\/2020\/01\/BMSMatrix-H-400x69.webp\" alt=\"Syst\u00e8me de gestion de la batterie BMS\" width=\"400\" height=\"69\" class=\"aligncenter size-medium wp-image-10529\" \/><\/p>\n<p>Our <strong>BMS-Matrix<\/strong> est une solution BMS totalement modulaire, qui vous permet de construire une batterie de tr\u00e8s grande capacit\u00e9 ou de tr\u00e8s grande puissance \u00e0 partir de \u201cbriques d'\u00e9nergie\u201d unitaires.<\/p>\n<p>La configuration d'une batterie se fait de mani\u00e8re enti\u00e8rement logicielle, que ce soit pour le dimensionnement, la configuration, mais aussi le fonctionnement et la surveillance en temps r\u00e9el.<\/p>\n<p>Tous les param\u00e8tres de fonctionnement peuvent \u00eatre configur\u00e9s en fonction des caract\u00e9ristiques attendues de la batterie (puissance de cr\u00eate, puissance moyenne, niveau DoD maximal, pr\u00e9charge du syst\u00e8me \u00e0 alimenter, etc.).<\/p>\n<p>Le d\u00e9ploiement d'un syst\u00e8me utilisant <strong>BMS-Matrix<\/strong> est donc tr\u00e8s rapide et ne n\u00e9cessite que tr\u00e8s peu de co\u00fbts de conception (CNRC) ou de prototypage avant d'entrer en production. La certification \u00e9tant r\u00e9alis\u00e9e au niveau de l'unit\u00e9 \u201cbriques \u00e9nerg\u00e9tiques\u201d, le syst\u00e8me final b\u00e9n\u00e9ficie de la certification des modules.<\/p>\n<p><strong>BMS-Matrix<\/strong> peut \u00eatre int\u00e9gr\u00e9 dans des applications de moyenne puissance (<a href=\"\/fr\/applications-des-batteries-lithium-ion\/traction-et-emobilite\/lithium-pour-e-mobilite-et-vehicule-dernier-kilometre\/\">e-mobilit\u00e9<\/a>, <a href=\"\/fr\/applications-des-batteries-lithium-ion\/stockage-energie\/batteries-lithium-ion-pour-applications-autonomes\/\">applications hors r\u00e9seau et autonomes<\/a>, <a href=\"\/fr\/applications-des-batteries-lithium-ion\/traction-et-emobilite\/solutions-de-batteries-de-traction\/\">robotique et AGV<\/a>, \u00e9clairage public, etc.). <\/p>\n<p>La technologie BMS-Matrix est le fruit de nombreuses ann\u00e9es de R&amp;D interne, <a href=\"\/fr\/powertech-va-developper-un-systeme-bms-hautement-modulaire-pour-le-projet-marbel-finance-par-la-cee-la-batterie-ve-du-futur\/\" target=\"_blank\">soutenu par le programme europ\u00e9en H2020 dans le cadre du projet MARBEL<\/a>.<\/p>\n<p>Pour <a href=\"\/fr\/applications-des-batteries-lithium-ion\/stockage-energie\/batteries-stationnaires\/\">piles fixes<\/a> ou <a href=\"\/fr\/applications-des-batteries-lithium-ion\/traction-et-emobilite\/batteries-lithium-pour-traction-marine\/\">batteries de traction haute puissance<\/a>, <strong>BMS-Matrix<\/strong> est une technologie indispensable.<\/p>\n<figure id=\"attachment_653\" aria-describedby=\"caption-attachment-653\" style=\"width: 400px\" class=\"wp-caption aligncenter\"><img decoding=\"async\" src=\"\/wp-content\/uploads\/sites\/2\/2015\/08\/Lithium-Balance2.webp\" alt=\"BMS Matrix\u00ae - Syst\u00e8me BMS \u00e9volutif\" width=\"400\" height=\"253\" class=\"size-full wp-image-653\" \/><figcaption id=\"caption-attachment-653\" class=\"wp-caption-text\">BMS Matrix\u00ae - Syst\u00e8me BMS \u00e9volutif<\/figcaption><\/figure>\n<\/div><\/div>\n<div class=\"su-column su-column-size-1-2\"><div class=\"su-column-inner su-u-clearfix su-u-trim\">\n<div class=\"su-box su-box-style-default my-su-box\" id=\"\" style=\"border-color:#112d51;border-radius:3px;max-width:none\"><div class=\"su-box-title\" style=\"background-color:#446084;color:#FFFFFF;border-top-left-radius:1px;border-top-right-radius:1px\"><strong>BMS-Matrix<\/strong> Caract\u00e9ristiques principales<\/div><div class=\"su-box-content su-u-clearfix su-u-trim\" style=\"border-bottom-left-radius:1px;border-bottom-right-radius:1px\">\n<h3><strong>Mesure :<\/strong><\/h3>\n<ul>\n<li>Tension de la cellule et de l'emballage<\/li>\n<li>Temp\u00e9rature de la cellule et de l'emballage<\/li>\n<li>Mesure du courant par shunt et capteur \u00e0 effet Hall<\/li>\n<\/ul>\n<h3><strong>Gestion :<\/strong><\/h3>\n<ul>\n<li>Centaines de modules de batterie en s\u00e9rie\/parall\u00e8le<\/li>\n<li>Protection des cellules<\/li>\n<li>Gestion thermique<\/li>\n<li>\u00c9quilibre entre passif et actif<\/li>\n<li>Redistribution (\u00e9quilibrage actif)<\/li>\n<li>Syst\u00e8me de pr\u00e9charge<\/li>\n<li>Ligne de vie pour le dispositif de s\u00e9curit\u00e9<\/li>\n<\/ul>\n<h3><strong>\u00c9valuation :<\/strong><\/h3>\n<ul>\n<li>\u00c9tat de charge pr\u00e9cis (SOC)<\/li>\n<li>\u00c9tat de sant\u00e9 exact (SOH)<\/li>\n<li>Profondeur de D\u00e9charge (DOD)<\/li>\n<li>R\u00e9sistance interne<\/li>\n<li>Capacit\u00e9 r\u00e9siduelle<\/li>\n<\/ul>\n<h3><strong>Communication externe :<\/strong><\/h3>\n<ul>\n<li>Communication par bus CAN, CAN Open, WIFI, 4G.<\/li>\n<li>Gestion du chargeur \u00e0 l'aide du bus CAN<\/li>\n<li>Enregistrement des donn\u00e9es dans le nuage \u00e0 l'aide de l'API REST<\/li>\n<li>Surveillance \u00e0 distance bas\u00e9e sur l'informatique en nuage<\/li>\n<\/ul>\n<\/div><\/div>\n<\/div><\/div>\n<\/div>\n<div class=\"su-divider su-divider-style-dotted\" style=\"margin:40px 0;border-width:2px;border-color:#999999\"><\/div>\n<div class=\"sue-panel\" data-url=\"\" data-target=\"self\" style=\"background-color:#ffffff;color:#656363;border-radius:5px;-moz-border-radius:5px;-webkit-border-radius:5px;box-shadow:0px 0px 25px #e9e8e8;-moz-box-shadow:0px 0px 25px #e9e8e8;-webkit-box-shadow:0px 0px 25px #e9e8e8;border:1px solid #cccccc\"><div class=\"sue-panel-content sue-content-wrap\" style=\"padding:1px;text-align:center\"><span style=\"font-size:11px;font-weight: bold;\">Cette page et son contenu sont la propri\u00e9t\u00e9 exclusive de PowerTech Systems. Reproduction interdite sans autorisation.<\/span><\/div><\/div>","protected":false},"excerpt":{"rendered":"<p>Syst\u00e8me de gestion de la batterie (BMS) et technologie BMS-Matrix<\/p>","protected":false},"author":1,"featured_media":0,"parent":8359,"menu_order":0,"comment_status":"closed","ping_status":"closed","template":"","meta":{"footnotes":""},"class_list":["post-645","page","type-page","status-publish","hentry"],"yoast_head":"<!-- This site is optimized with the Yoast SEO plugin v27.6 - https:\/\/yoast.com\/product\/yoast-seo-wordpress\/ -->\n<title>Lithium Battery Management System (BMS) \u2013 PowerTech Systems<\/title>\n<meta name=\"description\" content=\"Battery Management System is essential in a Lithium-Ion battery system. This device manages a real-time control of each battery cell.\" \/>\n<meta name=\"robots\" content=\"index, follow, max-snippet:-1, max-image-preview:large, max-video-preview:-1\" \/>\n<link rel=\"canonical\" href=\"https:\/\/www.powertechsystems.eu\/fr\/produits\/autres\/battery-management-system-bms\/\" \/>\n<meta property=\"og:locale\" content=\"fr_FR\" \/>\n<meta property=\"og:type\" content=\"article\" \/>\n<meta property=\"og:title\" content=\"Lithium Battery Management System (BMS) \u2013 PowerTech Systems\" \/>\n<meta property=\"og:description\" content=\"Battery Management System is essential in a Lithium-Ion battery system. This device manages a real-time control of each battery cell.\" \/>\n<meta property=\"og:url\" content=\"https:\/\/www.powertechsystems.eu\/fr\/produits\/autres\/battery-management-system-bms\/\" \/>\n<meta property=\"og:site_name\" content=\"PowerTech Systems\" \/>\n<meta property=\"article:modified_time\" content=\"2025-10-09T20:46:32+00:00\" \/>\n<meta name=\"twitter:label1\" content=\"Dur\u00e9e de lecture estim\u00e9e\" \/>\n\t<meta name=\"twitter:data1\" content=\"3 minutes\" \/>\n<script type=\"application\/ld+json\" class=\"yoast-schema-graph\">{\"@context\":\"https:\\\/\\\/schema.org\",\"@graph\":[{\"@type\":\"WebPage\",\"@id\":\"https:\\\/\\\/www.powertechsystems.eu\\\/products\\\/others\\\/battery-management-system-bms\\\/\",\"url\":\"https:\\\/\\\/www.powertechsystems.eu\\\/products\\\/others\\\/battery-management-system-bms\\\/\",\"name\":\"Lithium Battery Management System (BMS) \u2013 PowerTech Systems\",\"isPartOf\":{\"@id\":\"https:\\\/\\\/www.powertechsystems.eu\\\/#website\"},\"datePublished\":\"2015-08-19T00:26:20+00:00\",\"dateModified\":\"2025-10-09T20:46:32+00:00\",\"description\":\"Battery Management System is essential in a Lithium-Ion battery system. This device manages a real-time control of each battery cell.\",\"breadcrumb\":{\"@id\":\"https:\\\/\\\/www.powertechsystems.eu\\\/products\\\/others\\\/battery-management-system-bms\\\/#breadcrumb\"},\"inLanguage\":\"fr-FR\",\"potentialAction\":[{\"@type\":\"ReadAction\",\"target\":[\"https:\\\/\\\/www.powertechsystems.eu\\\/products\\\/others\\\/battery-management-system-bms\\\/\"]}]},{\"@type\":\"BreadcrumbList\",\"@id\":\"https:\\\/\\\/www.powertechsystems.eu\\\/products\\\/others\\\/battery-management-system-bms\\\/#breadcrumb\",\"itemListElement\":[{\"@type\":\"ListItem\",\"position\":1,\"name\":\"Products\",\"item\":\"https:\\\/\\\/www.powertechsystems.eu\\\/products\\\/\"},{\"@type\":\"ListItem\",\"position\":2,\"name\":\"Others\",\"item\":\"https:\\\/\\\/www.powertechsystems.eu\\\/products\\\/others\\\/\"},{\"@type\":\"ListItem\",\"position\":3,\"name\":\"Battery Management System (BMS)\"}]},{\"@type\":\"WebSite\",\"@id\":\"https:\\\/\\\/www.powertechsystems.eu\\\/#website\",\"url\":\"https:\\\/\\\/www.powertechsystems.eu\\\/\",\"name\":\"PowerTech Systems\",\"description\":\"Advanced Energy Storage Systems\",\"publisher\":{\"@id\":\"https:\\\/\\\/www.powertechsystems.eu\\\/#organization\"},\"potentialAction\":[{\"@type\":\"SearchAction\",\"target\":{\"@type\":\"EntryPoint\",\"urlTemplate\":\"https:\\\/\\\/www.powertechsystems.eu\\\/?s={search_term_string}\"},\"query-input\":{\"@type\":\"PropertyValueSpecification\",\"valueRequired\":true,\"valueName\":\"search_term_string\"}}],\"inLanguage\":\"fr-FR\"},{\"@type\":\"Organization\",\"@id\":\"https:\\\/\\\/www.powertechsystems.eu\\\/#organization\",\"name\":\"PowerTech Systems\",\"alternateName\":\"PowerTech Systems\",\"url\":\"https:\\\/\\\/www.powertechsystems.eu\\\/\",\"logo\":{\"@type\":\"ImageObject\",\"inLanguage\":\"fr-FR\",\"@id\":\"https:\\\/\\\/www.powertechsystems.eu\\\/#\\\/schema\\\/logo\\\/image\\\/\",\"url\":\"https:\\\/\\\/www.powertechsystems.eu\\\/wp-content\\\/uploads\\\/sites\\\/2\\\/2016\\\/09\\\/Logo-PTS.jpg\",\"contentUrl\":\"https:\\\/\\\/www.powertechsystems.eu\\\/wp-content\\\/uploads\\\/sites\\\/2\\\/2016\\\/09\\\/Logo-PTS.jpg\",\"width\":499,\"height\":500,\"caption\":\"PowerTech Systems\"},\"image\":{\"@id\":\"https:\\\/\\\/www.powertechsystems.eu\\\/#\\\/schema\\\/logo\\\/image\\\/\"},\"sameAs\":[\"https:\\\/\\\/www.linkedin.com\\\/company\\\/powertech-systems-sas\\\/\"]}]}<\/script>\n<!-- \/ Yoast SEO plugin. -->","yoast_head_json":{"title":"BMS Matrix : Le syst\u00e8me de gestion des batteries intelligent - PowerTech Systems","description":"Le BMS est l\u2019\u00e9l\u00e9ment essentiel d\u2019une batterie lithium-ion. PowerTech Systems con\u00e7oit et int\u00e8gre la gamme BMS-Matrix, 100% modulaire et smart","robots":{"index":"index","follow":"follow","max-snippet":"max-snippet:-1","max-image-preview":"max-image-preview:large","max-video-preview":"max-video-preview:-1"},"canonical":"https:\/\/www.powertechsystems.eu\/fr\/produits\/autres\/battery-management-system-bms\/","og_locale":"fr_FR","og_type":"article","og_title":"Lithium Battery Management System (BMS) \u2013 PowerTech Systems","og_description":"Battery Management System is essential in a Lithium-Ion battery system. This device manages a real-time control of each battery cell.","og_url":"https:\/\/www.powertechsystems.eu\/fr\/produits\/autres\/battery-management-system-bms\/","og_site_name":"PowerTech Systems","article_modified_time":"2025-10-09T20:46:32+00:00","twitter_misc":{"Dur\u00e9e de lecture estim\u00e9e":"3 minutes"},"schema":{"@context":"https:\/\/schema.org","@graph":[{"@type":"WebPage","@id":"https:\/\/www.powertechsystems.eu\/products\/others\/battery-management-system-bms\/","url":"https:\/\/www.powertechsystems.eu\/products\/others\/battery-management-system-bms\/","name":"BMS Matrix : Le syst\u00e8me de gestion des batteries intelligent - PowerTech Systems","isPartOf":{"@id":"https:\/\/www.powertechsystems.eu\/#website"},"datePublished":"2015-08-19T00:26:20+00:00","dateModified":"2025-10-09T20:46:32+00:00","description":"Le BMS est l\u2019\u00e9l\u00e9ment essentiel d\u2019une batterie lithium-ion. PowerTech Systems con\u00e7oit et int\u00e8gre la gamme BMS-Matrix, 100% modulaire et smart","breadcrumb":{"@id":"https:\/\/www.powertechsystems.eu\/products\/others\/battery-management-system-bms\/#breadcrumb"},"inLanguage":"fr-FR","potentialAction":[{"@type":"ReadAction","target":["https:\/\/www.powertechsystems.eu\/products\/others\/battery-management-system-bms\/"]}]},{"@type":"BreadcrumbList","@id":"https:\/\/www.powertechsystems.eu\/products\/others\/battery-management-system-bms\/#breadcrumb","itemListElement":[{"@type":"ListItem","position":1,"name":"Products","item":"https:\/\/www.powertechsystems.eu\/products\/"},{"@type":"ListItem","position":2,"name":"Others","item":"https:\/\/www.powertechsystems.eu\/products\/others\/"},{"@type":"ListItem","position":3,"name":"Battery Management System (BMS)"}]},{"@type":"WebSite","@id":"https:\/\/www.powertechsystems.eu\/#website","url":"https:\/\/www.powertechsystems.eu\/","name":"PowerTech Systems","description":"Syst\u00e8mes avanc\u00e9s de stockage de l'\u00e9nergie","publisher":{"@id":"https:\/\/www.powertechsystems.eu\/#organization"},"potentialAction":[{"@type":"SearchAction","target":{"@type":"EntryPoint","urlTemplate":"https:\/\/www.powertechsystems.eu\/?s={search_term_string}"},"query-input":{"@type":"PropertyValueSpecification","valueRequired":true,"valueName":"search_term_string"}}],"inLanguage":"fr-FR"},{"@type":"Organization","@id":"https:\/\/www.powertechsystems.eu\/#organization","name":"PowerTech Systems","alternateName":"PowerTech Systems","url":"https:\/\/www.powertechsystems.eu\/","logo":{"@type":"ImageObject","inLanguage":"fr-FR","@id":"https:\/\/www.powertechsystems.eu\/#\/schema\/logo\/image\/","url":"https:\/\/www.powertechsystems.eu\/wp-content\/uploads\/sites\/2\/2016\/09\/Logo-PTS.jpg","contentUrl":"https:\/\/www.powertechsystems.eu\/wp-content\/uploads\/sites\/2\/2016\/09\/Logo-PTS.jpg","width":499,"height":500,"caption":"PowerTech Systems"},"image":{"@id":"https:\/\/www.powertechsystems.eu\/#\/schema\/logo\/image\/"},"sameAs":["https:\/\/www.linkedin.com\/company\/powertech-systems-sas\/"]}]}},"_links":{"self":[{"href":"https:\/\/www.powertechsystems.eu\/fr\/wp-json\/wp\/v2\/pages\/645","targetHints":{"allow":["GET"]}}],"collection":[{"href":"https:\/\/www.powertechsystems.eu\/fr\/wp-json\/wp\/v2\/pages"}],"about":[{"href":"https:\/\/www.powertechsystems.eu\/fr\/wp-json\/wp\/v2\/types\/page"}],"author":[{"embeddable":true,"href":"https:\/\/www.powertechsystems.eu\/fr\/wp-json\/wp\/v2\/users\/1"}],"replies":[{"embeddable":true,"href":"https:\/\/www.powertechsystems.eu\/fr\/wp-json\/wp\/v2\/comments?post=645"}],"version-history":[{"count":0,"href":"https:\/\/www.powertechsystems.eu\/fr\/wp-json\/wp\/v2\/pages\/645\/revisions"}],"up":[{"embeddable":true,"href":"https:\/\/www.powertechsystems.eu\/fr\/wp-json\/wp\/v2\/pages\/8359"}],"wp:attachment":[{"href":"https:\/\/www.powertechsystems.eu\/fr\/wp-json\/wp\/v2\/media?parent=645"}],"curies":[{"name":"wp","href":"https:\/\/api.w.org\/{rel}","templated":true}]}}