{"id":68,"date":"2015-08-15T14:54:48","date_gmt":"2015-08-15T13:54:48","guid":{"rendered":"https:\/\/www.powertechsystems.eu\/applications\/portable-energy\/portable-power-supply\/"},"modified":"2024-10-15T15:48:41","modified_gmt":"2024-10-15T14:48:41","slug":"systeme-denergie-portable","status":"publish","type":"page","link":"https:\/\/www.powertechsystems.eu\/fr\/applications\/portable-energy\/portable-power-supply\/","title":{"rendered":"Batteries Portables"},"content":{"rendered":"<div class=\"row\"  id=\"row-565077573\">\n\n\t<div id=\"col-204698273\" class=\"col medium-12 small-12 large-12\"  >\n\t\t\t\t<div class=\"col-inner\"  >\n\t\t\t\n\t\t\t\n<center><a href=\"\/fr\/applications-des-batteries-lithium-ion\/traction-et-emobilite\/batteries-lithium-pour-traction-marine\/\" class=\"button primary is-outline is-small\" style=\"border-radius:99px;\">\n\t\t<span>Traction et E-mobilit\u00e9<\/span>\n\t<\/a>\n\r\n<a href=\"\/fr\/applications-des-batteries-lithium-ion\/stockage-energie\/batteries-stationnaires\/\" class=\"button primary is-outline is-small\" style=\"border-radius:99px;\">\n\t\t<span>Stockage de l'\u00e9nergie<\/span>\n\t<\/a>\n\r\n<a href=\"\/fr\/applications-des-batteries-lithium-ion\/portable-energy\/systeme-denergie-portable\/\" class=\"button primary is-small\" style=\"border-radius:99px;\">\n\t\t<span>\u00c9nergie mobile<\/span>\n\t<\/a>\n\r\n<\/center>\r\n\t<div id=\"gap-1167389444\" class=\"gap-element clearfix\" style=\"display:block; height:auto;\">\n\t\t\n<style>\n#gap-1167389444 {\n  padding-top: 20px;\n}\n<\/style>\n\t<\/div>\n\t\n<div class=\"su-divider su-divider-style-dotted\" style=\"margin:10px 0;border-width:2px;border-color:#999999\"><\/div>\n\t\t<\/div>\n\t\t\t\t\t<\/div>\n\n\t\n<\/div>\n<h1>Batteries d'alimentation portables<\/h1>\n<p>Les batteries transportables permettent de fournir une source d\u2019\u00e9nergie auxiliaire (<a href=\"https:\/\/en.wikipedia.org\/wiki\/Auxiliary_power_unit\" rel=\"noopener\" target=\"_blank\">APU<\/a>) pour alimenter tous types d\u2019appareillages \u00e9lectriques.<\/p>\n<p>Ces solutions permettent de s\u2019affranchir de groupes \u00e9lectrog\u00e8nes thermiques et fonctionnent sans nuisances sonores. L\u2019utilisation de batteries Lithium-Ion pour ces sources d\u2019\u00e9nergies autonomes permet une grande flexibilit\u00e9 d\u2019usage et un fonctionnement optimal dans tous les environnements.<br \/>\nCes solutions sont con\u00e7ues pour remplacer les g\u00e9n\u00e9rateurs thermiques et fonctionnent sans bruit ni pollution. L'utilisation de batteries lithium-ion pour ces sources d'\u00e9nergie autonomes permet une grande flexibilit\u00e9 d'utilisation et un fonctionnement optimal dans tous les environnements.<br \/>\nUn syst\u00e8me de convertisseur peut \u00eatre int\u00e9gr\u00e9 au syst\u00e8me pour produire du courant alternatif 110-220VAC et alimenter directement les appareils \u00e9lectriques.<\/p>\n<div class=\"su-row\">\n<div class=\"su-column su-column-size-1-2\"><div class=\"su-column-inner su-u-clearfix su-u-trim\">\n<figure id=\"attachment_3190\" aria-describedby=\"caption-attachment-3190\" style=\"width: 261px\" class=\"wp-caption aligncenter\"><a href=\"\/wp-content\/uploads\/sites\/2\/2016\/10\/ISS1000Z-Side.jpg\"><img decoding=\"async\" src=\"\/wp-content\/uploads\/sites\/2\/2016\/10\/ISS1000Z-Side-261x300.jpg\" alt=\"PowerMove 1000W : G\u00e9n\u00e9rateur portable 230VAC 1000W-1.28kWh avec batterie Lithium\" width=\"261\" height=\"300\" class=\"size-medium wp-image-3190\" \/><\/a><figcaption id=\"caption-attachment-3190\" class=\"wp-caption-text\">PowerMove 1000W : G\u00e9n\u00e9rateur portable 230VAC 1000W-1.28kWh avec batterie Lithium<\/figcaption><\/figure>\n<\/div><\/div>\n<div class=\"su-column su-column-size-1-2\"><div class=\"su-column-inner su-u-clearfix su-u-trim\">\n<figure id=\"attachment_3184\" aria-describedby=\"caption-attachment-3184\" style=\"width: 223px\" class=\"wp-caption aligncenter\"><a href=\"\/wp-content\/uploads\/sites\/2\/2016\/10\/Front.jpg\"><img decoding=\"async\" src=\"\/wp-content\/uploads\/sites\/2\/2016\/10\/Front-223x300.jpg\" alt=\"PowerMove 500W : g\u00e9n\u00e9rateur de batterie sans fum\u00e9e et sans bruit\" width=\"223\" height=\"300\" class=\"size-medium wp-image-3184\" \/><\/a><figcaption id=\"caption-attachment-3184\" class=\"wp-caption-text\">PowerMove 500W : Petit fr\u00e8re du PowerMove 1000W, en version 500W<\/figcaption><\/figure>\n<\/div><\/div>\n<\/div>\n<div class=\"su-row\">\n<div class=\"su-column su-column-size-1-2\"><div class=\"su-column-inner su-u-clearfix su-u-trim\">\n<figure id=\"attachment_8255\" aria-describedby=\"caption-attachment-8255\" style=\"width: 300px\" class=\"wp-caption aligncenter\"><a href=\"\/wp-content\/uploads\/sites\/2\/2019\/02\/Battery-Generator-on-trolley-.png\"><img decoding=\"async\" src=\"\/wp-content\/uploads\/sites\/2\/2019\/02\/Battery-Generator-on-trolley--300x200.png\" alt=\"G\u00e9n\u00e9rateur 50kW \u00e0 batterie, mont\u00e9 sur remorque\" width=\"300\" height=\"200\" class=\"size-medium wp-image-8255\" \/><\/a><figcaption id=\"caption-attachment-8255\" class=\"wp-caption-text\">G\u00e9n\u00e9rateur 50kW \u00e0 batterie, mont\u00e9 sur remorque<\/figcaption><\/figure>\n<\/div><\/div>\n<div class=\"su-column su-column-size-1-2\"><div class=\"su-column-inner su-u-clearfix su-u-trim\">\n<figure id=\"attachment_8253\" aria-describedby=\"caption-attachment-8253\" style=\"width: 300px\" class=\"wp-caption aligncenter\"><a href=\"\/wp-content\/uploads\/sites\/2\/2019\/02\/suitcase-pelicase-portable-energy.png\"><img decoding=\"async\" src=\"\/wp-content\/uploads\/sites\/2\/2019\/02\/suitcase-pelicase-portable-energy-300x200.png\" alt=\"Mallette d&#039;alimentation portable 2kWh-24V\" width=\"300\" height=\"200\" class=\"size-medium wp-image-8253\" \/><\/a><figcaption id=\"caption-attachment-8253\" class=\"wp-caption-text\">Mallette d'alimentation portable 2kWh-24V<\/figcaption><\/figure>\n<\/div><\/div>\n<div class=\"su-divider su-divider-style-default\" style=\"margin:25px 0;border-width:2px;border-color:#ffffff\"><\/div>\n<div class=\"su-divider su-divider-style-dotted\" style=\"margin:25px 0;border-width:2px;border-color:#999999\"><\/div>\n<div class=\"sue-panel\" data-url=\"\" data-target=\"self\" style=\"background-color:#ffffff;color:#656363;border-radius:5px;-moz-border-radius:5px;-webkit-border-radius:5px;box-shadow:0px 0px 25px #e9e8e8;-moz-box-shadow:0px 0px 25px #e9e8e8;-webkit-box-shadow:0px 0px 25px #e9e8e8;border:1px solid #cccccc\"><div class=\"sue-panel-content sue-content-wrap\" style=\"padding:1px;text-align:center\"><span style=\"font-size:11px;font-weight: bold;\">Cette page et son contenu sont la propri\u00e9t\u00e9 exclusive de PowerTech Systems. Reproduction interdite sans autorisation.<\/span><\/div><\/div>\r\n\n<\/div>","protected":false},"excerpt":{"rendered":"<p>Portable power supply batteries Portable power supply battery is able to provide an Auxiliary Power Unit (APU) for all types of electrical equipment. These auxiliary batteries can be used on construction sites, at gatherings or more generally for non grid-connected locations (outdoor fair, camp site, off-grid sites, etc..). These solution are designed to replace thermal [&#8230;]\n","protected":false},"author":1,"featured_media":0,"parent":8076,"menu_order":0,"comment_status":"closed","ping_status":"closed","template":"","meta":{"footnotes":""},"class_list":["post-68","page","type-page","status-publish","hentry"],"yoast_head":"<!-- This site is optimized with the Yoast SEO plugin v27.6 - https:\/\/yoast.com\/product\/yoast-seo-wordpress\/ -->\n<title>Portable Power Supply Battery - PowerTech Systems<\/title>\n<meta name=\"description\" content=\"Browse Online detail and shopping for portable power supply batteries &amp; accessories from a great selection at PowerTech Systems.\" \/>\n<meta name=\"robots\" content=\"index, follow, max-snippet:-1, max-image-preview:large, max-video-preview:-1\" \/>\n<link rel=\"canonical\" href=\"https:\/\/www.powertechsystems.eu\/fr\/applications-des-batteries-lithium-ion\/portable-energy\/systeme-denergie-portable\/\" \/>\n<meta property=\"og:locale\" content=\"fr_FR\" \/>\n<meta property=\"og:type\" content=\"article\" \/>\n<meta property=\"og:title\" content=\"Portable Power Supply Battery - PowerTech Systems\" \/>\n<meta property=\"og:description\" content=\"Browse Online detail and shopping for portable power supply batteries &amp; accessories from a great selection at PowerTech Systems.\" \/>\n<meta property=\"og:url\" content=\"https:\/\/www.powertechsystems.eu\/fr\/applications-des-batteries-lithium-ion\/portable-energy\/systeme-denergie-portable\/\" \/>\n<meta property=\"og:site_name\" content=\"PowerTech Systems\" \/>\n<meta property=\"article:modified_time\" content=\"2024-10-15T14:48:41+00:00\" \/>\n<meta name=\"twitter:label1\" content=\"Dur\u00e9e de lecture estim\u00e9e\" \/>\n\t<meta name=\"twitter:data1\" content=\"2 minutes\" \/>\n<script type=\"application\/ld+json\" class=\"yoast-schema-graph\">{\"@context\":\"https:\\\/\\\/schema.org\",\"@graph\":[{\"@type\":\"WebPage\",\"@id\":\"https:\\\/\\\/www.powertechsystems.eu\\\/applications\\\/portable-energy\\\/portable-power-supply\\\/\",\"url\":\"https:\\\/\\\/www.powertechsystems.eu\\\/applications\\\/portable-energy\\\/portable-power-supply\\\/\",\"name\":\"Portable Power Supply Battery - PowerTech Systems\",\"isPartOf\":{\"@id\":\"https:\\\/\\\/www.powertechsystems.eu\\\/#website\"},\"datePublished\":\"2015-08-15T13:54:48+00:00\",\"dateModified\":\"2024-10-15T14:48:41+00:00\",\"description\":\"Browse Online detail and shopping for portable power supply batteries & accessories from a great selection at PowerTech Systems.\",\"breadcrumb\":{\"@id\":\"https:\\\/\\\/www.powertechsystems.eu\\\/applications\\\/portable-energy\\\/portable-power-supply\\\/#breadcrumb\"},\"inLanguage\":\"fr-FR\",\"potentialAction\":[{\"@type\":\"ReadAction\",\"target\":[\"https:\\\/\\\/www.powertechsystems.eu\\\/applications\\\/portable-energy\\\/portable-power-supply\\\/\"]}]},{\"@type\":\"BreadcrumbList\",\"@id\":\"https:\\\/\\\/www.powertechsystems.eu\\\/applications\\\/portable-energy\\\/portable-power-supply\\\/#breadcrumb\",\"itemListElement\":[{\"@type\":\"ListItem\",\"position\":1,\"name\":\"Lithium-Ion Applications\",\"item\":\"https:\\\/\\\/www.powertechsystems.eu\\\/applications\\\/\"},{\"@type\":\"ListItem\",\"position\":2,\"name\":\"Portable Energy\",\"item\":\"https:\\\/\\\/www.powertechsystems.eu\\\/applications\\\/portable-energy\\\/\"},{\"@type\":\"ListItem\",\"position\":3,\"name\":\"Portable power supply\"}]},{\"@type\":\"WebSite\",\"@id\":\"https:\\\/\\\/www.powertechsystems.eu\\\/#website\",\"url\":\"https:\\\/\\\/www.powertechsystems.eu\\\/\",\"name\":\"PowerTech Systems\",\"description\":\"Advanced Energy Storage Systems\",\"publisher\":{\"@id\":\"https:\\\/\\\/www.powertechsystems.eu\\\/#organization\"},\"potentialAction\":[{\"@type\":\"SearchAction\",\"target\":{\"@type\":\"EntryPoint\",\"urlTemplate\":\"https:\\\/\\\/www.powertechsystems.eu\\\/?s={search_term_string}\"},\"query-input\":{\"@type\":\"PropertyValueSpecification\",\"valueRequired\":true,\"valueName\":\"search_term_string\"}}],\"inLanguage\":\"fr-FR\"},{\"@type\":\"Organization\",\"@id\":\"https:\\\/\\\/www.powertechsystems.eu\\\/#organization\",\"name\":\"PowerTech Systems\",\"alternateName\":\"PowerTech Systems\",\"url\":\"https:\\\/\\\/www.powertechsystems.eu\\\/\",\"logo\":{\"@type\":\"ImageObject\",\"inLanguage\":\"fr-FR\",\"@id\":\"https:\\\/\\\/www.powertechsystems.eu\\\/#\\\/schema\\\/logo\\\/image\\\/\",\"url\":\"https:\\\/\\\/www.powertechsystems.eu\\\/wp-content\\\/uploads\\\/sites\\\/2\\\/2016\\\/09\\\/Logo-PTS.jpg\",\"contentUrl\":\"https:\\\/\\\/www.powertechsystems.eu\\\/wp-content\\\/uploads\\\/sites\\\/2\\\/2016\\\/09\\\/Logo-PTS.jpg\",\"width\":499,\"height\":500,\"caption\":\"PowerTech Systems\"},\"image\":{\"@id\":\"https:\\\/\\\/www.powertechsystems.eu\\\/#\\\/schema\\\/logo\\\/image\\\/\"},\"sameAs\":[\"https:\\\/\\\/www.linkedin.com\\\/company\\\/powertech-systems-sas\\\/\"]}]}<\/script>\n<!-- \/ Yoast SEO plugin. -->","yoast_head_json":{"title":"Batterie d'alimentation portable - PowerTech Systems","description":"Groupes \u00e9lectrog\u00e8nes \u00e0 batteries et g\u00e9n\u00e9rateurs \u00e9lectriques portables. PowerTech propose des solutions innovantes utilisant des batteries lithium-ion hautes performances","robots":{"index":"index","follow":"follow","max-snippet":"max-snippet:-1","max-image-preview":"max-image-preview:large","max-video-preview":"max-video-preview:-1"},"canonical":"https:\/\/www.powertechsystems.eu\/fr\/applications-des-batteries-lithium-ion\/portable-energy\/systeme-denergie-portable\/","og_locale":"fr_FR","og_type":"article","og_title":"Portable Power Supply Battery - PowerTech Systems","og_description":"Browse Online detail and shopping for portable power supply batteries & accessories from a great selection at PowerTech Systems.","og_url":"https:\/\/www.powertechsystems.eu\/fr\/applications-des-batteries-lithium-ion\/portable-energy\/systeme-denergie-portable\/","og_site_name":"PowerTech Systems","article_modified_time":"2024-10-15T14:48:41+00:00","twitter_misc":{"Dur\u00e9e de lecture estim\u00e9e":"2 minutes"},"schema":{"@context":"https:\/\/schema.org","@graph":[{"@type":"WebPage","@id":"https:\/\/www.powertechsystems.eu\/applications\/portable-energy\/portable-power-supply\/","url":"https:\/\/www.powertechsystems.eu\/applications\/portable-energy\/portable-power-supply\/","name":"Batterie d'alimentation portable - PowerTech Systems","isPartOf":{"@id":"https:\/\/www.powertechsystems.eu\/#website"},"datePublished":"2015-08-15T13:54:48+00:00","dateModified":"2024-10-15T14:48:41+00:00","description":"Groupes \u00e9lectrog\u00e8nes \u00e0 batteries et g\u00e9n\u00e9rateurs \u00e9lectriques portables. PowerTech propose des solutions innovantes utilisant des batteries lithium-ion hautes performances","breadcrumb":{"@id":"https:\/\/www.powertechsystems.eu\/applications\/portable-energy\/portable-power-supply\/#breadcrumb"},"inLanguage":"fr-FR","potentialAction":[{"@type":"ReadAction","target":["https:\/\/www.powertechsystems.eu\/applications\/portable-energy\/portable-power-supply\/"]}]},{"@type":"BreadcrumbList","@id":"https:\/\/www.powertechsystems.eu\/applications\/portable-energy\/portable-power-supply\/#breadcrumb","itemListElement":[{"@type":"ListItem","position":1,"name":"Lithium-Ion Applications","item":"https:\/\/www.powertechsystems.eu\/applications\/"},{"@type":"ListItem","position":2,"name":"Portable Energy","item":"https:\/\/www.powertechsystems.eu\/applications\/portable-energy\/"},{"@type":"ListItem","position":3,"name":"Portable power supply"}]},{"@type":"WebSite","@id":"https:\/\/www.powertechsystems.eu\/#website","url":"https:\/\/www.powertechsystems.eu\/","name":"PowerTech Systems","description":"Syst\u00e8mes avanc\u00e9s de stockage de l'\u00e9nergie","publisher":{"@id":"https:\/\/www.powertechsystems.eu\/#organization"},"potentialAction":[{"@type":"SearchAction","target":{"@type":"EntryPoint","urlTemplate":"https:\/\/www.powertechsystems.eu\/?s={search_term_string}"},"query-input":{"@type":"PropertyValueSpecification","valueRequired":true,"valueName":"search_term_string"}}],"inLanguage":"fr-FR"},{"@type":"Organization","@id":"https:\/\/www.powertechsystems.eu\/#organization","name":"PowerTech Systems","alternateName":"PowerTech Systems","url":"https:\/\/www.powertechsystems.eu\/","logo":{"@type":"ImageObject","inLanguage":"fr-FR","@id":"https:\/\/www.powertechsystems.eu\/#\/schema\/logo\/image\/","url":"https:\/\/www.powertechsystems.eu\/wp-content\/uploads\/sites\/2\/2016\/09\/Logo-PTS.jpg","contentUrl":"https:\/\/www.powertechsystems.eu\/wp-content\/uploads\/sites\/2\/2016\/09\/Logo-PTS.jpg","width":499,"height":500,"caption":"PowerTech Systems"},"image":{"@id":"https:\/\/www.powertechsystems.eu\/#\/schema\/logo\/image\/"},"sameAs":["https:\/\/www.linkedin.com\/company\/powertech-systems-sas\/"]}]}},"_links":{"self":[{"href":"https:\/\/www.powertechsystems.eu\/fr\/wp-json\/wp\/v2\/pages\/68","targetHints":{"allow":["GET"]}}],"collection":[{"href":"https:\/\/www.powertechsystems.eu\/fr\/wp-json\/wp\/v2\/pages"}],"about":[{"href":"https:\/\/www.powertechsystems.eu\/fr\/wp-json\/wp\/v2\/types\/page"}],"author":[{"embeddable":true,"href":"https:\/\/www.powertechsystems.eu\/fr\/wp-json\/wp\/v2\/users\/1"}],"replies":[{"embeddable":true,"href":"https:\/\/www.powertechsystems.eu\/fr\/wp-json\/wp\/v2\/comments?post=68"}],"version-history":[{"count":0,"href":"https:\/\/www.powertechsystems.eu\/fr\/wp-json\/wp\/v2\/pages\/68\/revisions"}],"up":[{"embeddable":true,"href":"https:\/\/www.powertechsystems.eu\/fr\/wp-json\/wp\/v2\/pages\/8076"}],"wp:attachment":[{"href":"https:\/\/www.powertechsystems.eu\/fr\/wp-json\/wp\/v2\/media?parent=68"}],"curies":[{"name":"wp","href":"https:\/\/api.w.org\/{rel}","templated":true}]}}